{"id":448,"date":"2023-04-18T12:01:42","date_gmt":"2023-04-18T10:01:42","guid":{"rendered":"https:\/\/e-zfk.pl\/shop\/bez-kategorii\/mn-91-136-wiertarko-wkretarka-18v-15v\/"},"modified":"2023-06-20T09:36:19","modified_gmt":"2023-06-20T07:36:19","slug":"mn-91-136-wiertarko-wkretarka-18v-15v","status":"publish","type":"product","link":"https:\/\/e-zfk.pl\/de\/shop\/sprzet-budowlany\/modeco-expert\/mn-91-136-wiertarko-wkretarka-18v-15v\/","title":{"rendered":"MN-91-136 18V 1,5V BOHRMASCHINE\/SCHRAUBER"},"content":{"rendered":"<h3>Merkmale und Vorteile<\/h3>\n<ul class=\"style-check\">\n<li>Elektrowerkzeug kompatibel mit Modeco System 18V-Akkus<\/li>\n<li>Einh\u00fclsen-Bohrfutter 10 mm<\/li>\n<li>Zwei G\u00e4nge zur Anpassung von Geschwindigkeit und Drehmoment an die jeweilige Aufgabe<\/li>\n<li>20 Einstellpositionen der Kupplung erm\u00f6glichen eine optimale Auswahl des Drehmoments f\u00fcr das Verschrauben von Schrauben und Bolzen verschiedener Gr\u00f6\u00dfen je nach Untergrund<\/li>\n<li>Ergonomisch angeordneter Rechts-\/Linkslauf-Schalter f\u00fcr bequemen und schnellen Wechsel zwischen Verschrauben und L\u00f6sen<\/li>\n<li>Elektronischer Schutz schaltet das Ger\u00e4t ab, wenn der Bohrer im Material stecken bleibt, um den Benutzer und das Ger\u00e4t (Motor und Akku) zu sch\u00fctzen<\/li>\n<li>LED beleuchtet den Arbeitsbereich<\/li>\n<li>Der G\u00fcrtelclip zum Aufh\u00e4ngen des Schraubendrehers erleichtert das Arbeiten in Bereichen, in denen es nicht m\u00f6glich ist, das Ger\u00e4t abzustellen.<\/li>\n<li>Kann auf der rechten oder linken Seite des Ger\u00e4ts f\u00fcr Rechts- und Linksh\u00e4nder montiert werden<\/li>\n<li>Gummierter, konturierter Griff erh\u00f6ht die Griffigkeit und den Komfort Bequemes und leichtes Design reduziert die Erm\u00fcdung bei l\u00e4ngerem Arbeiten und erm\u00f6glicht eine komfortable Einhandbedienung<\/li>\n<li>Die Zahnr\u00e4der des Planetengetriebes sind aus hochwertigem Stahl gefertigt, was sich in einer langen Lebensdauer niederschl\u00e4gt<\/li>\n<li>Inklusive 1,5Ah Li-Ion-Akku und Schnellladeger\u00e4t (30 min) f\u00fcr unterbrechungsfreien Betrieb<\/li>\n<li>Der Koffer erm\u00f6glicht den einfachen Transport und die bequeme Aufbewahrung des Ger\u00e4ts und des gesamten Zubeh\u00f6rs<\/li>\n<li><a href=\"https:\/\/e-zfk.pl\/wp-content\/uploads\/2023\/04\/138405.MODECO-EXPERT.PL_.MN-91-136-CORDLESS-DRILL-DRIVER-18V-22NM.pdf\">PRODUKTKARTE<\/a><\/li>\n<\/ul>","protected":false},"excerpt":{"rendered":"<p>BOHRER\/TREIBER<\/p>","protected":false},"featured_media":1570,"comment_status":"closed","ping_status":"closed","template":"","meta":{"om_disable_all_campaigns":false,"inline_featured_image":false,"_monsterinsights_skip_tracking":false,"_monsterinsights_sitenote_active":false,"_monsterinsights_sitenote_note":"","_monsterinsights_sitenote_category":0,"_uf_show_specific_survey":0,"_uf_disable_surveys":false},"product_cat":[27,16],"product_tag":[],"class_list":["post-448","product","type-product","status-publish","has-post-thumbnail","hentry","product_cat-modeco-expert","product_cat-sprzet-budowlany"],"aioseo_notices":[],"_links":{"self":[{"href":"https:\/\/e-zfk.pl\/de\/wp-json\/wp\/v2\/product\/448","targetHints":{"allow":["GET"]}}],"collection":[{"href":"https:\/\/e-zfk.pl\/de\/wp-json\/wp\/v2\/product"}],"about":[{"href":"https:\/\/e-zfk.pl\/de\/wp-json\/wp\/v2\/types\/product"}],"replies":[{"embeddable":true,"href":"https:\/\/e-zfk.pl\/de\/wp-json\/wp\/v2\/comments?post=448"}],"wp:featuredmedia":[{"embeddable":true,"href":"https:\/\/e-zfk.pl\/de\/wp-json\/wp\/v2\/media\/1570"}],"wp:attachment":[{"href":"https:\/\/e-zfk.pl\/de\/wp-json\/wp\/v2\/media?parent=448"}],"wp:term":[{"taxonomy":"product_cat","embeddable":true,"href":"https:\/\/e-zfk.pl\/de\/wp-json\/wp\/v2\/product_cat?post=448"},{"taxonomy":"product_tag","embeddable":true,"href":"https:\/\/e-zfk.pl\/de\/wp-json\/wp\/v2\/product_tag?post=448"}],"curies":[{"name":"wp","href":"https:\/\/api.w.org\/{rel}","templated":true}]}}