{"id":449,"date":"2023-04-18T12:01:43","date_gmt":"2023-04-18T10:01:43","guid":{"rendered":"https:\/\/e-zfk.pl\/shop\/bez-kategorii\/mn-93-225-zyrafa-600w\/"},"modified":"2023-06-20T09:35:51","modified_gmt":"2023-06-20T07:35:51","slug":"mn-93-225-zyrafa-600w","status":"publish","type":"product","link":"https:\/\/e-zfk.pl\/de\/shop\/sprzet-budowlany\/modeco-expert\/mn-93-225-zyrafa-600w\/","title":{"rendered":"MN-93-225 GIRAFFE 600W"},"content":{"rendered":"<h3>Merkmale und Vorteile<\/h3>\n<ul class=\"style-check\">\n<li>Praktische klappbare Trockenbauschleifmaschine f\u00fcr das bequeme Schleifen von Decken und W\u00e4nden au\u00dferhalb der Reichweite des Bedieners<\/li>\n<li>Die \u00c4nderung der L\u00e4nge des Ger\u00e4ts dank der Teleskopkonstruktion (1100-1650 mm) erh\u00f6ht die Ergonomie und den Arbeitsbereich<\/li>\n<li>Die klappbare Ausf\u00fchrung des Schleifers und der mitgelieferte Transportkoffer sorgen f\u00fcr einen bequemen und sicheren Transport und Lagerung der Maschine<\/li>\n<li>Die Einstellung der Scheibendrehzahl erm\u00f6glicht die Anpassung der Geschwindigkeit an den zu bearbeitenden Untergrund und die Art der auszuf\u00fchrenden Arbeiten<\/li>\n<li>Durch die Klettbefestigung der Scheiben wird der Zeitaufwand f\u00fcr den Scheibenwechsel erheblich reduziert<\/li>\n<li>Das Staubabsaugsystem, das \u00fcber das mitgelieferte Rohr an den Staubsauger angeschlossen wird, sorgt f\u00fcr weniger Staub im Raum und bessere Arbeitsbedingungen<\/li>\n<li>Der untere Griff kann w\u00e4hrend des Betriebs an den Werkzeugg\u00fcrtel geklippt werden, was die H\u00e4nde des Bedieners entlastet und die Erm\u00fcdung deutlich verringert.<\/li>\n<li>Die B\u00fcrste um die Arbeitsscheibe verhindert das Austreten von Staub und reduziert die Besch\u00e4digung der zu schleifenden Oberfl\u00e4che<\/li>\n<li>Die Konstruktion der Arbeitsscheibe mit Scharniermotor erm\u00f6glicht eine gleichm\u00e4\u00dfige Anhaftung der Scheibe an das zu schleifende Material<\/li>\n<li>Direkt vom Motor angetriebene Scheibe erh\u00f6ht die Lebensdauer der Maschine<\/li>\n<li>Das 4 Meter lange Stromkabel garantiert einen gro\u00dfen Arbeitsbereich, ohne dass die Stromquelle mitgef\u00fchrt werden muss<\/li>\n<li>Red Plug Service garantiert eine schnelle Reparatur eines defekten Werkzeugs dank kostenlosem Kurierversand vom und zum Kunden<\/li>\n<li><a href=\"https:\/\/e-zfk.pl\/wp-content\/uploads\/2023\/04\/68289.MODECO-EXPERT2.PL_.MN-93-225-DRYWALL-SANDER-600-W-225-MM.pdf\">PRODUKTKARTE<\/a><\/li>\n<\/ul>","protected":false},"excerpt":{"rendered":"<p>GIPSKARTONSCHLEIFMASCHINE<\/p>","protected":false},"featured_media":1569,"comment_status":"closed","ping_status":"closed","template":"","meta":{"om_disable_all_campaigns":false,"inline_featured_image":false,"_monsterinsights_skip_tracking":false,"_monsterinsights_sitenote_active":false,"_monsterinsights_sitenote_note":"","_monsterinsights_sitenote_category":0,"_uf_show_specific_survey":0,"_uf_disable_surveys":false},"product_cat":[27,16],"product_tag":[],"class_list":["post-449","product","type-product","status-publish","has-post-thumbnail","hentry","product_cat-modeco-expert","product_cat-sprzet-budowlany"],"aioseo_notices":[],"_links":{"self":[{"href":"https:\/\/e-zfk.pl\/de\/wp-json\/wp\/v2\/product\/449","targetHints":{"allow":["GET"]}}],"collection":[{"href":"https:\/\/e-zfk.pl\/de\/wp-json\/wp\/v2\/product"}],"about":[{"href":"https:\/\/e-zfk.pl\/de\/wp-json\/wp\/v2\/types\/product"}],"replies":[{"embeddable":true,"href":"https:\/\/e-zfk.pl\/de\/wp-json\/wp\/v2\/comments?post=449"}],"wp:featuredmedia":[{"embeddable":true,"href":"https:\/\/e-zfk.pl\/de\/wp-json\/wp\/v2\/media\/1569"}],"wp:attachment":[{"href":"https:\/\/e-zfk.pl\/de\/wp-json\/wp\/v2\/media?parent=449"}],"wp:term":[{"taxonomy":"product_cat","embeddable":true,"href":"https:\/\/e-zfk.pl\/de\/wp-json\/wp\/v2\/product_cat?post=449"},{"taxonomy":"product_tag","embeddable":true,"href":"https:\/\/e-zfk.pl\/de\/wp-json\/wp\/v2\/product_tag?post=449"}],"curies":[{"name":"wp","href":"https:\/\/api.w.org\/{rel}","templated":true}]}}