{"id":468,"date":"2023-04-18T12:02:18","date_gmt":"2023-04-18T10:02:18","guid":{"rendered":"https:\/\/e-zfk.pl\/shop\/bez-kategorii\/poziomica-modeco-60cm\/"},"modified":"2023-06-14T11:38:22","modified_gmt":"2023-06-14T09:38:22","slug":"poziomica-modeco-60cm","status":"publish","type":"product","link":"https:\/\/e-zfk.pl\/de\/shop\/narzedzia-reczne\/poziomice\/poziomica-modeco-60cm\/","title":{"rendered":"MODECO WASSERWAAGE 60CM"},"content":{"rendered":"<h3>Merkmale und Vorteile<\/h3>\n<ul class=\"style-check\">\n<li>Messgenauigkeit von bis zu 0,4 mm\/m.<\/li>\n<li>Sehr gutes Preis-Leistungs-Verh\u00e4ltnis und Funktionalit\u00e4t.<\/li>\n<li>Die polnische Produktion garantiert h\u00f6chste Pr\u00e4zision und Wiederholbarkeit.<\/li>\n<li>Alle Produkte sind hinsichtlich Qualit\u00e4t und Leistung zertifiziert.<\/li>\n<li>2 Fl\u00e4schchen mit vertikaler und horizontaler Ausrichtung.<\/li>\n<li>Scharfkantige Libellen aus hochwertigem Acrylglas lassen sich einfach und schnell von Schmutz befreien.<\/li>\n<li>Eine pulverbeschichtete Oberfl\u00e4che sch\u00fctzt die Aluminium-Wasserwaage und bildet eine verschlei\u00dffeste Schutzschicht.<\/li>\n<li>SHOCK PROTECT Seitenstossd\u00e4mpfer, um die Aufprallkraft bei einem vertikalen Sturz zu absorbieren.<\/li>\n<li><a href=\"https:\/\/e-zfk.pl\/wp-content\/uploads\/2023\/04\/137523.MODECO-EXPERT.PL_.MN-70-50-PAINTED-LEVEL90\u00b0-0\u00b0-DIP-23-SHOCK-PROTEKT-EXPERT.pdf\">PRODUKTKARTE<\/a><\/li>\n<\/ul>","protected":false},"excerpt":{"rendered":"<p>POSITIV<\/p>","protected":false},"featured_media":1542,"comment_status":"closed","ping_status":"closed","template":"","meta":{"om_disable_all_campaigns":false,"inline_featured_image":false,"_monsterinsights_skip_tracking":false,"_monsterinsights_sitenote_active":false,"_monsterinsights_sitenote_note":"","_monsterinsights_sitenote_category":0,"_uf_show_specific_survey":0,"_uf_disable_surveys":false},"product_cat":[61,18],"product_tag":[],"class_list":["post-468","product","type-product","status-publish","has-post-thumbnail","hentry","product_cat-poziomice","product_cat-narzedzia-reczne"],"aioseo_notices":[],"_links":{"self":[{"href":"https:\/\/e-zfk.pl\/de\/wp-json\/wp\/v2\/product\/468","targetHints":{"allow":["GET"]}}],"collection":[{"href":"https:\/\/e-zfk.pl\/de\/wp-json\/wp\/v2\/product"}],"about":[{"href":"https:\/\/e-zfk.pl\/de\/wp-json\/wp\/v2\/types\/product"}],"replies":[{"embeddable":true,"href":"https:\/\/e-zfk.pl\/de\/wp-json\/wp\/v2\/comments?post=468"}],"wp:featuredmedia":[{"embeddable":true,"href":"https:\/\/e-zfk.pl\/de\/wp-json\/wp\/v2\/media\/1542"}],"wp:attachment":[{"href":"https:\/\/e-zfk.pl\/de\/wp-json\/wp\/v2\/media?parent=468"}],"wp:term":[{"taxonomy":"product_cat","embeddable":true,"href":"https:\/\/e-zfk.pl\/de\/wp-json\/wp\/v2\/product_cat?post=468"},{"taxonomy":"product_tag","embeddable":true,"href":"https:\/\/e-zfk.pl\/de\/wp-json\/wp\/v2\/product_tag?post=468"}],"curies":[{"name":"wp","href":"https:\/\/api.w.org\/{rel}","templated":true}]}}