{"id":470,"date":"2023-04-18T12:02:21","date_gmt":"2023-04-18T10:02:21","guid":{"rendered":"https:\/\/e-zfk.pl\/shop\/bez-kategorii\/pt-pdw-040-075-wiertlo-do-drewna-40mm-2szt\/"},"modified":"2023-06-14T11:35:56","modified_gmt":"2023-06-14T09:35:56","slug":"pt-pdw-040-075-wiertlo-do-drewna-40mm-2szt","status":"publish","type":"product","link":"https:\/\/e-zfk.pl\/de\/shop\/akcesoria-do-elektronarzedzi\/wiertla\/pt-pdw-040-075-wiertlo-do-drewna-40mm-2szt\/","title":{"rendered":"PT-PDW-040-075 HOLZBOHRER 4,0MM 2ST."},"content":{"rendered":"<p>Zwei Schneidmesser am Kopf garantieren glatte Kanten und Innenw\u00e4nde der L\u00f6cher<br \/>\nGeschliffene Spirale f\u00fcr pr\u00e4zises Bohren und saubere L\u00f6cher<br \/>\nHergestellt aus hochwertigem, geh\u00e4rtetem, legiertem Stahl f\u00fcr eine lange Lebensdauer<br \/>\nMit der Zentrierspitze k\u00f6nnen Sie mit dem Bohren beginnen, ohne dass der Bohrer abrutscht<\/p>\n<p>2 SEQUENZEN<\/p>","protected":false},"excerpt":{"rendered":"<p>HOLZBOHRER<\/p>","protected":false},"featured_media":1533,"comment_status":"closed","ping_status":"closed","template":"","meta":{"om_disable_all_campaigns":false,"inline_featured_image":false,"_monsterinsights_skip_tracking":false,"_monsterinsights_sitenote_active":false,"_monsterinsights_sitenote_note":"","_monsterinsights_sitenote_category":0,"_uf_show_specific_survey":0,"_uf_disable_surveys":false},"product_cat":[30,17],"product_tag":[],"class_list":["post-470","product","type-product","status-publish","has-post-thumbnail","hentry","product_cat-wiertla","product_cat-akcesoria-do-elektronarzedzi"],"aioseo_notices":[],"_links":{"self":[{"href":"https:\/\/e-zfk.pl\/de\/wp-json\/wp\/v2\/product\/470","targetHints":{"allow":["GET"]}}],"collection":[{"href":"https:\/\/e-zfk.pl\/de\/wp-json\/wp\/v2\/product"}],"about":[{"href":"https:\/\/e-zfk.pl\/de\/wp-json\/wp\/v2\/types\/product"}],"replies":[{"embeddable":true,"href":"https:\/\/e-zfk.pl\/de\/wp-json\/wp\/v2\/comments?post=470"}],"wp:featuredmedia":[{"embeddable":true,"href":"https:\/\/e-zfk.pl\/de\/wp-json\/wp\/v2\/media\/1533"}],"wp:attachment":[{"href":"https:\/\/e-zfk.pl\/de\/wp-json\/wp\/v2\/media?parent=470"}],"wp:term":[{"taxonomy":"product_cat","embeddable":true,"href":"https:\/\/e-zfk.pl\/de\/wp-json\/wp\/v2\/product_cat?post=470"},{"taxonomy":"product_tag","embeddable":true,"href":"https:\/\/e-zfk.pl\/de\/wp-json\/wp\/v2\/product_tag?post=470"}],"curies":[{"name":"wp","href":"https:\/\/api.w.org\/{rel}","templated":true}]}}