{"id":480,"date":"2023-04-18T12:02:39","date_gmt":"2023-04-18T10:02:39","guid":{"rendered":"https:\/\/e-zfk.pl\/shop\/bez-kategorii\/rekawice-55-l\/"},"modified":"2023-06-13T10:46:28","modified_gmt":"2023-06-13T08:46:28","slug":"rekawice-55-l","status":"publish","type":"product","link":"https:\/\/e-zfk.pl\/de\/shop\/bhp\/rekawice\/rekawice-55-l\/","title":{"rendered":"HANDSCHUH \"55\" L"},"content":{"rendered":"<h3 class=\"cYellow m-b-10\"><strong>Arbeitshandschuhe Serie 54 CE<\/strong><\/h3>\n<p>&nbsp;<\/p>\n<p>Handfl\u00e4che aus Kunstleder, gef\u00fcllt mit sto\u00dfabsorbierendem Schaumstoff, verst\u00e4rkte Daumen- und Fingereins\u00e4tze. Klettverschluss.<\/p>\n<p>Anwendung:<\/p>\n<ul>\n<li>Bauwesen<\/li>\n<li>Mechanischer Dienst<\/li>\n<li>Lagerhaltung und Transport<\/li>\n<li>Externe Renovierungsarbeiten<\/li>\n<\/ul>\n<p>&nbsp;<\/p>\n<p>Eigenschaften:<\/p>\n<ul>\n<li>sto\u00dfd\u00e4mpfend<\/li>\n<li>flexibel\/bequem<\/li>\n<li>fester Griff<\/li>\n<li>atmungsaktiv<\/li>\n<\/ul>\n<p>&nbsp;<\/p>\n<h2>Zweck:<\/h2>\n<p>Handschutz<\/p>","protected":false},"excerpt":{"rendered":"<p>HANDSCHUHE<\/p>","protected":false},"featured_media":2048,"comment_status":"closed","ping_status":"closed","template":"","meta":{"om_disable_all_campaigns":false,"inline_featured_image":false,"_monsterinsights_skip_tracking":false,"_monsterinsights_sitenote_active":false,"_monsterinsights_sitenote_note":"","_monsterinsights_sitenote_category":0,"_uf_show_specific_survey":0,"_uf_disable_surveys":false},"product_cat":[46,59],"product_tag":[],"class_list":["post-480","product","type-product","status-publish","has-post-thumbnail","hentry","product_cat-bhp","product_cat-rekawice"],"aioseo_notices":[],"_links":{"self":[{"href":"https:\/\/e-zfk.pl\/de\/wp-json\/wp\/v2\/product\/480","targetHints":{"allow":["GET"]}}],"collection":[{"href":"https:\/\/e-zfk.pl\/de\/wp-json\/wp\/v2\/product"}],"about":[{"href":"https:\/\/e-zfk.pl\/de\/wp-json\/wp\/v2\/types\/product"}],"replies":[{"embeddable":true,"href":"https:\/\/e-zfk.pl\/de\/wp-json\/wp\/v2\/comments?post=480"}],"wp:featuredmedia":[{"embeddable":true,"href":"https:\/\/e-zfk.pl\/de\/wp-json\/wp\/v2\/media\/2048"}],"wp:attachment":[{"href":"https:\/\/e-zfk.pl\/de\/wp-json\/wp\/v2\/media?parent=480"}],"wp:term":[{"taxonomy":"product_cat","embeddable":true,"href":"https:\/\/e-zfk.pl\/de\/wp-json\/wp\/v2\/product_cat?post=480"},{"taxonomy":"product_tag","embeddable":true,"href":"https:\/\/e-zfk.pl\/de\/wp-json\/wp\/v2\/product_tag?post=480"}],"curies":[{"name":"wp","href":"https:\/\/api.w.org\/{rel}","templated":true}]}}