{"id":482,"date":"2023-04-18T12:02:44","date_gmt":"2023-04-18T10:02:44","guid":{"rendered":"https:\/\/e-zfk.pl\/shop\/bez-kategorii\/rekawice-czerwone-unwersalne-10-xl\/"},"modified":"2023-06-13T10:46:08","modified_gmt":"2023-06-13T08:46:08","slug":"rekawice-czerwone-unwersalne-10-xl","status":"publish","type":"product","link":"https:\/\/e-zfk.pl\/de\/shop\/bhp\/rekawice\/rekawice-czerwone-unwersalne-10-xl\/","title":{"rendered":"ROTE UNVERSALE HANDSCHUHE 10\/XL"},"content":{"rendered":"<p>Anwendung:<\/p>\n<p>Pr\u00e4zisions- und Spezialarbeiten.<\/p>\n<p>Eigenschaften:<\/p>\n<p>Langlebig, leicht, atmungsaktiv, vielseitig einsetzbar - Lager, Transport, Service, Renovierung.<\/p>\n<p>Zweck:<\/p>\n<p>Handschutz.<\/p>\n<p>Sicherheitskategorie:<\/p>\n<p>Hergestellt in \u00dcbereinstimmung mit der Verordnung (EU) 2016\/425 des Europ\u00e4ischen Parlaments und den harmonisierten Normen EN 420:2003 und EN 388:2016 und klassifiziert als pers\u00f6nliche Schutzausr\u00fcstung der Kategorie II (SOI).<\/p>\n<p>Zweck:<br \/>\nHandschutz<\/p>\n<p>Material:<br \/>\nPolyester-Gestrick<\/p>","protected":false},"excerpt":{"rendered":"<p>HANDSCHUHE<\/p>","protected":false},"featured_media":2046,"comment_status":"closed","ping_status":"closed","template":"","meta":{"om_disable_all_campaigns":false,"inline_featured_image":false,"_monsterinsights_skip_tracking":false,"_monsterinsights_sitenote_active":false,"_monsterinsights_sitenote_note":"","_monsterinsights_sitenote_category":0,"_uf_show_specific_survey":0,"_uf_disable_surveys":false},"product_cat":[46,59],"product_tag":[],"class_list":["post-482","product","type-product","status-publish","has-post-thumbnail","hentry","product_cat-bhp","product_cat-rekawice"],"aioseo_notices":[],"_links":{"self":[{"href":"https:\/\/e-zfk.pl\/de\/wp-json\/wp\/v2\/product\/482","targetHints":{"allow":["GET"]}}],"collection":[{"href":"https:\/\/e-zfk.pl\/de\/wp-json\/wp\/v2\/product"}],"about":[{"href":"https:\/\/e-zfk.pl\/de\/wp-json\/wp\/v2\/types\/product"}],"replies":[{"embeddable":true,"href":"https:\/\/e-zfk.pl\/de\/wp-json\/wp\/v2\/comments?post=482"}],"wp:featuredmedia":[{"embeddable":true,"href":"https:\/\/e-zfk.pl\/de\/wp-json\/wp\/v2\/media\/2046"}],"wp:attachment":[{"href":"https:\/\/e-zfk.pl\/de\/wp-json\/wp\/v2\/media?parent=482"}],"wp:term":[{"taxonomy":"product_cat","embeddable":true,"href":"https:\/\/e-zfk.pl\/de\/wp-json\/wp\/v2\/product_cat?post=482"},{"taxonomy":"product_tag","embeddable":true,"href":"https:\/\/e-zfk.pl\/de\/wp-json\/wp\/v2\/product_tag?post=482"}],"curies":[{"name":"wp","href":"https:\/\/api.w.org\/{rel}","templated":true}]}}