{"id":483,"date":"2023-04-18T12:02:46","date_gmt":"2023-04-18T10:02:46","guid":{"rendered":"https:\/\/e-zfk.pl\/shop\/bez-kategorii\/rekawice-lateksowe-l-czerwone\/"},"modified":"2023-06-13T10:50:11","modified_gmt":"2023-06-13T08:50:11","slug":"rekawice-lateksowe-l-czerwone","status":"publish","type":"product","link":"https:\/\/e-zfk.pl\/de\/shop\/bhp\/rekawice\/rekawice-lateksowe-l-czerwone\/","title":{"rendered":"LATEXHANDSCHUHE L ROT"},"content":{"rendered":"<h3 class=\"cYellow m-b-10\"><strong>Bauhandschuhe Serie 89<\/strong><\/h3>\n<p>Faltenbeschichteter Latexhandschuh mit gestricktem, nahtlosem 13-Gewebe-Futter aus rotem Polyester.<\/p>\n<p>Anwendung:<\/p>\n<p>Bauwesen<\/p>\n<p>Eigenschaften:<\/p>\n<p>Langlebig, rutschfest - Speziallatexstruktur, f\u00fcr Mehrzweckarbeiten im Au\u00dfen- und Innenbereich - Lager, Transport, Service, Renovierung, Gartenarbeiten.<\/p>\n<p>Sicherheitskategorie: Hergestellt in \u00dcbereinstimmung mit der Verordnung (EU) 2016\/425 des Europ\u00e4ischen Parlaments und der harmonisierten Norm EN 21420:2020, eingestuft als pers\u00f6nliche Schutzausr\u00fcstung der Kategorie I, die nur bei minimalen Risiken Schutz bietet.<\/p>\n<h2>Zweck:<\/h2>\n<p>Handschutz<\/p>\n<h2>Material:<\/h2>\n<p>Polyester<\/p>","protected":false},"excerpt":{"rendered":"<p>HANDSCHUHE<\/p>","protected":false},"featured_media":2155,"comment_status":"closed","ping_status":"closed","template":"","meta":{"om_disable_all_campaigns":false,"inline_featured_image":false,"_monsterinsights_skip_tracking":false,"_monsterinsights_sitenote_active":false,"_monsterinsights_sitenote_note":"","_monsterinsights_sitenote_category":0,"_uf_show_specific_survey":0,"_uf_disable_surveys":false},"product_cat":[46,59],"product_tag":[],"class_list":["post-483","product","type-product","status-publish","has-post-thumbnail","hentry","product_cat-bhp","product_cat-rekawice"],"aioseo_notices":[],"_links":{"self":[{"href":"https:\/\/e-zfk.pl\/de\/wp-json\/wp\/v2\/product\/483","targetHints":{"allow":["GET"]}}],"collection":[{"href":"https:\/\/e-zfk.pl\/de\/wp-json\/wp\/v2\/product"}],"about":[{"href":"https:\/\/e-zfk.pl\/de\/wp-json\/wp\/v2\/types\/product"}],"replies":[{"embeddable":true,"href":"https:\/\/e-zfk.pl\/de\/wp-json\/wp\/v2\/comments?post=483"}],"wp:featuredmedia":[{"embeddable":true,"href":"https:\/\/e-zfk.pl\/de\/wp-json\/wp\/v2\/media\/2155"}],"wp:attachment":[{"href":"https:\/\/e-zfk.pl\/de\/wp-json\/wp\/v2\/media?parent=483"}],"wp:term":[{"taxonomy":"product_cat","embeddable":true,"href":"https:\/\/e-zfk.pl\/de\/wp-json\/wp\/v2\/product_cat?post=483"},{"taxonomy":"product_tag","embeddable":true,"href":"https:\/\/e-zfk.pl\/de\/wp-json\/wp\/v2\/product_tag?post=483"}],"curies":[{"name":"wp","href":"https:\/\/api.w.org\/{rel}","templated":true}]}}