{"id":485,"date":"2023-04-18T12:02:50","date_gmt":"2023-04-18T10:02:50","guid":{"rendered":"https:\/\/e-zfk.pl\/shop\/bez-kategorii\/rekawice-lateksowe-xl\/"},"modified":"2023-06-13T10:45:42","modified_gmt":"2023-06-13T08:45:42","slug":"rekawice-lateksowe-xl","status":"publish","type":"product","link":"https:\/\/e-zfk.pl\/de\/shop\/bhp\/rekawice\/rekawice-lateksowe-xl\/","title":{"rendered":"LATEX HANDSCHUHE XL"},"content":{"rendered":"<h3>Produktvorteile:<\/h3>\n<ul>\n<li>Die Handschuhe sind angepasst;<\/li>\n<li>Eine spezielle Beschichtung aus rauem Latex auf der Innenseite maximiert die Griffeffizienz;<\/li>\n<li>Ein Kordelzug am Handgelenk sorgt f\u00fcr einen perfekten Sitz in der Hand;<\/li>\n<li>Die Handschuhe sind nahtlos, wodurch die Gefahr des Einrei\u00dfens an den Verbindungsstellen verringert wird;<\/li>\n<li>F\u00fcr den allgemeinen Gebrauch konzipiert.<\/li>\n<\/ul>\n<p>Die rauen, latexbeschichteten Polyester-Strickhandschuhe von HARDY sind f\u00fcr eine Vielzahl von k\u00f6rperlichen Arbeiten konzipiert. Sie sch\u00fctzen die H\u00e4nde wirksam vor Sch\u00fcrfwunden und Schmutz.<\/p>","protected":false},"excerpt":{"rendered":"<p>LATEXHANDSCHUHE<\/p>","protected":false},"featured_media":2044,"comment_status":"closed","ping_status":"closed","template":"","meta":{"om_disable_all_campaigns":false,"inline_featured_image":false,"_monsterinsights_skip_tracking":false,"_monsterinsights_sitenote_active":false,"_monsterinsights_sitenote_note":"","_monsterinsights_sitenote_category":0,"_uf_show_specific_survey":0,"_uf_disable_surveys":false},"product_cat":[46,59],"product_tag":[],"class_list":["post-485","product","type-product","status-publish","has-post-thumbnail","hentry","product_cat-bhp","product_cat-rekawice"],"aioseo_notices":[],"_links":{"self":[{"href":"https:\/\/e-zfk.pl\/de\/wp-json\/wp\/v2\/product\/485","targetHints":{"allow":["GET"]}}],"collection":[{"href":"https:\/\/e-zfk.pl\/de\/wp-json\/wp\/v2\/product"}],"about":[{"href":"https:\/\/e-zfk.pl\/de\/wp-json\/wp\/v2\/types\/product"}],"replies":[{"embeddable":true,"href":"https:\/\/e-zfk.pl\/de\/wp-json\/wp\/v2\/comments?post=485"}],"wp:featuredmedia":[{"embeddable":true,"href":"https:\/\/e-zfk.pl\/de\/wp-json\/wp\/v2\/media\/2044"}],"wp:attachment":[{"href":"https:\/\/e-zfk.pl\/de\/wp-json\/wp\/v2\/media?parent=485"}],"wp:term":[{"taxonomy":"product_cat","embeddable":true,"href":"https:\/\/e-zfk.pl\/de\/wp-json\/wp\/v2\/product_cat?post=485"},{"taxonomy":"product_tag","embeddable":true,"href":"https:\/\/e-zfk.pl\/de\/wp-json\/wp\/v2\/product_tag?post=485"}],"curies":[{"name":"wp","href":"https:\/\/api.w.org\/{rel}","templated":true}]}}