{"id":487,"date":"2023-04-18T12:02:53","date_gmt":"2023-04-18T10:02:53","guid":{"rendered":"https:\/\/e-zfk.pl\/shop\/bez-kategorii\/rekawice-xl-wampirki\/"},"modified":"2023-06-13T10:41:47","modified_gmt":"2023-06-13T08:41:47","slug":"rekawice-xl-wampirki","status":"publish","type":"product","link":"https:\/\/e-zfk.pl\/de\/shop\/bhp\/rekawice\/rekawice-xl-wampirki\/","title":{"rendered":"HANDSCHUHE XL VAMPIRE"},"content":{"rendered":"<h3>Produktvorteile:<\/h3>\n<ul>\n<li>Die Handschuhe sind angepasst;<\/li>\n<li>Eine spezielle Beschichtung auf der Innenseite maximiert die Griffeffizienz;<\/li>\n<li>Ein Kordelzug am Handgelenk sorgt f\u00fcr einen perfekten Sitz in der Hand;<\/li>\n<li>Die Handschuhe sind nahtlos, wodurch die Gefahr des Einrei\u00dfens an den Verbindungsstellen verringert wird;<\/li>\n<li>Entwickelt f\u00fcr den allgemeinen GebrauchHARDYs latexbeschichtete Baumwoll- und Polyester-Strickhandschuhe sind das Produkt der Wahl f\u00fcr eine Vielzahl von k\u00f6rperlichen Arbeiten. Sie sch\u00fctzen die H\u00e4nde wirksam vor Sch\u00fcrfwunden und Schmutz.\n<ul>\n<li><b>Gr\u00f6\u00dfe:<\/b> XL<\/li>\n<li><b>Material:<\/b> Latexbeschichtetes Baumwollgestrick<\/li>\n<\/ul>\n<\/li>\n<\/ul>\n<p>&nbsp;<\/p>","protected":false},"excerpt":{"rendered":"<p>HANDSCHUHE<\/p>","protected":false},"featured_media":2042,"comment_status":"closed","ping_status":"closed","template":"","meta":{"om_disable_all_campaigns":false,"inline_featured_image":false,"_monsterinsights_skip_tracking":false,"_monsterinsights_sitenote_active":false,"_monsterinsights_sitenote_note":"","_monsterinsights_sitenote_category":0,"_uf_show_specific_survey":0,"_uf_disable_surveys":false},"product_cat":[46,59],"product_tag":[],"class_list":["post-487","product","type-product","status-publish","has-post-thumbnail","hentry","product_cat-bhp","product_cat-rekawice"],"aioseo_notices":[],"_links":{"self":[{"href":"https:\/\/e-zfk.pl\/de\/wp-json\/wp\/v2\/product\/487","targetHints":{"allow":["GET"]}}],"collection":[{"href":"https:\/\/e-zfk.pl\/de\/wp-json\/wp\/v2\/product"}],"about":[{"href":"https:\/\/e-zfk.pl\/de\/wp-json\/wp\/v2\/types\/product"}],"replies":[{"embeddable":true,"href":"https:\/\/e-zfk.pl\/de\/wp-json\/wp\/v2\/comments?post=487"}],"wp:featuredmedia":[{"embeddable":true,"href":"https:\/\/e-zfk.pl\/de\/wp-json\/wp\/v2\/media\/2042"}],"wp:attachment":[{"href":"https:\/\/e-zfk.pl\/de\/wp-json\/wp\/v2\/media?parent=487"}],"wp:term":[{"taxonomy":"product_cat","embeddable":true,"href":"https:\/\/e-zfk.pl\/de\/wp-json\/wp\/v2\/product_cat?post=487"},{"taxonomy":"product_tag","embeddable":true,"href":"https:\/\/e-zfk.pl\/de\/wp-json\/wp\/v2\/product_tag?post=487"}],"curies":[{"name":"wp","href":"https:\/\/api.w.org\/{rel}","templated":true}]}}