{"id":488,"date":"2023-04-18T12:02:56","date_gmt":"2023-04-18T10:02:56","guid":{"rendered":"https:\/\/e-zfk.pl\/shop\/bez-kategorii\/r-ff1-n-08l080-50szt\/"},"modified":"2023-06-13T10:37:37","modified_gmt":"2023-06-13T08:37:37","slug":"r-ff1-n-08l080-50szt","status":"publish","type":"product","link":"https:\/\/e-zfk.pl\/de\/shop\/materialy-budowlane\/montaz\/r-ff1-n-08l080-50szt\/","title":{"rendered":"R-FF1-N-08L080 - 50STK."},"content":{"rendered":"<h2>Merkmale und Vorteile<\/h2>\n<ul>\n<li>Rahmend\u00fcbel mit Trichter erm\u00f6glicht die Befestigung auf weichen Untergr\u00fcnden (z.B. Holz)<\/li>\n<li>Die spezielle Polyamidformulierung erm\u00f6glicht h\u00f6chste Leistungen in allen ETAG 020 Substratkategorien (A, B, C, D)<\/li>\n<li>Die Geometrie des Innenmantels ist an den Schraubenkopf angepasst<\/li>\n<li>Die D\u00fcbelkonstruktion bietet eine mehrachsige Verstrebung<\/li>\n<li><a href=\"https:\/\/e-zfk.pl\/wp-content\/uploads\/2023\/04\/6310.pdf\">PRODUKTKARTE<\/a><\/li>\n<\/ul>","protected":false},"excerpt":{"rendered":"<p>RAHMENKOLLAR<\/p>","protected":false},"featured_media":1492,"comment_status":"closed","ping_status":"closed","template":"","meta":{"om_disable_all_campaigns":false,"inline_featured_image":false,"_monsterinsights_skip_tracking":false,"_monsterinsights_sitenote_active":false,"_monsterinsights_sitenote_note":"","_monsterinsights_sitenote_category":0,"_uf_show_specific_survey":0,"_uf_disable_surveys":false},"product_cat":[25,56,15],"product_tag":[],"class_list":["post-488","product","type-product","status-publish","has-post-thumbnail","hentry","product_cat-montaz","product_cat-sruby-kotwy","product_cat-materialy-budowlane"],"aioseo_notices":[],"_links":{"self":[{"href":"https:\/\/e-zfk.pl\/de\/wp-json\/wp\/v2\/product\/488","targetHints":{"allow":["GET"]}}],"collection":[{"href":"https:\/\/e-zfk.pl\/de\/wp-json\/wp\/v2\/product"}],"about":[{"href":"https:\/\/e-zfk.pl\/de\/wp-json\/wp\/v2\/types\/product"}],"replies":[{"embeddable":true,"href":"https:\/\/e-zfk.pl\/de\/wp-json\/wp\/v2\/comments?post=488"}],"wp:featuredmedia":[{"embeddable":true,"href":"https:\/\/e-zfk.pl\/de\/wp-json\/wp\/v2\/media\/1492"}],"wp:attachment":[{"href":"https:\/\/e-zfk.pl\/de\/wp-json\/wp\/v2\/media?parent=488"}],"wp:term":[{"taxonomy":"product_cat","embeddable":true,"href":"https:\/\/e-zfk.pl\/de\/wp-json\/wp\/v2\/product_cat?post=488"},{"taxonomy":"product_tag","embeddable":true,"href":"https:\/\/e-zfk.pl\/de\/wp-json\/wp\/v2\/product_tag?post=488"}],"curies":[{"name":"wp","href":"https:\/\/api.w.org\/{rel}","templated":true}]}}