{"id":489,"date":"2023-04-18T12:02:58","date_gmt":"2023-04-18T10:02:58","guid":{"rendered":"https:\/\/e-zfk.pl\/shop\/bez-kategorii\/r-ff1-n-10k120-25szt\/"},"modified":"2023-06-13T10:37:25","modified_gmt":"2023-06-13T08:37:25","slug":"r-ff1-n-10k120-25szt","status":"publish","type":"product","link":"https:\/\/e-zfk.pl\/de\/shop\/materialy-budowlane\/montaz\/r-ff1-n-10k120-25szt\/","title":{"rendered":"R-FF1-N-10K120 - 25ST\u00dcCK"},"content":{"rendered":"<h2>Merkmale und Vorteile<\/h2>\n<ul>\n<li>Spezielle Korrosionsschutzbeschichtung Zinc Flake f\u00fcr erh\u00f6hte Korrosionsbest\u00e4ndigkeit<\/li>\n<li>Geflanschter Rahmend\u00fcbel f\u00fcr die Befestigung harter Materialien wie Stahl<\/li>\n<li>Die spezielle Polyamidformulierung erm\u00f6glicht h\u00f6chste Leistungen in allen ETAG 020 Substratkategorien (A, B, C, D)<\/li>\n<li>Die Geometrie des Innenmantels ist an den Schraubenkopf angepasst<\/li>\n<li>Die D\u00fcbelkonstruktion bietet eine mehrachsige Verstrebung<\/li>\n<li><a href=\"https:\/\/e-zfk.pl\/wp-content\/uploads\/2023\/04\/OOO486322.pdf\">PRODUKTKARTE<\/a><\/li>\n<\/ul>","protected":false},"excerpt":{"rendered":"<p>RAHMENKOLLAR<\/p>","protected":false},"featured_media":1496,"comment_status":"closed","ping_status":"closed","template":"","meta":{"om_disable_all_campaigns":false,"inline_featured_image":false,"_monsterinsights_skip_tracking":false,"_monsterinsights_sitenote_active":false,"_monsterinsights_sitenote_note":"","_monsterinsights_sitenote_category":0,"_uf_show_specific_survey":0,"_uf_disable_surveys":false},"product_cat":[25,56,15],"product_tag":[],"class_list":["post-489","product","type-product","status-publish","has-post-thumbnail","hentry","product_cat-montaz","product_cat-sruby-kotwy","product_cat-materialy-budowlane"],"aioseo_notices":[],"_links":{"self":[{"href":"https:\/\/e-zfk.pl\/de\/wp-json\/wp\/v2\/product\/489","targetHints":{"allow":["GET"]}}],"collection":[{"href":"https:\/\/e-zfk.pl\/de\/wp-json\/wp\/v2\/product"}],"about":[{"href":"https:\/\/e-zfk.pl\/de\/wp-json\/wp\/v2\/types\/product"}],"replies":[{"embeddable":true,"href":"https:\/\/e-zfk.pl\/de\/wp-json\/wp\/v2\/comments?post=489"}],"wp:featuredmedia":[{"embeddable":true,"href":"https:\/\/e-zfk.pl\/de\/wp-json\/wp\/v2\/media\/1496"}],"wp:attachment":[{"href":"https:\/\/e-zfk.pl\/de\/wp-json\/wp\/v2\/media?parent=489"}],"wp:term":[{"taxonomy":"product_cat","embeddable":true,"href":"https:\/\/e-zfk.pl\/de\/wp-json\/wp\/v2\/product_cat?post=489"},{"taxonomy":"product_tag","embeddable":true,"href":"https:\/\/e-zfk.pl\/de\/wp-json\/wp\/v2\/product_tag?post=489"}],"curies":[{"name":"wp","href":"https:\/\/api.w.org\/{rel}","templated":true}]}}