{"id":491,"date":"2023-04-18T12:03:01","date_gmt":"2023-04-18T10:03:01","guid":{"rendered":"https:\/\/e-zfk.pl\/shop\/bez-kategorii\/r-fsc-3525-wkrety-do-gk-tasma-1000szt-35x25\/"},"modified":"2023-06-13T10:35:51","modified_gmt":"2023-06-13T08:35:51","slug":"r-fsc-3525-wkrety-do-gk-tasma-1000szt-35x25","status":"publish","type":"product","link":"https:\/\/e-zfk.pl\/de\/shop\/materialy-budowlane\/montaz-gk\/r-fsc-3525-wkrety-do-gk-tasma-1000szt-35x25\/","title":{"rendered":"R-FSC-3525 -SCHRAUBEN F\u00dcR GIPSKARTONBAND 1000STK. 3,5X25"},"content":{"rendered":"<h2>Merkmale und Vorteile<\/h2>\n<ul>\n<li>\u00dcberlegenes Material und Ma\u00dfgenauigkeit des Streifens sorgen f\u00fcr gr\u00f6\u00dfere Steifigkeit und Stabilit\u00e4t beim Einf\u00fchren der Schraube in den Schraubendreher und minimieren das Risiko, dass die Schraube klemmt oder \u00fcberspringt<\/li>\n<li>Optimierte Schneckenspitzengeometrie garantiert hervorragende Bohrleistung<\/li>\n<li>Kein Vorbohren erforderlich<\/li>\n<li>Schwarzer, kohlenstoffarmer Stahl, galvanisch beschichtet f\u00fcr erh\u00f6hte Schraubenfestigkeit<\/li>\n<li>Trompetenkopf mit Antrieb PH2 f\u00fcr einen glatten Abschluss b\u00fcndig mit Gipskartonplatten<\/li>\n<li>1000 BL\u00c4TTER<\/li>\n<li><a href=\"https:\/\/e-zfk.pl\/wp-content\/uploads\/2023\/04\/484711.pdf\">PRODUKTKARTE<\/a><\/li>\n<\/ul>","protected":false},"excerpt":{"rendered":"<p>SCHRAUBEN AM G\u00dcRTEL<\/p>\n<p>&nbsp;<\/p>","protected":false},"featured_media":1487,"comment_status":"closed","ping_status":"closed","template":"","meta":{"om_disable_all_campaigns":false,"inline_featured_image":false,"_monsterinsights_skip_tracking":false,"_monsterinsights_sitenote_active":false,"_monsterinsights_sitenote_note":"","_monsterinsights_sitenote_category":0,"_uf_show_specific_survey":0,"_uf_disable_surveys":false},"product_cat":[51,56,15],"product_tag":[],"class_list":["post-491","product","type-product","status-publish","has-post-thumbnail","hentry","product_cat-montaz-gk","product_cat-sruby-kotwy","product_cat-materialy-budowlane"],"aioseo_notices":[],"_links":{"self":[{"href":"https:\/\/e-zfk.pl\/de\/wp-json\/wp\/v2\/product\/491","targetHints":{"allow":["GET"]}}],"collection":[{"href":"https:\/\/e-zfk.pl\/de\/wp-json\/wp\/v2\/product"}],"about":[{"href":"https:\/\/e-zfk.pl\/de\/wp-json\/wp\/v2\/types\/product"}],"replies":[{"embeddable":true,"href":"https:\/\/e-zfk.pl\/de\/wp-json\/wp\/v2\/comments?post=491"}],"wp:featuredmedia":[{"embeddable":true,"href":"https:\/\/e-zfk.pl\/de\/wp-json\/wp\/v2\/media\/1487"}],"wp:attachment":[{"href":"https:\/\/e-zfk.pl\/de\/wp-json\/wp\/v2\/media?parent=491"}],"wp:term":[{"taxonomy":"product_cat","embeddable":true,"href":"https:\/\/e-zfk.pl\/de\/wp-json\/wp\/v2\/product_cat?post=491"},{"taxonomy":"product_tag","embeddable":true,"href":"https:\/\/e-zfk.pl\/de\/wp-json\/wp\/v2\/product_tag?post=491"}],"curies":[{"name":"wp","href":"https:\/\/api.w.org\/{rel}","templated":true}]}}