{"id":497,"date":"2023-04-18T12:03:12","date_gmt":"2023-04-18T10:03:12","guid":{"rendered":"https:\/\/e-zfk.pl\/shop\/bez-kategorii\/r-isoplug80-4-kolek-do-styropianu-80mm-x4\/"},"modified":"2023-06-12T15:49:27","modified_gmt":"2023-06-12T13:49:27","slug":"r-isoplug80-4-kolek-do-styropianu-80mm-x4","status":"publish","type":"product","link":"https:\/\/e-zfk.pl\/de\/shop\/materialy-budowlane\/ocieplanie-budynku\/r-isoplug80-4-kolek-do-styropianu-80mm-x4\/","title":{"rendered":"R-ISOPLUG80\/4 STYROPOR D\u00dcBEL 80MM X4"},"content":{"rendered":"<h2>Merkmale und Vorteile<\/h2>\n<ul>\n<li>Das einzigartige Design der D\u00fcbeleintreibkammer funktioniert mit einem breiten Spektrum an Schraubendurchmessern, ohne die Schraubenl\u00e4ngen zu begrenzen<\/li>\n<li>Die einzigartige selbstbohrende Spitze erm\u00f6glicht eine pr\u00e4zise Installation durch jede Fassadenputzoberfl\u00e4che und sch\u00fctzt sie vor Oberfl\u00e4chenbesch\u00e4digungen<\/li>\n<li>Kein Verlust der W\u00e4rmedurchl\u00e4ssigkeit am Ankerpunkt.<\/li>\n<li>Die Schneidrippen an der Unterseite der Scheibe sorgen daf\u00fcr, dass der D\u00fcbel beim Ein- und Ausschrauben sicher im Untergrund verankert ist und die Oberfl\u00e4che des D\u00fcbels b\u00fcndig mit dem Untergrund abschlie\u00dft<\/li>\n<li>Die TX\/HEX-Steckschl\u00fcsseleins\u00e4tze sind so geformt, dass sie die Stabilit\u00e4t w\u00e4hrend des Schraubvorgangs durch Unterst\u00fctzung des Bitsitzes gew\u00e4hrleisten.<\/li>\n<li>Die \u00e4u\u00dfere Oberfl\u00e4che der Platte erm\u00f6glicht es, das Befestigungsloch zu verbergen, und sie f\u00fcgt sich gut in die Oberfl\u00e4che des Putzes ein, ohne einen Steppeffekt zu verursachen.<\/li>\n<li>Die Installation des Produkts erfolgt mit herk\u00f6mmlichen Bohrern und Werkzeugen.<\/li>\n<li><a href=\"https:\/\/e-zfk.pl\/wp-content\/uploads\/2023\/04\/484752.pdf\">PRODUKTKARTE<\/a><\/li>\n<\/ul>","protected":false},"excerpt":{"rendered":"<p>STYROFOAM STECKER<\/p>","protected":false},"featured_media":1297,"comment_status":"closed","ping_status":"closed","template":"","meta":{"om_disable_all_campaigns":false,"inline_featured_image":false,"_monsterinsights_skip_tracking":false,"_monsterinsights_sitenote_active":false,"_monsterinsights_sitenote_note":"","_monsterinsights_sitenote_category":0,"_uf_show_specific_survey":0,"_uf_disable_surveys":false},"product_cat":[25,22,15],"product_tag":[],"class_list":["post-497","product","type-product","status-publish","has-post-thumbnail","hentry","product_cat-montaz","product_cat-ocieplanie-budynku","product_cat-materialy-budowlane"],"aioseo_notices":[],"_links":{"self":[{"href":"https:\/\/e-zfk.pl\/de\/wp-json\/wp\/v2\/product\/497","targetHints":{"allow":["GET"]}}],"collection":[{"href":"https:\/\/e-zfk.pl\/de\/wp-json\/wp\/v2\/product"}],"about":[{"href":"https:\/\/e-zfk.pl\/de\/wp-json\/wp\/v2\/types\/product"}],"replies":[{"embeddable":true,"href":"https:\/\/e-zfk.pl\/de\/wp-json\/wp\/v2\/comments?post=497"}],"wp:featuredmedia":[{"embeddable":true,"href":"https:\/\/e-zfk.pl\/de\/wp-json\/wp\/v2\/media\/1297"}],"wp:attachment":[{"href":"https:\/\/e-zfk.pl\/de\/wp-json\/wp\/v2\/media?parent=497"}],"wp:term":[{"taxonomy":"product_cat","embeddable":true,"href":"https:\/\/e-zfk.pl\/de\/wp-json\/wp\/v2\/product_cat?post=497"},{"taxonomy":"product_tag","embeddable":true,"href":"https:\/\/e-zfk.pl\/de\/wp-json\/wp\/v2\/product_tag?post=497"}],"curies":[{"name":"wp","href":"https:\/\/api.w.org\/{rel}","templated":true}]}}