{"id":500,"date":"2023-04-18T12:03:17","date_gmt":"2023-04-18T10:03:17","guid":{"rendered":"https:\/\/e-zfk.pl\/shop\/bez-kategorii\/r-kfs-63\/"},"modified":"2023-06-12T15:49:01","modified_gmt":"2023-06-12T13:49:01","slug":"r-kfs-63","status":"publish","type":"product","link":"https:\/\/e-zfk.pl\/de\/shop\/materialy-budowlane\/ocieplanie-budynku\/r-kfs-63\/","title":{"rendered":"R-KFS-63 W\u00c4RMEISOLATIONSSCHNEIDER"},"content":{"rendered":"<h3>Merkmale und Vorteile<\/h3>\n<ul class=\"style-check\">\n<li>Die Pr\u00e4zisionsschneidkonstruktion erm\u00f6glicht eine einfache und effiziente Handhabung des Werkzeugs bei der Bearbeitung von Polystyrol und Mineralwolle.<\/li>\n<li>Der Einbau mit einem W\u00e4rmed\u00e4mmstoffd\u00fcbel reduziert den W\u00e4rmedurchgang und erm\u00f6glicht eine homogene Fassadenoberfl\u00e4che.<\/li>\n<li>Die Verwendung eines St\u00e4nders mit einem W\u00e4rmed\u00e4mmungsd\u00fcbel reduziert die erforderliche St\u00e4nderl\u00e4nge f\u00fcr eine bestimmte W\u00e4rmed\u00e4mmungsdicke und ist somit eine kosteng\u00fcnstige Anwendung.<\/li>\n<li><a href=\"https:\/\/e-zfk.pl\/wp-content\/uploads\/2023\/04\/145477.RAWLPLUG.PL_.R-KFS-63-COUNTERBORE-CUTTER.pdf\">Produktblatt<\/a><\/li>\n<\/ul>","protected":false},"excerpt":{"rendered":"<p>W\u00c4RMED\u00c4MMSCHNEIDER<\/p>","protected":false},"featured_media":1287,"comment_status":"closed","ping_status":"closed","template":"","meta":{"om_disable_all_campaigns":false,"inline_featured_image":false,"_monsterinsights_skip_tracking":false,"_monsterinsights_sitenote_active":false,"_monsterinsights_sitenote_note":"","_monsterinsights_sitenote_category":0,"_uf_show_specific_survey":0,"_uf_disable_surveys":false},"product_cat":[22,15],"product_tag":[],"class_list":["post-500","product","type-product","status-publish","has-post-thumbnail","hentry","product_cat-ocieplanie-budynku","product_cat-materialy-budowlane"],"aioseo_notices":[],"_links":{"self":[{"href":"https:\/\/e-zfk.pl\/de\/wp-json\/wp\/v2\/product\/500","targetHints":{"allow":["GET"]}}],"collection":[{"href":"https:\/\/e-zfk.pl\/de\/wp-json\/wp\/v2\/product"}],"about":[{"href":"https:\/\/e-zfk.pl\/de\/wp-json\/wp\/v2\/types\/product"}],"replies":[{"embeddable":true,"href":"https:\/\/e-zfk.pl\/de\/wp-json\/wp\/v2\/comments?post=500"}],"wp:featuredmedia":[{"embeddable":true,"href":"https:\/\/e-zfk.pl\/de\/wp-json\/wp\/v2\/media\/1287"}],"wp:attachment":[{"href":"https:\/\/e-zfk.pl\/de\/wp-json\/wp\/v2\/media?parent=500"}],"wp:term":[{"taxonomy":"product_cat","embeddable":true,"href":"https:\/\/e-zfk.pl\/de\/wp-json\/wp\/v2\/product_cat?post=500"},{"taxonomy":"product_tag","embeddable":true,"href":"https:\/\/e-zfk.pl\/de\/wp-json\/wp\/v2\/product_tag?post=500"}],"curies":[{"name":"wp","href":"https:\/\/api.w.org\/{rel}","templated":true}]}}