{"id":503,"date":"2023-04-18T12:03:23","date_gmt":"2023-04-18T10:03:23","guid":{"rendered":"https:\/\/e-zfk.pl\/shop\/bez-kategorii\/r-lx-14x115-hf-zf-wkret-do-betonu-m14x115mm-20-szt\/"},"modified":"2023-06-12T15:48:43","modified_gmt":"2023-06-12T13:48:43","slug":"r-lx-14x115-hf-zf-wkret-do-betonu-m14x115mm-20-szt","status":"publish","type":"product","link":"https:\/\/e-zfk.pl\/de\/shop\/materialy-budowlane\/sruby-kotwy\/r-lx-14x115-hf-zf-wkret-do-betonu-m14x115mm-20-szt\/","title":{"rendered":"R-LX-14X115-HF-ZF BETONSCHRAUBE M14X115MM 20 STK"},"content":{"rendered":"<h2>Merkmale und Vorteile<\/h2>\n<ul>\n<li>Effiziente Montagezeit dank vereinfachtem Verfahren - einfach bohren und einschrauben<\/li>\n<li>Vollst\u00e4ndig zerlegbar<\/li>\n<li>Einzigartige Konstruktion mit patentiertem Gewinde bietet hohe Tragf\u00e4higkeit bei relativ kleinem Bohrungsdurchmesser<\/li>\n<li>Die geringe Spreizung, die f\u00fcr die Verankerung erforderlich ist, sorgt f\u00fcr ein geringes Risiko von Sch\u00e4den am Untergrund und macht R-LX ideal f\u00fcr die Verlegung in der N\u00e4he von Kanten und angrenzenden Verankerungen<\/li>\n<li>Spezielle Korrosionsschutzbeschichtung aus Zink-Aluminium f\u00fcr erh\u00f6hte Korrosionsbest\u00e4ndigkeit<\/li>\n<li>Hohe Leistung in gerissenem und ungerissenem Beton<\/li>\n<li>Verschiedene Kopftypen f\u00fcr eine breite Palette von Anwendungen<\/li>\n<li>\u00dcbergro\u00dfer Kopf f\u00fcr Bauteile mit elliptischen Bohrungen<\/li>\n<li>Ausgezeichnetes Produkt f\u00fcr die vor\u00fcbergehende Installation<\/li>\n<li>Kann in normaler oder reduzierter Tiefe verankert werden<\/li>\n<li>Betonschrauben k\u00f6nnen in erdbebengef\u00e4hrdeten Gebieten verwendet werden - seismische Kategorie C1 und C2<\/li>\n<li><a href=\"https:\/\/e-zfk.pl\/wp-content\/uploads\/2023\/04\/486565.pdf\">PRODUKTKARTE<\/a><\/li>\n<li>20 BL\u00c4TTER<\/li>\n<\/ul>","protected":false},"excerpt":{"rendered":"<p>BETONSCHRAUBE<\/p>","protected":false},"featured_media":1285,"comment_status":"closed","ping_status":"closed","template":"","meta":{"om_disable_all_campaigns":false,"inline_featured_image":false,"_monsterinsights_skip_tracking":false,"_monsterinsights_sitenote_active":false,"_monsterinsights_sitenote_note":"","_monsterinsights_sitenote_category":0,"_uf_show_specific_survey":0,"_uf_disable_surveys":false},"product_cat":[56,15],"product_tag":[],"class_list":["post-503","product","type-product","status-publish","has-post-thumbnail","hentry","product_cat-sruby-kotwy","product_cat-materialy-budowlane"],"aioseo_notices":[],"_links":{"self":[{"href":"https:\/\/e-zfk.pl\/de\/wp-json\/wp\/v2\/product\/503","targetHints":{"allow":["GET"]}}],"collection":[{"href":"https:\/\/e-zfk.pl\/de\/wp-json\/wp\/v2\/product"}],"about":[{"href":"https:\/\/e-zfk.pl\/de\/wp-json\/wp\/v2\/types\/product"}],"replies":[{"embeddable":true,"href":"https:\/\/e-zfk.pl\/de\/wp-json\/wp\/v2\/comments?post=503"}],"wp:featuredmedia":[{"embeddable":true,"href":"https:\/\/e-zfk.pl\/de\/wp-json\/wp\/v2\/media\/1285"}],"wp:attachment":[{"href":"https:\/\/e-zfk.pl\/de\/wp-json\/wp\/v2\/media?parent=503"}],"wp:term":[{"taxonomy":"product_cat","embeddable":true,"href":"https:\/\/e-zfk.pl\/de\/wp-json\/wp\/v2\/product_cat?post=503"},{"taxonomy":"product_tag","embeddable":true,"href":"https:\/\/e-zfk.pl\/de\/wp-json\/wp\/v2\/product_tag?post=503"}],"curies":[{"name":"wp","href":"https:\/\/api.w.org\/{rel}","templated":true}]}}