{"id":520,"date":"2023-04-18T12:03:56","date_gmt":"2023-04-18T10:03:56","guid":{"rendered":"https:\/\/e-zfk.pl\/shop\/bez-kategorii\/r-s3-ff1n10l120-4-kolek-ramowy-120mm\/"},"modified":"2023-05-16T13:31:07","modified_gmt":"2023-05-16T11:31:07","slug":"r-s3-ff1n10l120-4-kolek-ramowy-120mm","status":"publish","type":"product","link":"https:\/\/e-zfk.pl\/de\/shop\/materialy-budowlane\/montaz\/r-s3-ff1n10l120-4-kolek-ramowy-120mm\/","title":{"rendered":"R-S3-FF1N10L120\/4 RAHMEND\u00dcBEL 120MM"},"content":{"rendered":"<p>&nbsp;<\/p>\n<h2>Merkmale und Vorteile<\/h2>\n<ul>\n<li>Rahmend\u00fcbel mit Trichter erm\u00f6glicht die Befestigung auf weichen Untergr\u00fcnden (z.B. Holz)<\/li>\n<li>Die spezielle Polyamidformulierung erm\u00f6glicht h\u00f6chste Leistungen in allen ETAG 020 Substratkategorien (A, B, C, D)<\/li>\n<li>Die Geometrie des Innenmantels ist an den Schraubenkopf angepasst<\/li>\n<li>Die D\u00fcbelkonstruktion bietet eine mehrachsige Verstrebung<\/li>\n<\/ul>\n<p><a href=\"https:\/\/e-zfk.pl\/wp-content\/uploads\/2023\/04\/1637_rawlplug_pl_r_ff1_n_l_nylon_frame_fixing_countersunk_version_zinc_plated.pdf\">PRODUKTKARTE -1637_rawlplug_pl_r_ff1_n_l_nylon_frame_fixing_countersunk_version_zinc_plated<\/a><\/p>","protected":false},"excerpt":{"rendered":"<p>RAHMEND\u00dcBEL 120MM<\/p>","protected":false},"featured_media":1223,"comment_status":"closed","ping_status":"closed","template":"","meta":{"om_disable_all_campaigns":false,"inline_featured_image":false,"_monsterinsights_skip_tracking":false,"_monsterinsights_sitenote_active":false,"_monsterinsights_sitenote_note":"","_monsterinsights_sitenote_category":0,"_uf_show_specific_survey":0,"_uf_disable_surveys":false},"product_cat":[25,56,15],"product_tag":[],"class_list":["post-520","product","type-product","status-publish","has-post-thumbnail","hentry","product_cat-montaz","product_cat-sruby-kotwy","product_cat-materialy-budowlane"],"aioseo_notices":[],"_links":{"self":[{"href":"https:\/\/e-zfk.pl\/de\/wp-json\/wp\/v2\/product\/520","targetHints":{"allow":["GET"]}}],"collection":[{"href":"https:\/\/e-zfk.pl\/de\/wp-json\/wp\/v2\/product"}],"about":[{"href":"https:\/\/e-zfk.pl\/de\/wp-json\/wp\/v2\/types\/product"}],"replies":[{"embeddable":true,"href":"https:\/\/e-zfk.pl\/de\/wp-json\/wp\/v2\/comments?post=520"}],"wp:featuredmedia":[{"embeddable":true,"href":"https:\/\/e-zfk.pl\/de\/wp-json\/wp\/v2\/media\/1223"}],"wp:attachment":[{"href":"https:\/\/e-zfk.pl\/de\/wp-json\/wp\/v2\/media?parent=520"}],"wp:term":[{"taxonomy":"product_cat","embeddable":true,"href":"https:\/\/e-zfk.pl\/de\/wp-json\/wp\/v2\/product_cat?post=520"},{"taxonomy":"product_tag","embeddable":true,"href":"https:\/\/e-zfk.pl\/de\/wp-json\/wp\/v2\/product_tag?post=520"}],"curies":[{"name":"wp","href":"https:\/\/api.w.org\/{rel}","templated":true}]}}