{"id":532,"date":"2023-04-18T12:04:17","date_gmt":"2023-04-18T10:04:17","guid":{"rendered":"https:\/\/e-zfk.pl\/shop\/bez-kategorii\/r-sl-magk-02-akryl-do-plyt-gk\/"},"modified":"2023-05-07T22:34:44","modified_gmt":"2023-05-07T20:34:44","slug":"r-sl-magk-02-akryl-do-plyt-gk","status":"publish","type":"product","link":"https:\/\/e-zfk.pl\/de\/shop\/materialy-budowlane\/sylikony-akryle-kleje\/r-sl-magk-02-akryl-do-plyt-gk\/","title":{"rendered":"R-SL-MAGK-02 ACRYL F\u00dcR GIPSPLATTEN"},"content":{"rendered":"<h2>Merkmale und Vorteile<\/h2>\n<ul>\n<li>Speziell f\u00fcr Gipskartonfugen in Dachb\u00f6den<\/li>\n<li>Enth\u00e4lt keine sch\u00e4dlichen L\u00f6sungsmittel<\/li>\n<li>Elastisch-plastische Bindung, wasserfest nach Aush\u00e4rtung<\/li>\n<li>Nach der Aush\u00e4rtung f\u00fcr die Lackierung geeignet<\/li>\n<li>Geeignet f\u00fcr die meisten Bauuntergr\u00fcnde<\/li>\n<li>Nach dem Aush\u00e4rten ist es witterungsbest\u00e4ndig und f\u00fcr die Verwendung im Innen- und Au\u00dfenbereich konzipiert.<\/li>\n<\/ul>\n<div class=\"column\">\n<h2 class=\"wide\">Anwendungen<\/h2>\n<\/div>\n<ul id=\"applicationSection\" class=\"wide clearfix\">\n<li class=\"column column-25\">Verspachteln von Eck- und Dehnungsfugen in Fugen zwischen Gipskartonplatten und \u00e4hnlichen Ausbaumaterialien in Trockenbausystemen im Innenbereich.<\/li>\n<li class=\"column column-25\">Fugen zwischen Wandfliesen und Boden, Sockelleisten, Deckenleisten, abgeh\u00e4ngten Decken und Fensterb\u00e4nken.<\/li>\n<li class=\"column column-25\">Verbindung von Paneelen mit Rahmen, Fassadenplatten und Tischlerarbeiten.<\/li>\n<li class=\"column column-25\">F\u00fcllen von inneren Rissen, Rissen, Rissen in Gipsputz, Gipsbl\u00f6cken und vorgefertigten Elementen \u00e4hnlicher Art.<\/li>\n<\/ul>\n<div class=\"column\">\n<h2 class=\"wide\">Montageanleitung<\/h2>\n<\/div>\n<div class=\"column column-50\">\n<ol>\n<li>Reinigen Sie die Fuge. Die Oberfl\u00e4che, auf die das Acryl aufgetragen werden soll, muss sauber, frei von Staub, Schmutz, Fett, Rost, R\u00fcckst\u00e4nden alter Dichtungsmasse und anderen Substanzen sein, die die Haftung beeintr\u00e4chtigen.<\/li>\n<li>Bei stark saugenden Untergr\u00fcnden wird eine vorherige Grundierung mit Primer empfohlen. Vor dem Auftragen des Produkts wird ein Haftungstest auf dem verwendeten Untergrund empfohlen.<\/li>\n<li>Sichern Sie die Kanten mit Abdeckband, bevor Sie das Acryl auftragen.<\/li>\n<li>Schneiden Sie das Ende der Kartusche ab, so dass ein Teil des Gewindes des Applikators auf das Gewinde aufgeschraubt bleibt, und schneiden Sie es schr\u00e4g in einer Breite ab, die der herzustellenden Schwei\u00dfnaht entspricht.<\/li>\n<li>Mit Hand- oder Luftpistolen auftragen.<\/li>\n<li>Das aufgetragene Acryl kann mit einem Spachtel gegl\u00e4ttet werden, um das Silikon zu verteilen.<\/li>\n<li>Wischen Sie die Werkzeuge anschlie\u00dfend mit einem Papiertuch ab und waschen Sie sie mit Wasser.<\/li>\n<li>Das ausgeh\u00e4rtete Produkt - im Falle traditioneller Anwendungen - sollte mit Gips, Farbe usw. gesch\u00fctzt werden.<\/li>\n<\/ol>\n<p><a href=\"https:\/\/e-zfk.pl\/wp-content\/uploads\/2023\/04\/KARTA-PRODUKTU-R-SL-MAGK-02.pdf\">PRODUKTBLATT -R-SL-MAGK-02<\/a><\/p>\n<\/div>","protected":false},"excerpt":{"rendered":"<p id=\"Opis-produktu\">R-SL-MAGK Acryl-Gipskarton-Masse<\/p>","protected":false},"featured_media":1191,"comment_status":"closed","ping_status":"closed","template":"","meta":{"om_disable_all_campaigns":false,"inline_featured_image":false,"_monsterinsights_skip_tracking":false,"_monsterinsights_sitenote_active":false,"_monsterinsights_sitenote_note":"","_monsterinsights_sitenote_category":0,"_uf_show_specific_survey":0,"_uf_disable_surveys":false},"product_cat":[54,15],"product_tag":[],"class_list":["post-532","product","type-product","status-publish","has-post-thumbnail","hentry","product_cat-sylikony-akryle-kleje","product_cat-materialy-budowlane"],"aioseo_notices":[],"_links":{"self":[{"href":"https:\/\/e-zfk.pl\/de\/wp-json\/wp\/v2\/product\/532","targetHints":{"allow":["GET"]}}],"collection":[{"href":"https:\/\/e-zfk.pl\/de\/wp-json\/wp\/v2\/product"}],"about":[{"href":"https:\/\/e-zfk.pl\/de\/wp-json\/wp\/v2\/types\/product"}],"replies":[{"embeddable":true,"href":"https:\/\/e-zfk.pl\/de\/wp-json\/wp\/v2\/comments?post=532"}],"wp:featuredmedia":[{"embeddable":true,"href":"https:\/\/e-zfk.pl\/de\/wp-json\/wp\/v2\/media\/1191"}],"wp:attachment":[{"href":"https:\/\/e-zfk.pl\/de\/wp-json\/wp\/v2\/media?parent=532"}],"wp:term":[{"taxonomy":"product_cat","embeddable":true,"href":"https:\/\/e-zfk.pl\/de\/wp-json\/wp\/v2\/product_cat?post=532"},{"taxonomy":"product_tag","embeddable":true,"href":"https:\/\/e-zfk.pl\/de\/wp-json\/wp\/v2\/product_tag?post=532"}],"curies":[{"name":"wp","href":"https:\/\/api.w.org\/{rel}","templated":true}]}}