{"id":538,"date":"2023-04-18T12:04:28","date_gmt":"2023-04-18T10:04:28","guid":{"rendered":"https:\/\/e-zfk.pl\/shop\/bez-kategorii\/rt-awd-120-400\/"},"modified":"2023-05-07T21:58:24","modified_gmt":"2023-05-07T19:58:24","slug":"rt-awd-120-400","status":"publish","type":"product","link":"https:\/\/e-zfk.pl\/de\/shop\/akcesoria-do-elektronarzedzi\/wiertla\/rt-awd-120-400\/","title":{"rendered":"RT-AWD-120-400"},"content":{"rendered":"<div class=\"column column-50\">\n<h2>Merkmale und Vorteile<\/h2>\n<ul>\n<li>Die Geometrie des Bohrkopfes mit selbstf\u00fchrendem Gewindekonus erm\u00f6glicht eine durchg\u00e4ngige F\u00fchrung des Bohrers im Material<\/li>\n<li>Geschliffene Kopfkanten erm\u00f6glichen schnelles, kraftfreies Bohren<\/li>\n<li>Extra breite und tiefe Wendel erm\u00f6glicht den Abtransport gro\u00dfer Mengen von Abraum und erh\u00f6ht die Bohrgeschwindigkeit<\/li>\n<li>Hergestellt aus hochwertigem, geh\u00e4rtetem, legiertem Stahl f\u00fcr eine lange Lebensdauer<\/li>\n<li>Spulenprofil mit einfacher Nut f\u00fcr eine glattere Lochoberfl\u00e4che<\/li>\n<li>Sechskantiges Schaftende verhindert ein Drehen des Bohrers im Bohrfutter<\/li>\n<\/ul>\n<\/div>\n<div id=\"baseMaterials\" class=\"column column-50\">\n<h2>Substrat<\/h2>\n<ul id=\"approvedMaterials\" class=\"clearfix iconsUl\">\n<li class=\"column\"><img decoding=\"async\" title=\"Konstruktionsholz\" src=\"https:\/\/rwlcdn.azureedge.net\/products\/0005\/74\/thumb_473054_products_mini.png\" alt=\"Drewno konstrukcyjne\" \/>Konstruktionsholz<\/li>\n<li class=\"column\"><img decoding=\"async\" title=\"Holz\" src=\"https:\/\/rwlcdn.azureedge.net\/products\/0005\/73\/thumb_472242_products_mini.png\" alt=\"Drewno\" \/>Holz<\/li>\n<li class=\"column\"><img decoding=\"async\" title=\"Spanplatte\" src=\"https:\/\/rwlcdn.azureedge.net\/products\/0005\/74\/thumb_473042_products_mini.png\" alt=\"P\u0142yta wi\u00f3rowa\" \/>Spanplatte<\/li>\n<li class=\"column\"><img decoding=\"async\" title=\"Holzwerkstoffplatte\" src=\"https:\/\/rwlcdn.azureedge.net\/products\/0005\/74\/thumb_473049_products_mini.png\" alt=\"P\u0142yta drewnopochodna\" \/>Holzwerkstoffplatte<\/li>\n<\/ul>\n<\/div>\n<div class=\"column\">\n<h2 class=\"wide\">Anwendungen<\/h2>\n<\/div>\n<ul id=\"applicationSection\" class=\"wide clearfix\">\n<li class=\"column column-25\">Bohren von L\u00f6chern gro\u00dfen Durchmessers in Holz, Balken und Holzwerkstoffen<\/li>\n<\/ul>\n<p><a href=\"https:\/\/e-zfk.pl\/wp-content\/uploads\/2023\/04\/rt-awd-260-400.pdf\">PRODUKTBLATT RT- AWD-260-400<\/a><\/p>","protected":false},"excerpt":{"rendered":"<p>HOLZBOHRER<\/p>","protected":false},"featured_media":1173,"comment_status":"closed","ping_status":"closed","template":"","meta":{"om_disable_all_campaigns":false,"inline_featured_image":false,"_monsterinsights_skip_tracking":false,"_monsterinsights_sitenote_active":false,"_monsterinsights_sitenote_note":"","_monsterinsights_sitenote_category":0,"_uf_show_specific_survey":0,"_uf_disable_surveys":false},"product_cat":[30,17],"product_tag":[],"class_list":["post-538","product","type-product","status-publish","has-post-thumbnail","hentry","product_cat-wiertla","product_cat-akcesoria-do-elektronarzedzi"],"aioseo_notices":[],"_links":{"self":[{"href":"https:\/\/e-zfk.pl\/de\/wp-json\/wp\/v2\/product\/538","targetHints":{"allow":["GET"]}}],"collection":[{"href":"https:\/\/e-zfk.pl\/de\/wp-json\/wp\/v2\/product"}],"about":[{"href":"https:\/\/e-zfk.pl\/de\/wp-json\/wp\/v2\/types\/product"}],"replies":[{"embeddable":true,"href":"https:\/\/e-zfk.pl\/de\/wp-json\/wp\/v2\/comments?post=538"}],"wp:featuredmedia":[{"embeddable":true,"href":"https:\/\/e-zfk.pl\/de\/wp-json\/wp\/v2\/media\/1173"}],"wp:attachment":[{"href":"https:\/\/e-zfk.pl\/de\/wp-json\/wp\/v2\/media?parent=538"}],"wp:term":[{"taxonomy":"product_cat","embeddable":true,"href":"https:\/\/e-zfk.pl\/de\/wp-json\/wp\/v2\/product_cat?post=538"},{"taxonomy":"product_tag","embeddable":true,"href":"https:\/\/e-zfk.pl\/de\/wp-json\/wp\/v2\/product_tag?post=538"}],"curies":[{"name":"wp","href":"https:\/\/api.w.org\/{rel}","templated":true}]}}