{"id":568,"date":"2023-04-18T12:05:29","date_gmt":"2023-04-18T10:05:29","guid":{"rendered":"https:\/\/e-zfk.pl\/shop\/bez-kategorii\/rt-ddb-230-concret\/"},"modified":"2023-05-02T10:19:55","modified_gmt":"2023-05-02T08:19:55","slug":"rt-ddb-230-concret","status":"publish","type":"product","link":"https:\/\/e-zfk.pl\/de\/shop\/akcesoria-do-elektronarzedzi\/tarcze\/rt-ddb-230-concret\/","title":{"rendered":"RT-DDB-230 BETON"},"content":{"rendered":"<h3>Merkmale und Vorteile<\/h3>\n<ul class=\"style-check\">\n<li>Gleichm\u00e4\u00dfig verteilte Diamanten im Segment erm\u00f6glichen eine konstante Schnittleistung<\/li>\n<li>Hohes, 12 mm hohes Segment f\u00fcr l\u00e4ngere Arbeitszeiten<\/li>\n<li>Hochwertige Segmentverbindung zur Klinge erh\u00f6ht die Lebensdauer und Effizienz des Schnitts<\/li>\n<li>Kompensationsrillen zur K\u00fchlung der Scheiben erm\u00f6glichen den Betrieb ohne Wasserk\u00fchlung<\/li>\n<li>22,23 mm Innenbohrung erm\u00f6glicht die Verwendung mit allen auf dem Markt befindlichen Winkelschleifern<\/li>\n<\/ul>\n<p><a href=\"https:\/\/e-zfk.pl\/wp-content\/uploads\/2023\/04\/62098.RAWLPLUG.PL_.RT-DDB-DIAMOND-DISCS-CONCRETE-REGULAR-DIAMOND.pdf\">PRODUKTBLATT - SCHEIBEN BETON REGUL\u00c4RER DIAMANT<\/a><\/p>","protected":false},"excerpt":{"rendered":"<p>BETONSCHEIBE 230MM<\/p>","protected":false},"featured_media":1112,"comment_status":"closed","ping_status":"closed","template":"","meta":{"om_disable_all_campaigns":false,"inline_featured_image":false,"_monsterinsights_skip_tracking":false,"_monsterinsights_sitenote_active":false,"_monsterinsights_sitenote_note":"","_monsterinsights_sitenote_category":0,"_uf_show_specific_survey":0,"_uf_disable_surveys":false},"product_cat":[31,17],"product_tag":[],"class_list":["post-568","product","type-product","status-publish","has-post-thumbnail","hentry","product_cat-tarcze","product_cat-akcesoria-do-elektronarzedzi"],"aioseo_notices":[],"_links":{"self":[{"href":"https:\/\/e-zfk.pl\/de\/wp-json\/wp\/v2\/product\/568","targetHints":{"allow":["GET"]}}],"collection":[{"href":"https:\/\/e-zfk.pl\/de\/wp-json\/wp\/v2\/product"}],"about":[{"href":"https:\/\/e-zfk.pl\/de\/wp-json\/wp\/v2\/types\/product"}],"replies":[{"embeddable":true,"href":"https:\/\/e-zfk.pl\/de\/wp-json\/wp\/v2\/comments?post=568"}],"wp:featuredmedia":[{"embeddable":true,"href":"https:\/\/e-zfk.pl\/de\/wp-json\/wp\/v2\/media\/1112"}],"wp:attachment":[{"href":"https:\/\/e-zfk.pl\/de\/wp-json\/wp\/v2\/media?parent=568"}],"wp:term":[{"taxonomy":"product_cat","embeddable":true,"href":"https:\/\/e-zfk.pl\/de\/wp-json\/wp\/v2\/product_cat?post=568"},{"taxonomy":"product_tag","embeddable":true,"href":"https:\/\/e-zfk.pl\/de\/wp-json\/wp\/v2\/product_tag?post=568"}],"curies":[{"name":"wp","href":"https:\/\/api.w.org\/{rel}","templated":true}]}}