{"id":570,"date":"2023-04-18T12:05:32","date_gmt":"2023-04-18T10:05:32","guid":{"rendered":"https:\/\/e-zfk.pl\/shop\/bez-kategorii\/rt-ddc-125\/"},"modified":"2023-05-02T10:11:22","modified_gmt":"2023-05-02T08:11:22","slug":"rt-ddc-125","status":"publish","type":"product","link":"https:\/\/e-zfk.pl\/de\/shop\/akcesoria-do-elektronarzedzi\/tarcze\/rt-ddc-125\/","title":{"rendered":"RT-DDC-125"},"content":{"rendered":"<h3>Merkmale und Vorteile<\/h3>\n<ul class=\"style-check\">\n<li>Die spezielle Form des Diamantkranzes erm\u00f6glicht ein pr\u00e4zises und effizientes Schneiden des Materials<\/li>\n<li>Hoher Rand sorgt f\u00fcr l\u00e4ngere Arbeitszeiten<\/li>\n<li>D\u00fcnnes Scheibenprofil mit verst\u00e4rktem Zentrum f\u00fcr pr\u00e4zises Schneiden<\/li>\n<li>Ausgleichsl\u00f6cher zur K\u00fchlung der Scheiben erm\u00f6glichen Trocken- und Nassbearbeitung<\/li>\n<li>Hochwertige Felgen-\/Scheibenverbindung erh\u00f6ht die Lebensdauer<\/li>\n<li>Innenbohrungen von 22,23 mm und 25,4 mm erm\u00f6glichen die Verwendung mit allen auf dem Markt befindlichen Winkelschleifern und Tischschleifern<\/li>\n<\/ul>\n<p>&nbsp;<\/p>\n<p><a href=\"https:\/\/e-zfk.pl\/wp-content\/uploads\/2023\/04\/RT-DDC-125.pdf\">RT-DDC-125 -ERZEUGNISBLATT<\/a><\/p>","protected":false},"excerpt":{"rendered":"<p>KERAMISCHE SCHEIBE<\/p>","protected":false},"featured_media":1103,"comment_status":"closed","ping_status":"closed","template":"","meta":{"om_disable_all_campaigns":false,"inline_featured_image":false,"_monsterinsights_skip_tracking":false,"_monsterinsights_sitenote_active":false,"_monsterinsights_sitenote_note":"","_monsterinsights_sitenote_category":0,"_uf_show_specific_survey":0,"_uf_disable_surveys":false},"product_cat":[31,17],"product_tag":[],"class_list":["post-570","product","type-product","status-publish","has-post-thumbnail","hentry","product_cat-tarcze","product_cat-akcesoria-do-elektronarzedzi"],"aioseo_notices":[],"_links":{"self":[{"href":"https:\/\/e-zfk.pl\/de\/wp-json\/wp\/v2\/product\/570","targetHints":{"allow":["GET"]}}],"collection":[{"href":"https:\/\/e-zfk.pl\/de\/wp-json\/wp\/v2\/product"}],"about":[{"href":"https:\/\/e-zfk.pl\/de\/wp-json\/wp\/v2\/types\/product"}],"replies":[{"embeddable":true,"href":"https:\/\/e-zfk.pl\/de\/wp-json\/wp\/v2\/comments?post=570"}],"wp:featuredmedia":[{"embeddable":true,"href":"https:\/\/e-zfk.pl\/de\/wp-json\/wp\/v2\/media\/1103"}],"wp:attachment":[{"href":"https:\/\/e-zfk.pl\/de\/wp-json\/wp\/v2\/media?parent=570"}],"wp:term":[{"taxonomy":"product_cat","embeddable":true,"href":"https:\/\/e-zfk.pl\/de\/wp-json\/wp\/v2\/product_cat?post=570"},{"taxonomy":"product_tag","embeddable":true,"href":"https:\/\/e-zfk.pl\/de\/wp-json\/wp\/v2\/product_tag?post=570"}],"curies":[{"name":"wp","href":"https:\/\/api.w.org\/{rel}","templated":true}]}}