{"id":571,"date":"2023-04-18T12:05:34","date_gmt":"2023-04-18T10:05:34","guid":{"rendered":"https:\/\/e-zfk.pl\/shop\/bez-kategorii\/rt-ddc-230-ceramic\/"},"modified":"2023-05-01T23:56:56","modified_gmt":"2023-05-01T21:56:56","slug":"rt-ddc-230-ceramic","status":"publish","type":"product","link":"https:\/\/e-zfk.pl\/de\/shop\/akcesoria-do-elektronarzedzi\/tarcze\/rt-ddc-230-ceramic\/","title":{"rendered":"RT-DDC-230 KERAMIK"},"content":{"rendered":"<div class=\"column column-50\">\n<h2>Merkmale und Vorteile<\/h2>\n<ul>\n<li>Die spezielle Form des Diamantkranzes erm\u00f6glicht ein pr\u00e4zises und effizientes Schneiden des Materials<\/li>\n<li>Hoher Rand sorgt f\u00fcr l\u00e4ngere Arbeitszeiten<\/li>\n<li>D\u00fcnnes Scheibenprofil mit verst\u00e4rktem Zentrum f\u00fcr pr\u00e4zises Schneiden<\/li>\n<li>Ausgleichsl\u00f6cher zur K\u00fchlung der Scheiben erm\u00f6glichen Trocken- und Nassbearbeitung<\/li>\n<li>Hochwertige Felgen-\/Scheibenverbindung erh\u00f6ht die Lebensdauer<\/li>\n<li>Innenbohrungen von 22,23 mm und 25,4 mm erm\u00f6glichen die Verwendung mit allen auf dem Markt befindlichen Winkelschleifern und Tischschleifern<\/li>\n<\/ul>\n<\/div>\n<div id=\"baseMaterials\" class=\"column column-50\">\n<h2>Substrat<\/h2>\n<ul id=\"approvedMaterials\" class=\"clearfix iconsUl\">\n<li class=\"column\"><img decoding=\"async\" title=\"Gres\" src=\"https:\/\/www.rawlplug.com\/bundles\/applicationmain\/images\/noimg-270.png\" alt=\"no image\" \/>Gres<\/li>\n<li class=\"column\"><img decoding=\"async\" title=\"Terrakotta\" src=\"https:\/\/www.rawlplug.com\/bundles\/applicationmain\/images\/noimg-270.png\" alt=\"no image\" \/>Terrakotta<\/li>\n<li class=\"column\"><img decoding=\"async\" title=\"Fliese\" src=\"https:\/\/rwlcdn.azureedge.net\/products\/0005\/73\/thumb_472254_products_mini.png\" alt=\"Dach\u00f3wka\" \/>Fliese<\/li>\n<\/ul>\n<\/div>\n<div class=\"column\">\n<h2 class=\"wide\">Anwendungen<\/h2>\n<\/div>\n<ul id=\"applicationSection\" class=\"wide clearfix\">\n<li class=\"column column-25\">Pr\u00e4zisionsschneiden von Steingut, Terrakotta sowie Marmor- und Keramikfliesen<\/li>\n<li class=\"column column-25\">Geeignet f\u00fcr die Verwendung mit Winkelschleifern<\/li>\n<\/ul>","protected":false},"excerpt":{"rendered":"<h1 id=\"Opis-produktu\">Diamanttrennscheibe f\u00fcr Keramik<\/h1>","protected":false},"featured_media":1103,"comment_status":"closed","ping_status":"closed","template":"","meta":{"om_disable_all_campaigns":false,"inline_featured_image":false,"_monsterinsights_skip_tracking":false,"_monsterinsights_sitenote_active":false,"_monsterinsights_sitenote_note":"","_monsterinsights_sitenote_category":0,"_uf_show_specific_survey":0,"_uf_disable_surveys":false},"product_cat":[31,17],"product_tag":[],"class_list":["post-571","product","type-product","status-publish","has-post-thumbnail","hentry","product_cat-tarcze","product_cat-akcesoria-do-elektronarzedzi"],"aioseo_notices":[],"_links":{"self":[{"href":"https:\/\/e-zfk.pl\/de\/wp-json\/wp\/v2\/product\/571","targetHints":{"allow":["GET"]}}],"collection":[{"href":"https:\/\/e-zfk.pl\/de\/wp-json\/wp\/v2\/product"}],"about":[{"href":"https:\/\/e-zfk.pl\/de\/wp-json\/wp\/v2\/types\/product"}],"replies":[{"embeddable":true,"href":"https:\/\/e-zfk.pl\/de\/wp-json\/wp\/v2\/comments?post=571"}],"wp:featuredmedia":[{"embeddable":true,"href":"https:\/\/e-zfk.pl\/de\/wp-json\/wp\/v2\/media\/1103"}],"wp:attachment":[{"href":"https:\/\/e-zfk.pl\/de\/wp-json\/wp\/v2\/media?parent=571"}],"wp:term":[{"taxonomy":"product_cat","embeddable":true,"href":"https:\/\/e-zfk.pl\/de\/wp-json\/wp\/v2\/product_cat?post=571"},{"taxonomy":"product_tag","embeddable":true,"href":"https:\/\/e-zfk.pl\/de\/wp-json\/wp\/v2\/product_tag?post=571"}],"curies":[{"name":"wp","href":"https:\/\/api.w.org\/{rel}","templated":true}]}}