{"id":572,"date":"2023-04-18T12:05:37","date_gmt":"2023-04-18T10:05:37","guid":{"rendered":"https:\/\/e-zfk.pl\/shop\/bez-kategorii\/rt-dde-125\/"},"modified":"2023-05-01T23:51:29","modified_gmt":"2023-05-01T21:51:29","slug":"rt-dde-125","status":"publish","type":"product","link":"https:\/\/e-zfk.pl\/de\/shop\/akcesoria-do-elektronarzedzi\/tarcze\/rt-dde-125\/","title":{"rendered":"RT-DDE-125"},"content":{"rendered":"<div class=\"column column-50\">\n<h2>Merkmale und Vorteile<\/h2>\n<ul>\n<li>Durch die Diamantbeschichtung kann die Scheibe in vielen verschiedenen Materialien verwendet werden<\/li>\n<li>Seitenk\u00f6rnung verhindert, dass die Scheibe am Material klebt<\/li>\n<li>Hochwertige diamantbeschichtete S\u00e4geblattkombination f\u00fcr erh\u00f6hte Lebensdauer und Schnitteffizienz<\/li>\n<li>Rillen und Ausgleichsbohrungen zur K\u00fchlung der Scheiben erm\u00f6glichen den Betrieb ohne Wasserk\u00fchlung<\/li>\n<li>22,23 mm Innenbohrung erm\u00f6glicht die Verwendung mit allen auf dem Markt befindlichen Winkelschleifern<\/li>\n<\/ul>\n<\/div>\n<div id=\"baseMaterials\" class=\"column column-50\">\n<h2>Substrat<\/h2>\n<ul id=\"approvedMaterials\" class=\"clearfix iconsUl\">\n<li class=\"column\"><img decoding=\"async\" title=\"PVC-Profile\" src=\"https:\/\/rwlcdn.azureedge.net\/products\/0005\/73\/thumb_472065_products_mini.png\" alt=\"Profile z PCV\" \/>PVC-Profile<\/li>\n<li class=\"column\"><img decoding=\"async\" title=\"Gres\" src=\"https:\/\/www.rawlplug.com\/bundles\/applicationmain\/images\/noimg-270.png\" alt=\"no image\" \/>Gres<\/li>\n<li class=\"column\"><img decoding=\"async\" title=\"Nichteisenmetalle\" src=\"https:\/\/rwlcdn.azureedge.net\/products\/0005\/74\/thumb_473225_products_mini.png\" alt=\"Metale nie\u017celazne\" \/>Nichteisenmetalle<\/li>\n<\/ul>\n<\/div>\n<div class=\"column\">\n<h2 class=\"wide\">Anwendungen<\/h2>\n<\/div>\n<ul id=\"applicationSection\" class=\"wide clearfix\">\n<li class=\"column column-25\">Schneiden von verschiedenen Materialien wie Aluminium, Kupfer, Kunststoff<\/li>\n<li class=\"column column-25\">Geeignet f\u00fcr die Verwendung mit Winkelschleifern<\/li>\n<\/ul>","protected":false},"excerpt":{"rendered":"<p>Schneiden von verschiedenen Materialien wie Aluminium, Kupfer, Kunststoff<\/p>","protected":false},"featured_media":1099,"comment_status":"closed","ping_status":"closed","template":"","meta":{"om_disable_all_campaigns":false,"inline_featured_image":false,"_monsterinsights_skip_tracking":false,"_monsterinsights_sitenote_active":false,"_monsterinsights_sitenote_note":"","_monsterinsights_sitenote_category":0,"_uf_show_specific_survey":0,"_uf_disable_surveys":false},"product_cat":[31,17],"product_tag":[],"class_list":["post-572","product","type-product","status-publish","has-post-thumbnail","hentry","product_cat-tarcze","product_cat-akcesoria-do-elektronarzedzi"],"aioseo_notices":[],"_links":{"self":[{"href":"https:\/\/e-zfk.pl\/de\/wp-json\/wp\/v2\/product\/572","targetHints":{"allow":["GET"]}}],"collection":[{"href":"https:\/\/e-zfk.pl\/de\/wp-json\/wp\/v2\/product"}],"about":[{"href":"https:\/\/e-zfk.pl\/de\/wp-json\/wp\/v2\/types\/product"}],"replies":[{"embeddable":true,"href":"https:\/\/e-zfk.pl\/de\/wp-json\/wp\/v2\/comments?post=572"}],"wp:featuredmedia":[{"embeddable":true,"href":"https:\/\/e-zfk.pl\/de\/wp-json\/wp\/v2\/media\/1099"}],"wp:attachment":[{"href":"https:\/\/e-zfk.pl\/de\/wp-json\/wp\/v2\/media?parent=572"}],"wp:term":[{"taxonomy":"product_cat","embeddable":true,"href":"https:\/\/e-zfk.pl\/de\/wp-json\/wp\/v2\/product_cat?post=572"},{"taxonomy":"product_tag","embeddable":true,"href":"https:\/\/e-zfk.pl\/de\/wp-json\/wp\/v2\/product_tag?post=572"}],"curies":[{"name":"wp","href":"https:\/\/api.w.org\/{rel}","templated":true}]}}