{"id":573,"date":"2023-04-18T12:05:39","date_gmt":"2023-04-18T10:05:39","guid":{"rendered":"https:\/\/e-zfk.pl\/shop\/bez-kategorii\/rt-fdi-125-120-z120\/"},"modified":"2023-05-01T23:45:43","modified_gmt":"2023-05-01T21:45:43","slug":"rt-fdi-125-120-z120","status":"publish","type":"product","link":"https:\/\/e-zfk.pl\/de\/shop\/akcesoria-do-elektronarzedzi\/tarcze\/rt-fdi-125-120-z120\/","title":{"rendered":"RT-FDI-125\/120 Z120"},"content":{"rendered":"<div class=\"column column-50\">\n<h2>Merkmale und Vorteile<\/h2>\n<ul>\n<li>Hochwertiges, europ\u00e4isches Zirkoniumdioxidkorn erm\u00f6glicht das Schleifen von rostfreiem Stahl<\/li>\n<li>Hohe Konzentration von gleichm\u00e4\u00dfig verteilten Lamellen erh\u00f6ht die Lebensdauer und verbessert die Werkst\u00fcckqualit\u00e4t<\/li>\n<li>Hochwertige Verbindung zwischen den Lamellen erh\u00f6ht die Lebensdauer der R\u00e4der<\/li>\n<li>Verschiedene K\u00f6rnungen f\u00fcr den Feinschliff von Oberfl\u00e4chen<\/li>\n<li>Geeignet f\u00fcr den Trockenlauf ohne Wasserk\u00fchlung<\/li>\n<li>22,23 mm Innenbohrung erm\u00f6glicht die Verwendung mit allen auf dem Markt befindlichen Winkelschleifern<\/li>\n<li>Produktion in Polen garantiert hohe Qualit\u00e4t<\/li>\n<\/ul>\n<\/div>\n<div id=\"baseMaterials\" class=\"column column-50\">\n<h2>Substrat<\/h2>\n<ul id=\"approvedMaterials\" class=\"clearfix iconsUl\">\n<li class=\"column\"><img decoding=\"async\" title=\"Rostfreier Stahl\" src=\"https:\/\/rwlcdn.azureedge.net\/products\/0005\/73\/thumb_472530_products_mini.png\" alt=\"Stal nierdzewna\" \/>Rostfreier Stahl<\/li>\n<li class=\"column\"><img decoding=\"async\" title=\"Stahlprofil\" src=\"https:\/\/rwlcdn.azureedge.net\/products\/0005\/74\/thumb_473053_products_mini.png\" alt=\"Profil stalowy\" \/>Stahlprofil<\/li>\n<\/ul>\n<\/div>\n<div class=\"column\">\n<h2 class=\"wide\">Anwendungen<\/h2>\n<\/div>\n<ul id=\"applicationSection\" class=\"wide clearfix\">\n<li class=\"column column-25\">Entwickelt f\u00fcr das Schleifen von Stahl und rostfreiem Stahl<\/li>\n<\/ul>","protected":false},"excerpt":{"rendered":"<p>ZIARO F\u00c4CHERSCHEIBE 120<\/p>","protected":false},"featured_media":1097,"comment_status":"closed","ping_status":"closed","template":"","meta":{"om_disable_all_campaigns":false,"inline_featured_image":false,"_monsterinsights_skip_tracking":false,"_monsterinsights_sitenote_active":false,"_monsterinsights_sitenote_note":"","_monsterinsights_sitenote_category":0,"_uf_show_specific_survey":0,"_uf_disable_surveys":false},"product_cat":[31,17],"product_tag":[],"class_list":["post-573","product","type-product","status-publish","has-post-thumbnail","hentry","product_cat-tarcze","product_cat-akcesoria-do-elektronarzedzi"],"aioseo_notices":[],"_links":{"self":[{"href":"https:\/\/e-zfk.pl\/de\/wp-json\/wp\/v2\/product\/573","targetHints":{"allow":["GET"]}}],"collection":[{"href":"https:\/\/e-zfk.pl\/de\/wp-json\/wp\/v2\/product"}],"about":[{"href":"https:\/\/e-zfk.pl\/de\/wp-json\/wp\/v2\/types\/product"}],"replies":[{"embeddable":true,"href":"https:\/\/e-zfk.pl\/de\/wp-json\/wp\/v2\/comments?post=573"}],"wp:featuredmedia":[{"embeddable":true,"href":"https:\/\/e-zfk.pl\/de\/wp-json\/wp\/v2\/media\/1097"}],"wp:attachment":[{"href":"https:\/\/e-zfk.pl\/de\/wp-json\/wp\/v2\/media?parent=573"}],"wp:term":[{"taxonomy":"product_cat","embeddable":true,"href":"https:\/\/e-zfk.pl\/de\/wp-json\/wp\/v2\/product_cat?post=573"},{"taxonomy":"product_tag","embeddable":true,"href":"https:\/\/e-zfk.pl\/de\/wp-json\/wp\/v2\/product_tag?post=573"}],"curies":[{"name":"wp","href":"https:\/\/api.w.org\/{rel}","templated":true}]}}