{"id":574,"date":"2023-04-18T12:05:40","date_gmt":"2023-04-18T10:05:40","guid":{"rendered":"https:\/\/e-zfk.pl\/shop\/bez-kategorii\/r-tfix-tool-green-80x18mm\/"},"modified":"2023-05-01T23:38:54","modified_gmt":"2023-05-01T21:38:54","slug":"r-tfix-tool-green-80x18mm","status":"publish","type":"product","link":"https:\/\/e-zfk.pl\/de\/shop\/akcesoria-do-elektronarzedzi\/r-tfix-tool-green-80x18mm\/","title":{"rendered":"R-TFIX-TOOL-GR\u00dcN 80X18mm"},"content":{"rendered":"<div class=\"column\">\n<h2>Merkmale und Vorteile<\/h2>\n<ul>\n<li>Befestigungslasche f\u00fcr den pr\u00e4zisen und automatischen versenkten Einbau des Schraubd\u00fcbels R-TFIX-8S. Nach der Befestigung des D\u00fcbels in der D\u00e4mmschicht sollte das Loch mit einem geeigneten D\u00e4mmstoffd\u00fcbel R-TFIX-CAP63 verschlossen werden, damit die Befestigung b\u00fcndig mit der oberen D\u00e4mmschicht abschlie\u00dft.<\/li>\n<li>Ideales Design des TX40-Bits, angepasst an den R-TFIX-8S D\u00fcbelsockel f\u00fcr eine einfache und stabile Installation unter allen Bedingungen<\/li>\n<li>Freundliche Montage - schnelle und einfache Installation.<\/li>\n<li>Befestigungslasche T40<\/li>\n<\/ul>\n<\/div>\n<div class=\"column\">\n<h2 class=\"wide\">Anwendungen<\/h2>\n<\/div>\n<ul id=\"applicationSection\" class=\"wide clearfix\">\n<li class=\"column column-25\">Polystyrol-Platten<\/li>\n<li class=\"column column-25\">Polyurethan-Platten<\/li>\n<li class=\"column column-25\">Mineralwolle-Platten<\/li>\n<li class=\"column column-25\">Holzwolleplatten<\/li>\n<\/ul>\n<div class=\"column\">\n<h2 class=\"wide\">Montageanleitung<\/h2>\n<\/div>\n<div class=\"guidePhotos column-50\">\n<ul class=\"wide clearfix\">\n<li class=\"column column-50\"><img decoding=\"async\" src=\"https:\/\/rwlcdn.azureedge.net\/products\/0005\/75\/thumb_474003_products_abstract.png\" alt=\"Instrukcja monta\u017cu - R-TFIX-8S-TOOL-GREEN - 1\" \/><\/li>\n<li class=\"column column-50\"><img decoding=\"async\" src=\"https:\/\/rwlcdn.azureedge.net\/products\/0005\/73\/thumb_472870_products_abstract.png\" alt=\"Instrukcja monta\u017cu - R-TFIX-8S-TOOL-GREEN - 2\" \/><\/li>\n<li class=\"column column-50\"><img decoding=\"async\" src=\"https:\/\/rwlcdn.azureedge.net\/products\/0005\/73\/thumb_472869_products_abstract.png\" alt=\"Instrukcja monta\u017cu - R-TFIX-8S-TOOL-GREEN - 3\" \/><\/li>\n<li class=\"column column-50\"><img decoding=\"async\" src=\"https:\/\/rwlcdn.azureedge.net\/products\/0005\/73\/thumb_472868_products_abstract.png\" alt=\"Instrukcja monta\u017cu - R-TFIX-8S-TOOL-GREEN - 4\" \/><\/li>\n<li class=\"column column-50\"><img decoding=\"async\" src=\"https:\/\/rwlcdn.azureedge.net\/products\/0005\/75\/thumb_474004_products_abstract.png\" alt=\"Instrukcja monta\u017cu - R-TFIX-8S-TOOL-GREEN - 5\" \/><\/li>\n<li class=\"column column-50\"><img decoding=\"async\" src=\"https:\/\/rwlcdn.azureedge.net\/products\/0005\/75\/thumb_474005_products_abstract.png\" alt=\"Instrukcja monta\u017cu - R-TFIX-8S-TOOL-GREEN - 6\" \/><\/li>\n<li class=\"column column-50\"><img decoding=\"async\" src=\"https:\/\/rwlcdn.azureedge.net\/products\/0005\/75\/thumb_474006_products_abstract.png\" alt=\"Instrukcja monta\u017cu - R-TFIX-8S-TOOL-GREEN - 7\" \/><\/li>\n<\/ul>\n<ol>\n<li>Bohren Sie ein Loch mit geeignetem Durchmesser und Tiefe.<\/li>\n<li>In den Untergrundkategorien A, B, C, D betr\u00e4gt die Mindestbohrtiefe 35 mm, in Untergrund E - Porenbeton 75 mm.<\/li>\n<li>Reinigen Sie das gebohrte Loch 3x.<\/li>\n<li>F\u00fchren Sie das Werkzeug R-TFIX-TOOL-GREEN in den Kopf der Schraube R-TFIX-8S ein<\/li>\n<li>Setzen Sie den D\u00fcbel in das gebohrte Loch ein.<\/li>\n<li>Nach dem Einsetzen des D\u00fcbels in das Loch sollten die Zinken der KWX-63-Lochscheibe vollst\u00e4ndig in der W\u00e4rmed\u00e4mmung eingebettet sein.<\/li>\n<li>In den Untergrundkategorien A,B,C,D betr\u00e4gt die Mindestverankerungstiefe 25mm, in Untergrund E - Porenbeton 65mm.<\/li>\n<li>Dr\u00fccken Sie beim Anziehen die Spitze nach unten und halten Sie sie genau senkrecht zur Fassade.<\/li>\n<li>Ziehen Sie die D\u00fcbelschraube an, bis die richtige Verankerungstiefe erreicht ist (die Platte sollte mit der W\u00e4rmed\u00e4mmschicht b\u00fcndig sein).<\/li>\n<\/ol>\n<\/div>","protected":false},"excerpt":{"rendered":"<p id=\"Opis-produktu\">Befestigungslasche<\/p>","protected":false},"featured_media":1094,"comment_status":"closed","ping_status":"closed","template":"","meta":{"om_disable_all_campaigns":false,"inline_featured_image":false,"_monsterinsights_skip_tracking":false,"_monsterinsights_sitenote_active":false,"_monsterinsights_sitenote_note":"","_monsterinsights_sitenote_category":0,"_uf_show_specific_survey":0,"_uf_disable_surveys":false},"product_cat":[17],"product_tag":[],"class_list":["post-574","product","type-product","status-publish","has-post-thumbnail","hentry","product_cat-akcesoria-do-elektronarzedzi"],"aioseo_notices":[],"_links":{"self":[{"href":"https:\/\/e-zfk.pl\/de\/wp-json\/wp\/v2\/product\/574","targetHints":{"allow":["GET"]}}],"collection":[{"href":"https:\/\/e-zfk.pl\/de\/wp-json\/wp\/v2\/product"}],"about":[{"href":"https:\/\/e-zfk.pl\/de\/wp-json\/wp\/v2\/types\/product"}],"replies":[{"embeddable":true,"href":"https:\/\/e-zfk.pl\/de\/wp-json\/wp\/v2\/comments?post=574"}],"wp:featuredmedia":[{"embeddable":true,"href":"https:\/\/e-zfk.pl\/de\/wp-json\/wp\/v2\/media\/1094"}],"wp:attachment":[{"href":"https:\/\/e-zfk.pl\/de\/wp-json\/wp\/v2\/media?parent=574"}],"wp:term":[{"taxonomy":"product_cat","embeddable":true,"href":"https:\/\/e-zfk.pl\/de\/wp-json\/wp\/v2\/product_cat?post=574"},{"taxonomy":"product_tag","embeddable":true,"href":"https:\/\/e-zfk.pl\/de\/wp-json\/wp\/v2\/product_tag?post=574"}],"curies":[{"name":"wp","href":"https:\/\/api.w.org\/{rel}","templated":true}]}}