{"id":596,"date":"2023-04-18T12:06:26","date_gmt":"2023-04-18T10:06:26","guid":{"rendered":"https:\/\/e-zfk.pl\/shop\/bez-kategorii\/rt-gdm-125-6-tarcza-do-szlifowania\/"},"modified":"2023-05-01T22:30:14","modified_gmt":"2023-05-01T20:30:14","slug":"rt-gdm-125-6-tarcza-do-szlifowania","status":"publish","type":"product","link":"https:\/\/e-zfk.pl\/de\/shop\/akcesoria-do-elektronarzedzi\/tarcze\/rt-gdm-125-6-tarcza-do-szlifowania\/","title":{"rendered":"RT-GDM-125\/6 - Schleifscheibe"},"content":{"rendered":"<div class=\"column column-50\">\n<h2>Merkmale und Vorteile<\/h2>\n<ul>\n<li>Hochwertiger europ\u00e4ischer Elektrokorund erh\u00f6ht die Lebensdauer der R\u00e4der<\/li>\n<li>Der H\u00e4rtegrad S ist f\u00fcr das Schleifen von Baustahl geeignet.<\/li>\n<li>Ideal geeignete Scheibenst\u00e4rken f\u00fcr effektives Schleifen<\/li>\n<li>Harzbindemittel, verst\u00e4rkt mit 2 Lagen Gewebe zum Schutz der Scheibe bei hohen Geschwindigkeiten<\/li>\n<li>22,23 mm Innenbohrung erm\u00f6glicht die Verwendung mit allen auf dem Markt befindlichen Winkelschleifern<\/li>\n<li>Produktion in Polen garantiert hohe Qualit\u00e4t<\/li>\n<\/ul>\n<\/div>\n<div id=\"baseMaterials\" class=\"column column-50\">\n<h2>Substrat<\/h2>\n<ul id=\"approvedMaterials\" class=\"clearfix iconsUl\">\n<li class=\"column\"><img decoding=\"async\" title=\"Stahlprofil\" src=\"https:\/\/rwlcdn.azureedge.net\/products\/0005\/74\/thumb_473053_products_mini.png\" alt=\"Profil stalowy\" \/>Stahlprofil<\/li>\n<\/ul>\n<\/div>\n<div class=\"column\">\n<h2 class=\"wide\">Anwendungen<\/h2>\n<\/div>\n<ul id=\"applicationSection\" class=\"wide clearfix\">\n<li class=\"column column-25\">Entwickelt f\u00fcr das Schleifen von Baustahl<\/li>\n<\/ul>","protected":false},"excerpt":{"rendered":"<p>SCHEIBE 125MM<\/p>","protected":false},"featured_media":1069,"comment_status":"closed","ping_status":"closed","template":"","meta":{"om_disable_all_campaigns":false,"inline_featured_image":false,"_monsterinsights_skip_tracking":false,"_monsterinsights_sitenote_active":false,"_monsterinsights_sitenote_note":"","_monsterinsights_sitenote_category":0,"_uf_show_specific_survey":0,"_uf_disable_surveys":false},"product_cat":[31,17],"product_tag":[],"class_list":["post-596","product","type-product","status-publish","has-post-thumbnail","hentry","product_cat-tarcze","product_cat-akcesoria-do-elektronarzedzi"],"aioseo_notices":[],"_links":{"self":[{"href":"https:\/\/e-zfk.pl\/de\/wp-json\/wp\/v2\/product\/596","targetHints":{"allow":["GET"]}}],"collection":[{"href":"https:\/\/e-zfk.pl\/de\/wp-json\/wp\/v2\/product"}],"about":[{"href":"https:\/\/e-zfk.pl\/de\/wp-json\/wp\/v2\/types\/product"}],"replies":[{"embeddable":true,"href":"https:\/\/e-zfk.pl\/de\/wp-json\/wp\/v2\/comments?post=596"}],"wp:featuredmedia":[{"embeddable":true,"href":"https:\/\/e-zfk.pl\/de\/wp-json\/wp\/v2\/media\/1069"}],"wp:attachment":[{"href":"https:\/\/e-zfk.pl\/de\/wp-json\/wp\/v2\/media?parent=596"}],"wp:term":[{"taxonomy":"product_cat","embeddable":true,"href":"https:\/\/e-zfk.pl\/de\/wp-json\/wp\/v2\/product_cat?post=596"},{"taxonomy":"product_tag","embeddable":true,"href":"https:\/\/e-zfk.pl\/de\/wp-json\/wp\/v2\/product_tag?post=596"}],"curies":[{"name":"wp","href":"https:\/\/api.w.org\/{rel}","templated":true}]}}