{"id":598,"date":"2023-04-18T12:06:30","date_gmt":"2023-04-18T10:06:30","guid":{"rendered":"https:\/\/e-zfk.pl\/shop\/bez-kategorii\/rt-hcb-pd8-8mm-wiertlo-prowadzace\/"},"modified":"2023-06-12T15:44:58","modified_gmt":"2023-06-12T13:44:58","slug":"rt-hcb-pd8-8mm-wiertlo-prowadzace","status":"publish","type":"product","link":"https:\/\/e-zfk.pl\/de\/shop\/akcesoria-do-elektronarzedzi\/wiertla\/rt-hcb-pd8-8mm-wiertlo-prowadzace\/","title":{"rendered":"RT-HCB-PD8 8mm PROVISIONAL-Bohrer"},"content":{"rendered":"<h1>F\u00fchrungsbohrer f\u00fcr SDS PLUS Kronenlochs\u00e4ge \u00f88 100mm<\/h1>\n<p>&nbsp;<\/p>\n<p>SDS-Plus-Futter passend f\u00fcr alle auf dem Markt befindlichen Hammerbohrer dieser Klasse<\/p>\n<p>Angepasst f\u00fcr den Einsatz mit SDS plus Bohrhammer<\/p>","protected":false},"excerpt":{"rendered":"<p>Wiert\u0142o prowadz\u0105ce do otwornicy koronowej SDS PLUS \u00f88 100mm &nbsp; Uchwyt SDS plus pasuje do wszystkich m\u0142otowiertarek tej klasy na rynku Przystosowane do pracy wraz z m\u0142otowiertark\u0105 SDS plus<\/p>","protected":false},"featured_media":2153,"comment_status":"closed","ping_status":"closed","template":"","meta":{"om_disable_all_campaigns":false,"inline_featured_image":false,"_monsterinsights_skip_tracking":false,"_monsterinsights_sitenote_active":false,"_monsterinsights_sitenote_note":"","_monsterinsights_sitenote_category":0,"_uf_show_specific_survey":0,"_uf_disable_surveys":false},"product_cat":[30,17],"product_tag":[],"class_list":["post-598","product","type-product","status-publish","has-post-thumbnail","hentry","product_cat-wiertla","product_cat-akcesoria-do-elektronarzedzi"],"aioseo_notices":[],"_links":{"self":[{"href":"https:\/\/e-zfk.pl\/de\/wp-json\/wp\/v2\/product\/598","targetHints":{"allow":["GET"]}}],"collection":[{"href":"https:\/\/e-zfk.pl\/de\/wp-json\/wp\/v2\/product"}],"about":[{"href":"https:\/\/e-zfk.pl\/de\/wp-json\/wp\/v2\/types\/product"}],"replies":[{"embeddable":true,"href":"https:\/\/e-zfk.pl\/de\/wp-json\/wp\/v2\/comments?post=598"}],"wp:featuredmedia":[{"embeddable":true,"href":"https:\/\/e-zfk.pl\/de\/wp-json\/wp\/v2\/media\/2153"}],"wp:attachment":[{"href":"https:\/\/e-zfk.pl\/de\/wp-json\/wp\/v2\/media?parent=598"}],"wp:term":[{"taxonomy":"product_cat","embeddable":true,"href":"https:\/\/e-zfk.pl\/de\/wp-json\/wp\/v2\/product_cat?post=598"},{"taxonomy":"product_tag","embeddable":true,"href":"https:\/\/e-zfk.pl\/de\/wp-json\/wp\/v2\/product_tag?post=598"}],"curies":[{"name":"wp","href":"https:\/\/api.w.org\/{rel}","templated":true}]}}