{"id":599,"date":"2023-04-18T12:06:31","date_gmt":"2023-04-18T10:06:31","guid":{"rendered":"https:\/\/e-zfk.pl\/shop\/bez-kategorii\/rt-hs-set-1e-otwornica-bimetal\/"},"modified":"2023-06-20T14:41:26","modified_gmt":"2023-06-20T12:41:26","slug":"rt-hs-set-1e-otwornica-bimetal","status":"publish","type":"product","link":"https:\/\/e-zfk.pl\/de\/shop\/akcesoria-do-elektronarzedzi\/otwornice\/rt-hs-set-1e-otwornica-bimetal\/","title":{"rendered":"RT-HS-SET-1E BIMETALL-LOCHS\u00c4GE"},"content":{"rendered":"<p>22MM, 25MM 32MM 40MM 51MM 65MM<\/p>\n<div class=\"column column-50\">\n<h2>Merkmale und Vorteile<\/h2>\n<ul>\n<li>Lochs\u00e4gedurchmesser, die sich ideal f\u00fcr die Arbeit von Elektrikern und Installateuren eignen<\/li>\n<li>Geschliffene Z\u00e4hne, vakuumgeh\u00e4rtet, erm\u00f6glichen pr\u00e4zises Bohren und erh\u00f6hen die Standzeit<\/li>\n<li>Spezielle Feder erm\u00f6glicht ein schnelleres Herausziehen aus dem inneren Teil der Lochs\u00e4ge<\/li>\n<li>Zus\u00e4tzliche Sicherungsstifte im Adapter erm\u00f6glichen das Bohren mit gro\u00dfen Durchmessern ohne Besch\u00e4digung der Gewinde<\/li>\n<li>Bimetallklinge zum Bohren von L\u00f6chern in Holz, Gipskarton, Stahl und Nichteisenmetallen<\/li>\n<\/ul>\n<\/div>\n<div id=\"baseMaterials\" class=\"column column-50\">\n<h2>Substrat<\/h2>\n<ul id=\"approvedMaterials\" class=\"clearfix iconsUl\">\n<li class=\"column\"><img decoding=\"async\" title=\"Holz\" src=\"https:\/\/rwlcdn.azureedge.net\/products\/0005\/73\/thumb_472242_products_mini.png\" alt=\"Drewno\" \/>Holz<\/li>\n<li class=\"column\"><img decoding=\"async\" title=\"Brettschichtholz\" src=\"https:\/\/rwlcdn.azureedge.net\/products\/0005\/73\/thumb_472276_products_mini.png\" alt=\"Drewno klejone\" \/>Brettschichtholz<\/li>\n<li class=\"column\"><img decoding=\"async\" title=\"Stahlblech\" src=\"https:\/\/rwlcdn.azureedge.net\/products\/0005\/73\/thumb_472184_products_mini.png\" alt=\"Blacha stalowa\" \/>Stahlblech<\/li>\n<li class=\"column\"><img decoding=\"async\" title=\"Gipskarton\" src=\"https:\/\/rwlcdn.azureedge.net\/products\/0005\/74\/thumb_473050_products_mini.png\" alt=\"P\u0142yta gipsowo-kartonowa\" \/>Gipskarton<\/li>\n<li class=\"column\"><img decoding=\"async\" title=\"Holzwerkstoffplatte\" src=\"https:\/\/rwlcdn.azureedge.net\/products\/0005\/74\/thumb_473049_products_mini.png\" alt=\"P\u0142yta drewnopochodna\" \/>Holzwerkstoffplatte<\/li>\n<li class=\"column\"><img decoding=\"async\" title=\"PVC-Profile\" src=\"https:\/\/rwlcdn.azureedge.net\/products\/0005\/73\/thumb_472065_products_mini.png\" alt=\"Profile z PCV\" \/>PVC-Profile<\/li>\n<li class=\"column\"><img decoding=\"async\" title=\"Konstruktionsholz\" src=\"https:\/\/rwlcdn.azureedge.net\/products\/0005\/74\/thumb_473054_products_mini.png\" alt=\"Drewno konstrukcyjne\" \/>Konstruktionsholz<\/li>\n<li class=\"column\"><img decoding=\"async\" title=\"Nichteisenmetalle\" src=\"https:\/\/rwlcdn.azureedge.net\/products\/0005\/74\/thumb_473225_products_mini.png\" alt=\"Metale nie\u017celazne\" \/>Nichteisenmetalle<\/li>\n<\/ul>\n<div class=\"column\">\n<h2 class=\"wide\">Ausr\u00fcstung<\/h2>\n<ul>\n<li>2 Pilotbohrer<\/li>\n<li>6 Spitzen<\/li>\n<li>1 Feder<\/li>\n<\/ul>\n<\/div>\n<\/div>\n<div class=\"column\">\n<h2 class=\"wide\">Anwendungen<\/h2>\n<\/div>\n<ul id=\"applicationSection\" class=\"wide clearfix\">\n<li class=\"column column-25\">Bohren von L\u00f6chern gro\u00dfen Durchmessers in Metall, Aluminium, Kunststoff, Holz und Holzwerkstoffen<\/li>\n<\/ul>","protected":false},"excerpt":{"rendered":"<p>LOCHS\u00c4GENSET F\u00dcR INSTALLATEURE UND ELEKTRIKER<\/p>","protected":false},"featured_media":1063,"comment_status":"closed","ping_status":"closed","template":"","meta":{"om_disable_all_campaigns":false,"inline_featured_image":false,"_monsterinsights_skip_tracking":false,"_monsterinsights_sitenote_active":false,"_monsterinsights_sitenote_note":"","_monsterinsights_sitenote_category":0,"_uf_show_specific_survey":0,"_uf_disable_surveys":false},"product_cat":[33,17],"product_tag":[],"class_list":["post-599","product","type-product","status-publish","has-post-thumbnail","hentry","product_cat-otwornice","product_cat-akcesoria-do-elektronarzedzi"],"aioseo_notices":[],"_links":{"self":[{"href":"https:\/\/e-zfk.pl\/de\/wp-json\/wp\/v2\/product\/599","targetHints":{"allow":["GET"]}}],"collection":[{"href":"https:\/\/e-zfk.pl\/de\/wp-json\/wp\/v2\/product"}],"about":[{"href":"https:\/\/e-zfk.pl\/de\/wp-json\/wp\/v2\/types\/product"}],"replies":[{"embeddable":true,"href":"https:\/\/e-zfk.pl\/de\/wp-json\/wp\/v2\/comments?post=599"}],"wp:featuredmedia":[{"embeddable":true,"href":"https:\/\/e-zfk.pl\/de\/wp-json\/wp\/v2\/media\/1063"}],"wp:attachment":[{"href":"https:\/\/e-zfk.pl\/de\/wp-json\/wp\/v2\/media?parent=599"}],"wp:term":[{"taxonomy":"product_cat","embeddable":true,"href":"https:\/\/e-zfk.pl\/de\/wp-json\/wp\/v2\/product_cat?post=599"},{"taxonomy":"product_tag","embeddable":true,"href":"https:\/\/e-zfk.pl\/de\/wp-json\/wp\/v2\/product_tag?post=599"}],"curies":[{"name":"wp","href":"https:\/\/api.w.org\/{rel}","templated":true}]}}