{"id":616,"date":"2023-04-18T12:07:05","date_gmt":"2023-04-18T10:07:05","guid":{"rendered":"https:\/\/e-zfk.pl\/shop\/bez-kategorii\/rt-jsb-m150m\/"},"modified":"2023-05-01T21:23:15","modified_gmt":"2023-05-01T19:23:15","slug":"rt-jsb-m150m","status":"publish","type":"product","link":"https:\/\/e-zfk.pl\/de\/shop\/akcesoria-do-elektronarzedzi\/pily-akcesoria-do-elektronarzedzi\/rt-jsb-m150m\/","title":{"rendered":"RT-JSB-M150M"},"content":{"rendered":"<h2 id=\"Opis-produktu\">RT-JSB-M150M S\u00e4gebl\u00e4tter f\u00fcr S\u00e4bels\u00e4gen zum Schneiden von Metall<\/h2>\n<p>&nbsp;<\/p>\n<div class=\"column column-50\">\n<h3>Merkmale und Vorteile<\/h3>\n<ul>\n<li>Gefr\u00e4ste und geriffelte Verzahnung ist ideal f\u00fcr gerade Metallschnitte<\/li>\n<li>Das universelle Spannsystem erm\u00f6glicht den Einsatz mit den g\u00e4ngigsten S\u00e4bels\u00e4gen auf dem Markt<\/li>\n<li>Bi-Metall-Klinge zum Schneiden von Stahl und Nichteisenmetallen<\/li>\n<\/ul>\n<\/div>\n<div id=\"baseMaterials\" class=\"column column-50\">\n<h3>Substrat<\/h3>\n<ul id=\"approvedMaterials\" class=\"clearfix iconsUl\">\n<li class=\"column\"><img decoding=\"async\" title=\"Stahlblech\" src=\"https:\/\/rwlcdn.azureedge.net\/products\/0005\/73\/thumb_472184_products_mini.png\" alt=\"Blacha stalowa\" \/>Stahlblech<\/li>\n<li class=\"column\"><img decoding=\"async\" title=\"Nichteisenmetalle\" src=\"https:\/\/rwlcdn.azureedge.net\/products\/0005\/74\/thumb_473225_products_mini.png\" alt=\"Metale nie\u017celazne\" \/>Nichteisenmetalle<\/li>\n<\/ul>\n<\/div>\n<div class=\"column\">\n<h3 class=\"wide\">Anwendungen<\/h3>\n<\/div>\n<ul id=\"applicationSection\" class=\"wide clearfix\">\n<li class=\"column column-25\">Konzipiert f\u00fcr das gerade Schneiden von Blechen, Eisen- und Nichteisenmetallen<\/li>\n<\/ul>","protected":false},"excerpt":{"rendered":"<p>FOX BLADE<\/p>","protected":false},"featured_media":1037,"comment_status":"closed","ping_status":"closed","template":"","meta":{"om_disable_all_campaigns":false,"inline_featured_image":false,"_monsterinsights_skip_tracking":false,"_monsterinsights_sitenote_active":false,"_monsterinsights_sitenote_note":"","_monsterinsights_sitenote_category":0,"_uf_show_specific_survey":0,"_uf_disable_surveys":false},"product_cat":[58,17],"product_tag":[],"class_list":["post-616","product","type-product","status-publish","has-post-thumbnail","hentry","product_cat-pily-akcesoria-do-elektronarzedzi","product_cat-akcesoria-do-elektronarzedzi"],"aioseo_notices":[],"_links":{"self":[{"href":"https:\/\/e-zfk.pl\/de\/wp-json\/wp\/v2\/product\/616","targetHints":{"allow":["GET"]}}],"collection":[{"href":"https:\/\/e-zfk.pl\/de\/wp-json\/wp\/v2\/product"}],"about":[{"href":"https:\/\/e-zfk.pl\/de\/wp-json\/wp\/v2\/types\/product"}],"replies":[{"embeddable":true,"href":"https:\/\/e-zfk.pl\/de\/wp-json\/wp\/v2\/comments?post=616"}],"wp:featuredmedia":[{"embeddable":true,"href":"https:\/\/e-zfk.pl\/de\/wp-json\/wp\/v2\/media\/1037"}],"wp:attachment":[{"href":"https:\/\/e-zfk.pl\/de\/wp-json\/wp\/v2\/media?parent=616"}],"wp:term":[{"taxonomy":"product_cat","embeddable":true,"href":"https:\/\/e-zfk.pl\/de\/wp-json\/wp\/v2\/product_cat?post=616"},{"taxonomy":"product_tag","embeddable":true,"href":"https:\/\/e-zfk.pl\/de\/wp-json\/wp\/v2\/product_tag?post=616"}],"curies":[{"name":"wp","href":"https:\/\/api.w.org\/{rel}","templated":true}]}}