{"id":617,"date":"2023-04-18T12:07:09","date_gmt":"2023-04-18T10:07:09","guid":{"rendered":"https:\/\/e-zfk.pl\/shop\/bez-kategorii\/rt-jsb-w225c-205mm-5szt-do-drewna\/"},"modified":"2023-05-01T21:19:47","modified_gmt":"2023-05-01T19:19:47","slug":"rt-jsb-w225c-205mm-5szt-do-drewna","status":"publish","type":"product","link":"https:\/\/e-zfk.pl\/de\/shop\/akcesoria-do-elektronarzedzi\/pily-akcesoria-do-elektronarzedzi\/rt-jsb-w225c-205mm-5szt-do-drewna\/","title":{"rendered":"RT-JSB-W225C - 205mm -5ST. F\u00dcR HOLZ"},"content":{"rendered":"<div class=\"column column-50\">\n<h2>Merkmale und Vorteile<\/h2>\n<ul>\n<li>Hochwertiger HCS-Kohlenstoffstahl mit SK5-Spezifikation ist ideal f\u00fcr den Einsatz in Schneidwerkzeugen und erh\u00f6ht deren Lebensdauer<\/li>\n<li>Gefr\u00e4ste und verj\u00fcngte Verzahnung f\u00fcr schnelles Schneiden auch in dickem Holz<\/li>\n<li>Das universelle Spannsystem erm\u00f6glicht den Einsatz mit den g\u00e4ngigsten S\u00e4bels\u00e4gen auf dem Markt<\/li>\n<\/ul>\n<\/div>\n<div id=\"baseMaterials\" class=\"column column-50\">\n<h3>Substrat<\/h3>\n<ul id=\"approvedMaterials\" class=\"clearfix iconsUl\">\n<li class=\"column\"><img decoding=\"async\" title=\"Holz\" src=\"https:\/\/rwlcdn.azureedge.net\/products\/0005\/73\/thumb_472242_products_mini.png\" alt=\"Drewno\" \/>Holz<\/li>\n<\/ul>\n<\/div>\n<div class=\"column\">\n<h3 class=\"wide\">Anwendungen<\/h3>\n<\/div>\n<ul id=\"applicationSection\" class=\"wide clearfix\">\n<li class=\"column column-25\">Geeignet zum Schneiden von Balken, Brettern und allen Holzwerkstoffen<\/li>\n<\/ul>","protected":false},"excerpt":{"rendered":"<p>FOX SAW<\/p>","protected":false},"featured_media":1033,"comment_status":"closed","ping_status":"closed","template":"","meta":{"om_disable_all_campaigns":false,"inline_featured_image":false,"_monsterinsights_skip_tracking":false,"_monsterinsights_sitenote_active":false,"_monsterinsights_sitenote_note":"","_monsterinsights_sitenote_category":0,"_uf_show_specific_survey":0,"_uf_disable_surveys":false},"product_cat":[58,17],"product_tag":[],"class_list":["post-617","product","type-product","status-publish","has-post-thumbnail","hentry","product_cat-pily-akcesoria-do-elektronarzedzi","product_cat-akcesoria-do-elektronarzedzi"],"aioseo_notices":[],"_links":{"self":[{"href":"https:\/\/e-zfk.pl\/de\/wp-json\/wp\/v2\/product\/617","targetHints":{"allow":["GET"]}}],"collection":[{"href":"https:\/\/e-zfk.pl\/de\/wp-json\/wp\/v2\/product"}],"about":[{"href":"https:\/\/e-zfk.pl\/de\/wp-json\/wp\/v2\/types\/product"}],"replies":[{"embeddable":true,"href":"https:\/\/e-zfk.pl\/de\/wp-json\/wp\/v2\/comments?post=617"}],"wp:featuredmedia":[{"embeddable":true,"href":"https:\/\/e-zfk.pl\/de\/wp-json\/wp\/v2\/media\/1033"}],"wp:attachment":[{"href":"https:\/\/e-zfk.pl\/de\/wp-json\/wp\/v2\/media?parent=617"}],"wp:term":[{"taxonomy":"product_cat","embeddable":true,"href":"https:\/\/e-zfk.pl\/de\/wp-json\/wp\/v2\/product_cat?post=617"},{"taxonomy":"product_tag","embeddable":true,"href":"https:\/\/e-zfk.pl\/de\/wp-json\/wp\/v2\/product_tag?post=617"}],"curies":[{"name":"wp","href":"https:\/\/api.w.org\/{rel}","templated":true}]}}