{"id":618,"date":"2023-04-18T12:07:11","date_gmt":"2023-04-18T10:07:11","guid":{"rendered":"https:\/\/e-zfk.pl\/shop\/bez-kategorii\/rt-jsb-w2ml-25mm-5-szt\/"},"modified":"2023-06-12T15:39:10","modified_gmt":"2023-06-12T13:39:10","slug":"rt-jsb-w2ml-25mm-5-szt","status":"publish","type":"product","link":"https:\/\/e-zfk.pl\/de\/shop\/akcesoria-do-elektronarzedzi\/pily-akcesoria-do-elektronarzedzi\/rt-jsb-w2ml-25mm-5-szt\/","title":{"rendered":"RT-JSB-W2MR 2,5 mm - 5 St\u00fcck."},"content":{"rendered":"<h2>RAWLPLUG STICHS\u00c4GEBLATT RT-JSB-W2MR 5 ST\u00dcCK<\/h2>\n<p>Stichs\u00e4gebl\u00e4tter mit Gegenzahn f\u00fcr gerade und saubere Schnitte von K\u00fcchenarbeitsplatten und M\u00f6belplatten.<\/p>\n<h6>EIGENSCHAFTEN<\/h6>\n<ul>\n<li>T-Griff erm\u00f6glicht den Betrieb mit den meisten Stichs\u00e4gen auf dem Markt<\/li>\n<li>Umgekehrte Z\u00e4hne erm\u00f6glichen sauberes Schneiden von K\u00fcchenarbeitsplatten und M\u00f6belplatten ohne Gratbildung<\/li>\n<li>Hochwertiger HCS-Kohlenstoffstahl mit SK5-Spezifikation ist ideal f\u00fcr den Einsatz in Schneidwerkzeugen und erh\u00f6ht deren Lebensdauer<\/li>\n<li>Gefr\u00e4ste und wechselseitig gegabelte Verzahnung, geeignet f\u00fcr sauberes Schneiden von Holz und Holzwerkstoffen<\/li>\n<li>L\u00e4nge 100 mm<\/li>\n<li>Arbeitsl\u00e4nge 75 mm<\/li>\n<li>Zinkenabstand 2,5 mm<\/li>\n<li>Schneiden 3-30<\/li>\n<\/ul>","protected":false},"excerpt":{"rendered":"<p>RAWLPLUG RT-JSB-W2MR 5 St\u00fcck Stichs\u00e4gebl\u00e4tter mit umgekehrten Z\u00e4hnen f\u00fcr gerade und saubere Schnitte von K\u00fcchenarbeitsplatten und M\u00f6belplatten. FEATURES T-Griff erm\u00f6glicht die Verwendung mit den meisten Stichs\u00e4gen auf dem Markt Umgekehrte Z\u00e4hne erm\u00f6glichen sauberes Schneiden von K\u00fcchenarbeitsplatten und M\u00f6belplatten ohne Dellen Hochwertiger HCS-Kohlenstoffstahl mit [...].<\/p>","protected":false},"featured_media":2152,"comment_status":"closed","ping_status":"closed","template":"","meta":{"om_disable_all_campaigns":false,"inline_featured_image":false,"_monsterinsights_skip_tracking":false,"_monsterinsights_sitenote_active":false,"_monsterinsights_sitenote_note":"","_monsterinsights_sitenote_category":0,"_uf_show_specific_survey":0,"_uf_disable_surveys":false},"product_cat":[58,17],"product_tag":[],"class_list":["post-618","product","type-product","status-publish","has-post-thumbnail","hentry","product_cat-pily-akcesoria-do-elektronarzedzi","product_cat-akcesoria-do-elektronarzedzi"],"aioseo_notices":[],"_links":{"self":[{"href":"https:\/\/e-zfk.pl\/de\/wp-json\/wp\/v2\/product\/618","targetHints":{"allow":["GET"]}}],"collection":[{"href":"https:\/\/e-zfk.pl\/de\/wp-json\/wp\/v2\/product"}],"about":[{"href":"https:\/\/e-zfk.pl\/de\/wp-json\/wp\/v2\/types\/product"}],"replies":[{"embeddable":true,"href":"https:\/\/e-zfk.pl\/de\/wp-json\/wp\/v2\/comments?post=618"}],"wp:featuredmedia":[{"embeddable":true,"href":"https:\/\/e-zfk.pl\/de\/wp-json\/wp\/v2\/media\/2152"}],"wp:attachment":[{"href":"https:\/\/e-zfk.pl\/de\/wp-json\/wp\/v2\/media?parent=618"}],"wp:term":[{"taxonomy":"product_cat","embeddable":true,"href":"https:\/\/e-zfk.pl\/de\/wp-json\/wp\/v2\/product_cat?post=618"},{"taxonomy":"product_tag","embeddable":true,"href":"https:\/\/e-zfk.pl\/de\/wp-json\/wp\/v2\/product_tag?post=618"}],"curies":[{"name":"wp","href":"https:\/\/api.w.org\/{rel}","templated":true}]}}