{"id":645,"date":"2023-04-18T12:08:08","date_gmt":"2023-04-18T10:08:08","guid":{"rendered":"https:\/\/e-zfk.pl\/shop\/bez-kategorii\/rt-pdw-130-151-wiertlo-do-drewna-130mm\/"},"modified":"2023-06-12T15:32:21","modified_gmt":"2023-06-12T13:32:21","slug":"rt-pdw-130-151-wiertlo-do-drewna-130mm","status":"publish","type":"product","link":"https:\/\/e-zfk.pl\/de\/shop\/akcesoria-do-elektronarzedzi\/wiertla\/rt-pdw-130-151-wiertlo-do-drewna-130mm\/","title":{"rendered":"RT-PDW-130-151 HOLZBOHRER 13,0MM"},"content":{"rendered":"<div class=\"column column-50\">\n<h2>Merkmale und Vorteile<\/h2>\n<ul>\n<li>Mit der Zentrierspitze k\u00f6nnen Sie mit dem Bohren beginnen, ohne dass der Bohrer abrutscht<\/li>\n<li>Zwei Schneidmesser am Kopf garantieren glatte Kanten und Innenw\u00e4nde der L\u00f6cher<\/li>\n<li>Hergestellt aus hochwertigem, geh\u00e4rtetem, legiertem Stahl f\u00fcr eine lange Lebensdauer<\/li>\n<li>Geschliffene Spirale f\u00fcr pr\u00e4zises Bohren und saubere L\u00f6cher<\/li>\n<\/ul>\n<\/div>\n<div id=\"baseMaterials\" class=\"column column-50\">\n<h3>Substrat<\/h3>\n<ul id=\"approvedMaterials\" class=\"clearfix iconsUl\">\n<li class=\"column\"><img decoding=\"async\" title=\"Holz\" src=\"https:\/\/rwlcdn.azureedge.net\/products\/0005\/73\/thumb_472242_products_mini.png\" alt=\"Drewno\" \/>Holz<\/li>\n<li class=\"column\"><img decoding=\"async\" title=\"Konstruktionsholz\" src=\"https:\/\/rwlcdn.azureedge.net\/products\/0005\/74\/thumb_473054_products_mini.png\" alt=\"Drewno konstrukcyjne\" \/>Konstruktionsholz<\/li>\n<li class=\"column\"><img decoding=\"async\" title=\"Spanplatte\" src=\"https:\/\/rwlcdn.azureedge.net\/products\/0005\/74\/thumb_473042_products_mini.png\" alt=\"P\u0142yta wi\u00f3rowa\" \/>Spanplatte<\/li>\n<li class=\"column\"><img decoding=\"async\" title=\"Holzwerkstoffplatte\" src=\"https:\/\/rwlcdn.azureedge.net\/products\/0005\/74\/thumb_473049_products_mini.png\" alt=\"P\u0142yta drewnopochodna\" \/>Holzwerkstoffplatte<\/li>\n<\/ul>\n<\/div>\n<div class=\"column\">\n<h3 class=\"wide\">Anwendungen<\/h3>\n<\/div>\n<ul id=\"applicationSection\" class=\"wide clearfix\">\n<li class=\"column column-25\">Bohren von L\u00f6chern in Holz und Holzwerkstoffen<\/li>\n<\/ul>\n<p>&nbsp;<\/p>","protected":false},"excerpt":{"rendered":"<p>FR\u00dcHLING<\/p>","protected":false},"featured_media":979,"comment_status":"closed","ping_status":"closed","template":"","meta":{"om_disable_all_campaigns":false,"inline_featured_image":false,"_monsterinsights_skip_tracking":false,"_monsterinsights_sitenote_active":false,"_monsterinsights_sitenote_note":"","_monsterinsights_sitenote_category":0,"_uf_show_specific_survey":0,"_uf_disable_surveys":false},"product_cat":[30,17],"product_tag":[],"class_list":["post-645","product","type-product","status-publish","has-post-thumbnail","hentry","product_cat-wiertla","product_cat-akcesoria-do-elektronarzedzi"],"aioseo_notices":[],"_links":{"self":[{"href":"https:\/\/e-zfk.pl\/de\/wp-json\/wp\/v2\/product\/645","targetHints":{"allow":["GET"]}}],"collection":[{"href":"https:\/\/e-zfk.pl\/de\/wp-json\/wp\/v2\/product"}],"about":[{"href":"https:\/\/e-zfk.pl\/de\/wp-json\/wp\/v2\/types\/product"}],"replies":[{"embeddable":true,"href":"https:\/\/e-zfk.pl\/de\/wp-json\/wp\/v2\/comments?post=645"}],"wp:featuredmedia":[{"embeddable":true,"href":"https:\/\/e-zfk.pl\/de\/wp-json\/wp\/v2\/media\/979"}],"wp:attachment":[{"href":"https:\/\/e-zfk.pl\/de\/wp-json\/wp\/v2\/media?parent=645"}],"wp:term":[{"taxonomy":"product_cat","embeddable":true,"href":"https:\/\/e-zfk.pl\/de\/wp-json\/wp\/v2\/product_cat?post=645"},{"taxonomy":"product_tag","embeddable":true,"href":"https:\/\/e-zfk.pl\/de\/wp-json\/wp\/v2\/product_tag?post=645"}],"curies":[{"name":"wp","href":"https:\/\/api.w.org\/{rel}","templated":true}]}}