{"id":646,"date":"2023-04-18T12:08:09","date_gmt":"2023-04-18T10:08:09","guid":{"rendered":"https:\/\/e-zfk.pl\/shop\/bez-kategorii\/rt-rsb-ab455-pila-do-gazobetonu-405mm\/"},"modified":"2023-06-12T15:32:06","modified_gmt":"2023-06-12T13:32:06","slug":"rt-rsb-ab455-pila-do-gazobetonu-405mm","status":"publish","type":"product","link":"https:\/\/e-zfk.pl\/de\/shop\/akcesoria-do-elektronarzedzi\/pily-akcesoria-do-elektronarzedzi\/rt-rsb-ab455-pila-do-gazobetonu-405mm\/","title":{"rendered":"RT-RSB-AB455 - GASOBETON S\u00e4ge 405mm"},"content":{"rendered":"<div class=\"column column-50\">\n<h2>Merkmale und Vorteile<\/h2>\n<ul>\n<li>HM-Hartmetallz\u00e4hne und eine Zahnteilung von 12,7 mm erm\u00f6glichen das effiziente Schneiden von Porenbeton und Hohlblocksteinen<\/li>\n<li>Hoher Klingenr\u00fccken f\u00fcr geraden Materialschnitt<\/li>\n<li>Das universelle Spannsystem erm\u00f6glicht den Einsatz mit den g\u00e4ngigsten S\u00e4bels\u00e4gen auf dem Markt<\/li>\n<li>Die Klingenl\u00e4nge erm\u00f6glicht das Schneiden der g\u00e4ngigsten Blockgr\u00f6\u00dfen<\/li>\n<\/ul>\n<\/div>\n<div id=\"baseMaterials\" class=\"column column-50\">\n<h3>Substrat<\/h3>\n<ul id=\"approvedMaterials\" class=\"clearfix iconsUl\">\n<li class=\"column\">Gasbeton<\/li>\n<li class=\"column\">Hochlochziegel<\/li>\n<\/ul>\n<\/div>\n<div class=\"column\">\n<h3 class=\"wide\">Anwendungen<\/h3>\n<\/div>\n<ul id=\"applicationSection\" class=\"wide clearfix\">\n<li class=\"column column-25\">Geeignet zum Schneiden von Porenbetonsteinen, Porenbeton und Hohlblocksteinen<\/li>\n<\/ul>","protected":false},"excerpt":{"rendered":"<p>S\u00e4ge<\/p>","protected":false},"featured_media":975,"comment_status":"closed","ping_status":"closed","template":"","meta":{"om_disable_all_campaigns":false,"inline_featured_image":false,"_monsterinsights_skip_tracking":false,"_monsterinsights_sitenote_active":false,"_monsterinsights_sitenote_note":"","_monsterinsights_sitenote_category":0,"_uf_show_specific_survey":0,"_uf_disable_surveys":false},"product_cat":[58,17],"product_tag":[],"class_list":["post-646","product","type-product","status-publish","has-post-thumbnail","hentry","product_cat-pily-akcesoria-do-elektronarzedzi","product_cat-akcesoria-do-elektronarzedzi"],"aioseo_notices":[],"_links":{"self":[{"href":"https:\/\/e-zfk.pl\/de\/wp-json\/wp\/v2\/product\/646","targetHints":{"allow":["GET"]}}],"collection":[{"href":"https:\/\/e-zfk.pl\/de\/wp-json\/wp\/v2\/product"}],"about":[{"href":"https:\/\/e-zfk.pl\/de\/wp-json\/wp\/v2\/types\/product"}],"replies":[{"embeddable":true,"href":"https:\/\/e-zfk.pl\/de\/wp-json\/wp\/v2\/comments?post=646"}],"wp:featuredmedia":[{"embeddable":true,"href":"https:\/\/e-zfk.pl\/de\/wp-json\/wp\/v2\/media\/975"}],"wp:attachment":[{"href":"https:\/\/e-zfk.pl\/de\/wp-json\/wp\/v2\/media?parent=646"}],"wp:term":[{"taxonomy":"product_cat","embeddable":true,"href":"https:\/\/e-zfk.pl\/de\/wp-json\/wp\/v2\/product_cat?post=646"},{"taxonomy":"product_tag","embeddable":true,"href":"https:\/\/e-zfk.pl\/de\/wp-json\/wp\/v2\/product_tag?post=646"}],"curies":[{"name":"wp","href":"https:\/\/api.w.org\/{rel}","templated":true}]}}