{"id":674,"date":"2023-04-18T12:08:59","date_gmt":"2023-04-18T10:08:59","guid":{"rendered":"https:\/\/e-zfk.pl\/shop\/bez-kategorii\/rt-sdsa-fc-20-250-dluto-20-250\/"},"modified":"2023-06-12T15:25:13","modified_gmt":"2023-06-12T13:25:13","slug":"rt-sdsa-fc-20-250-dluto-20-250","status":"publish","type":"product","link":"https:\/\/e-zfk.pl\/de\/shop\/akcesoria-do-elektronarzedzi\/wiertla\/rt-sdsa-fc-20-250-dluto-20-250\/","title":{"rendered":"RT-SDSA-FC-20\/250 MEISSEL 20\/250"},"content":{"rendered":"<h3>Merkmale und Vorteile<\/h3>\n<ul class=\"style-check\">\n<li>Die breite Aufspannfl\u00e4che beschleunigt die Ausf\u00fchrung der Arbeiten erheblich<\/li>\n<li>Stahlspezifikation 34CrNiMo6 f\u00fcr hohe Festigkeit und lange Lebensdauer<\/li>\n<li>Angemessene Mei\u00dfell\u00e4nge f\u00fcr komfortables Arbeiten beim H\u00e4mmern<\/li>\n<\/ul>\n<p><a href=\"https:\/\/e-zfk.pl\/wp-content\/uploads\/2023\/04\/65681.RAWLPLUG.PL_.RT-SDSA-FC-FLAT-CHISELS-SDS-PLUS.pdf\">PRODUKTBLATT .RT-SDSA-FC FLACHMEISSEL SDS PLUS<\/a><\/p>","protected":false},"excerpt":{"rendered":"<p>LONDON<\/p>","protected":false},"featured_media":940,"comment_status":"closed","ping_status":"closed","template":"","meta":{"om_disable_all_campaigns":false,"inline_featured_image":false,"_monsterinsights_skip_tracking":false,"_monsterinsights_sitenote_active":false,"_monsterinsights_sitenote_note":"","_monsterinsights_sitenote_category":0,"_uf_show_specific_survey":0,"_uf_disable_surveys":false},"product_cat":[30,17],"product_tag":[],"class_list":["post-674","product","type-product","status-publish","has-post-thumbnail","hentry","product_cat-wiertla","product_cat-akcesoria-do-elektronarzedzi"],"aioseo_notices":[],"_links":{"self":[{"href":"https:\/\/e-zfk.pl\/de\/wp-json\/wp\/v2\/product\/674","targetHints":{"allow":["GET"]}}],"collection":[{"href":"https:\/\/e-zfk.pl\/de\/wp-json\/wp\/v2\/product"}],"about":[{"href":"https:\/\/e-zfk.pl\/de\/wp-json\/wp\/v2\/types\/product"}],"replies":[{"embeddable":true,"href":"https:\/\/e-zfk.pl\/de\/wp-json\/wp\/v2\/comments?post=674"}],"wp:featuredmedia":[{"embeddable":true,"href":"https:\/\/e-zfk.pl\/de\/wp-json\/wp\/v2\/media\/940"}],"wp:attachment":[{"href":"https:\/\/e-zfk.pl\/de\/wp-json\/wp\/v2\/media?parent=674"}],"wp:term":[{"taxonomy":"product_cat","embeddable":true,"href":"https:\/\/e-zfk.pl\/de\/wp-json\/wp\/v2\/product_cat?post=674"},{"taxonomy":"product_tag","embeddable":true,"href":"https:\/\/e-zfk.pl\/de\/wp-json\/wp\/v2\/product_tag?post=674"}],"curies":[{"name":"wp","href":"https:\/\/api.w.org\/{rel}","templated":true}]}}