{"id":676,"date":"2023-04-18T12:09:02","date_gmt":"2023-04-18T10:09:02","guid":{"rendered":"https:\/\/e-zfk.pl\/shop\/bez-kategorii\/rt-sdsa-pc-12-250-dluto-szpiczak\/"},"modified":"2023-06-12T15:24:30","modified_gmt":"2023-06-12T13:24:30","slug":"rt-sdsa-pc-12-250-dluto-szpiczak","status":"publish","type":"product","link":"https:\/\/e-zfk.pl\/de\/shop\/akcesoria-do-elektronarzedzi\/dluta\/rt-sdsa-pc-12-250-dluto-szpiczak\/","title":{"rendered":"RT-SDSA-PC-12\/250 MEISSEL"},"content":{"rendered":"<p>SDS+ 12\/250<\/p>\n<h3>Merkmale und Vorteile<\/h3>\n<ul class=\"style-check\">\n<li>4 spiralf\u00f6rmige Schneiden verhindern ein Verkeilen des Mei\u00dfels im Beton<\/li>\n<li>Die konkaven Fl\u00e4chen der Mei\u00dfelspitze erm\u00f6glichen es dem 100%, die Schlagenergie zu \u00fcbertragen<\/li>\n<li>Stahlspezifikation 34CrNiMo6 f\u00fcr hohe Festigkeit und lange Lebensdauer<\/li>\n<\/ul>\n<p><a href=\"https:\/\/e-zfk.pl\/wp-content\/uploads\/2023\/04\/65682.RAWLPLUG.PL_.RT-SDSA-PC-POINT-CHISEL-SDS-PLUS.pdf\">PRODUKT KARAT RT-SDSA-PC SPITZMEISSEL SDS PLUS<\/a><\/p>","protected":false},"excerpt":{"rendered":"<p>LONDON<\/p>","protected":false},"featured_media":936,"comment_status":"closed","ping_status":"closed","template":"","meta":{"om_disable_all_campaigns":false,"inline_featured_image":false,"_monsterinsights_skip_tracking":false,"_monsterinsights_sitenote_active":false,"_monsterinsights_sitenote_note":"","_monsterinsights_sitenote_category":0,"_uf_show_specific_survey":0,"_uf_disable_surveys":false},"product_cat":[57,17],"product_tag":[],"class_list":["post-676","product","type-product","status-publish","has-post-thumbnail","hentry","product_cat-dluta","product_cat-akcesoria-do-elektronarzedzi"],"aioseo_notices":[],"_links":{"self":[{"href":"https:\/\/e-zfk.pl\/de\/wp-json\/wp\/v2\/product\/676","targetHints":{"allow":["GET"]}}],"collection":[{"href":"https:\/\/e-zfk.pl\/de\/wp-json\/wp\/v2\/product"}],"about":[{"href":"https:\/\/e-zfk.pl\/de\/wp-json\/wp\/v2\/types\/product"}],"replies":[{"embeddable":true,"href":"https:\/\/e-zfk.pl\/de\/wp-json\/wp\/v2\/comments?post=676"}],"wp:featuredmedia":[{"embeddable":true,"href":"https:\/\/e-zfk.pl\/de\/wp-json\/wp\/v2\/media\/936"}],"wp:attachment":[{"href":"https:\/\/e-zfk.pl\/de\/wp-json\/wp\/v2\/media?parent=676"}],"wp:term":[{"taxonomy":"product_cat","embeddable":true,"href":"https:\/\/e-zfk.pl\/de\/wp-json\/wp\/v2\/product_cat?post=676"},{"taxonomy":"product_tag","embeddable":true,"href":"https:\/\/e-zfk.pl\/de\/wp-json\/wp\/v2\/product_tag?post=676"}],"curies":[{"name":"wp","href":"https:\/\/api.w.org\/{rel}","templated":true}]}}