{"id":678,"date":"2023-04-18T12:09:07","date_gmt":"2023-04-18T10:09:07","guid":{"rendered":"https:\/\/e-zfk.pl\/shop\/bez-kategorii\/rt-sdsb-10-460-wiertlo-bezudarowe-10-460\/"},"modified":"2023-06-12T15:24:06","modified_gmt":"2023-06-12T13:24:06","slug":"rt-sdsb-10-460-wiertlo-bezudarowe-10-460","status":"publish","type":"product","link":"https:\/\/e-zfk.pl\/de\/shop\/akcesoria-do-elektronarzedzi\/wiertla\/rt-sdsb-10-460-wiertlo-bezudarowe-10-460\/","title":{"rendered":"RT-SDSB-10-460 HAMMERLOSER BOHRER 10\/460"},"content":{"rendered":"<p><iframe loading=\"lazy\" title=\"RAWLPLUG-Bohrer Brickdrill SDS plus f\u00fcr schnelles Bohren in Lehmsteinen\" width=\"500\" height=\"281\" src=\"https:\/\/www.youtube.com\/embed\/RAZwHAgLHGY?feature=oembed\" frameborder=\"0\" allow=\"accelerometer; autoplay; clipboard-write; encrypted-media; gyroscope; picture-in-picture; web-share\" referrerpolicy=\"strict-origin-when-cross-origin\" allowfullscreen><\/iframe><\/p>\n<h3>Merkmale und Vorteile<\/h3>\n<ul class=\"style-check\">\n<li>Der 120\u00b0-Winkel des Gabeleinsatzes erm\u00f6glicht schnelles Bohren in Keramik und Beton, ohne das Material zu besch\u00e4digen<\/li>\n<li>Die langen Abmessungen des Bohrers erm\u00f6glichen das Bohren von L\u00f6chern auch durch Isolierungen<\/li>\n<li>Bohren ohne Schlag durch Schneiden des Materials<\/li>\n<li>Perfekt gerade L\u00f6cher ohne Besch\u00e4digung des Ziegels<\/li>\n<li>Die kurze Wicklung des Bohrers erm\u00f6glicht die Staubabsaugung zwischen den Fugen von Ziegeln und Betonsteinen<\/li>\n<li>Stahlspezifikation 34CrNiMo6 f\u00fcr hohe Festigkeit und lange Lebensdauer<\/li>\n<li>W\u00e4rmebehandlung zur Erh\u00f6hung der H\u00e4rte des Stahls auf 52 HRC f\u00fcr optimale Widerstandsf\u00e4higkeit w\u00e4hrend des Gebrauchs<\/li>\n<li>\u00c4u\u00dferst hohe Qualit\u00e4t, Zylindrizit\u00e4t und Ausrichtung der L\u00f6cher, best\u00e4tigt durch die internationale SicherSafe-Zertifizierung<\/li>\n<\/ul>\n<p><a href=\"https:\/\/e-zfk.pl\/wp-content\/uploads\/2023\/04\/8640.RAWLPLUG.PL_.RT-SDSB-DRILL-BITS-BRICKDRILL-SDS-PLUS.pdf\">BRICKDRIL-PRODUKTBLATT<\/a><\/p>","protected":false},"excerpt":{"rendered":"<p>HAMMERLOSE BOHRMASCHINE<\/p>","protected":false},"featured_media":927,"comment_status":"closed","ping_status":"closed","template":"","meta":{"om_disable_all_campaigns":false,"inline_featured_image":false,"_monsterinsights_skip_tracking":false,"_monsterinsights_sitenote_active":false,"_monsterinsights_sitenote_note":"","_monsterinsights_sitenote_category":0,"_uf_show_specific_survey":0,"_uf_disable_surveys":false},"product_cat":[30,17],"product_tag":[],"class_list":["post-678","product","type-product","status-publish","has-post-thumbnail","hentry","product_cat-wiertla","product_cat-akcesoria-do-elektronarzedzi"],"aioseo_notices":[],"_links":{"self":[{"href":"https:\/\/e-zfk.pl\/de\/wp-json\/wp\/v2\/product\/678","targetHints":{"allow":["GET"]}}],"collection":[{"href":"https:\/\/e-zfk.pl\/de\/wp-json\/wp\/v2\/product"}],"about":[{"href":"https:\/\/e-zfk.pl\/de\/wp-json\/wp\/v2\/types\/product"}],"replies":[{"embeddable":true,"href":"https:\/\/e-zfk.pl\/de\/wp-json\/wp\/v2\/comments?post=678"}],"wp:featuredmedia":[{"embeddable":true,"href":"https:\/\/e-zfk.pl\/de\/wp-json\/wp\/v2\/media\/927"}],"wp:attachment":[{"href":"https:\/\/e-zfk.pl\/de\/wp-json\/wp\/v2\/media?parent=678"}],"wp:term":[{"taxonomy":"product_cat","embeddable":true,"href":"https:\/\/e-zfk.pl\/de\/wp-json\/wp\/v2\/product_cat?post=678"},{"taxonomy":"product_tag","embeddable":true,"href":"https:\/\/e-zfk.pl\/de\/wp-json\/wp\/v2\/product_tag?post=678"}],"curies":[{"name":"wp","href":"https:\/\/api.w.org\/{rel}","templated":true}]}}