{"id":682,"date":"2023-04-18T12:09:20","date_gmt":"2023-04-18T10:09:20","guid":{"rendered":"https:\/\/e-zfk.pl\/shop\/bez-kategorii\/rt-sdsg-12-160-wiertlo-granit\/"},"modified":"2023-06-12T15:23:13","modified_gmt":"2023-06-12T13:23:13","slug":"rt-sdsg-12-160-wiertlo-granit","status":"publish","type":"product","link":"https:\/\/e-zfk.pl\/de\/shop\/akcesoria-do-elektronarzedzi\/wiertla\/rt-sdsg-12-160-wiertlo-granit\/","title":{"rendered":"RT-SDSG-12\/160 - GRANIT-BOHRER"},"content":{"rendered":"<h3>Merkmale und Vorteile<\/h3>\n<ul class=\"style-check\">\n<li>Die spezielle, konische Form der Gabel erm\u00f6glicht das Bohren in harte Granitplatten<\/li>\n<li>Der extra tiefe Sitz der Widia-Wendeplatte verbessert die Verbindung mit dem Bohrerschaft erheblich, was zu ihrer hohen Qualit\u00e4t beitr\u00e4gt<\/li>\n<li>Aggressive Rillen f\u00fcr schnelle Spanabfuhr und erh\u00f6hte Bohrgeschwindigkeit<\/li>\n<li>Stahlspezifikation 34CrNiMo6 f\u00fcr hohe Festigkeit und lange Lebensdauer<\/li>\n<li>W\u00e4rmebehandlung zur Erh\u00f6hung der H\u00e4rte des Stahls auf 52 HRC f\u00fcr optimale Widerstandsf\u00e4higkeit w\u00e4hrend des Gebrauchs<\/li>\n<li>\u00c4u\u00dferst hohe Qualit\u00e4t, Zylindrizit\u00e4t und Ausrichtung der L\u00f6cher, best\u00e4tigt durch die internationale SicherSafe-Zertifizierung<\/li>\n<\/ul>\n<p><a href=\"https:\/\/e-zfk.pl\/wp-content\/uploads\/2023\/04\/129275.RAWLPLUG.PL_.RT-SDSG-GRANITE-DRILL-BITS-SDS.pdf\">PRODUKTBLATT RT-SDSG-GRANIT<\/a><\/p>","protected":false},"excerpt":{"rendered":"<p>FR\u00dcHLING<\/p>","protected":false},"featured_media":921,"comment_status":"closed","ping_status":"closed","template":"","meta":{"om_disable_all_campaigns":false,"inline_featured_image":false,"_monsterinsights_skip_tracking":false,"_monsterinsights_sitenote_active":false,"_monsterinsights_sitenote_note":"","_monsterinsights_sitenote_category":0,"_uf_show_specific_survey":0,"_uf_disable_surveys":false},"product_cat":[30,17],"product_tag":[],"class_list":["post-682","product","type-product","status-publish","has-post-thumbnail","hentry","product_cat-wiertla","product_cat-akcesoria-do-elektronarzedzi"],"aioseo_notices":[],"_links":{"self":[{"href":"https:\/\/e-zfk.pl\/de\/wp-json\/wp\/v2\/product\/682","targetHints":{"allow":["GET"]}}],"collection":[{"href":"https:\/\/e-zfk.pl\/de\/wp-json\/wp\/v2\/product"}],"about":[{"href":"https:\/\/e-zfk.pl\/de\/wp-json\/wp\/v2\/types\/product"}],"replies":[{"embeddable":true,"href":"https:\/\/e-zfk.pl\/de\/wp-json\/wp\/v2\/comments?post=682"}],"wp:featuredmedia":[{"embeddable":true,"href":"https:\/\/e-zfk.pl\/de\/wp-json\/wp\/v2\/media\/921"}],"wp:attachment":[{"href":"https:\/\/e-zfk.pl\/de\/wp-json\/wp\/v2\/media?parent=682"}],"wp:term":[{"taxonomy":"product_cat","embeddable":true,"href":"https:\/\/e-zfk.pl\/de\/wp-json\/wp\/v2\/product_cat?post=682"},{"taxonomy":"product_tag","embeddable":true,"href":"https:\/\/e-zfk.pl\/de\/wp-json\/wp\/v2\/product_tag?post=682"}],"curies":[{"name":"wp","href":"https:\/\/api.w.org\/{rel}","templated":true}]}}