{"id":686,"date":"2023-04-18T12:09:27","date_gmt":"2023-04-18T10:09:27","guid":{"rendered":"https:\/\/e-zfk.pl\/shop\/bez-kategorii\/rt-sdsl-set1-zestaw-wiewrtel-6-8-10\/"},"modified":"2023-06-12T15:10:10","modified_gmt":"2023-06-12T13:10:10","slug":"rt-sdsl-set1-zestaw-wiewrtel-6-8-10","status":"publish","type":"product","link":"https:\/\/e-zfk.pl\/de\/shop\/akcesoria-do-elektronarzedzi\/wiertla\/rt-sdsl-set1-zestaw-wiewrtel-6-8-10\/","title":{"rendered":"RT-SDSL-SET1 Bohrer-Satz 6\/8\/10"},"content":{"rendered":"<h2>Bohrerset 6\/8\/10<\/h2>\n<p><iframe loading=\"lazy\" title=\"RAWLPLUG Drill Bits Rebardrill SDS plus zum Bohren in Stahlbeton\" width=\"500\" height=\"281\" src=\"https:\/\/www.youtube.com\/embed\/yIGnidYGKl4?feature=oembed\" frameborder=\"0\" allow=\"accelerometer; autoplay; clipboard-write; encrypted-media; gyroscope; picture-in-picture; web-share\" referrerpolicy=\"strict-origin-when-cross-origin\" allowfullscreen><\/iframe><\/p>\n<p>&nbsp;<\/p>\n<h3>Merkmale und Vorteile<\/h3>\n<ul class=\"style-check\">\n<li>Monolithische Hartmetallspitze erh\u00f6ht die Lebensdauer des Bohrers<\/li>\n<li>Zentrierspitze f\u00fcr schnellen Bohrbeginn ohne Abrutschen des Bohrers<\/li>\n<li>3 symmetrisch angeordnete Schneiden f\u00fcr perfekt gerade und axiale Bohrungen<\/li>\n<li>135\u00b0-Winkelspitze zum Bohren in Stahlbeton<\/li>\n<li>Der extra tiefe Sitz der Hartmetallplatte verbessert die Verbindung zum Bohrkern erheblich, was sich auf die Qualit\u00e4t der<\/li>\n<li>3 Absaugfl\u00e4chen und die spezielle Form der Bohrkrone erleichtern die Staubentfernung<\/li>\n<li>Stahlspezifikation 34CrNiMo6 f\u00fcr hohe Festigkeit und Haltbarkeit<\/li>\n<li>W\u00e4rmebehandlung, die die H\u00e4rte des Stahls auf 52 HRC erh\u00f6ht, um eine optimale Widerstandsf\u00e4higkeit im Betrieb zu gew\u00e4hrleisten<\/li>\n<li>Bohren ohne Besch\u00e4digung der Oberfl\u00e4che, auch im Randbereich<\/li>\n<li>Extrem hohe Qualit\u00e4t, Zylindrizit\u00e4t und axiale Ausrichtung der Bohrl\u00f6cher, best\u00e4tigt durch die internationale Sicher Safe Zertifizierung<\/li>\n<\/ul>","protected":false},"excerpt":{"rendered":"<p>ANWEISUNGEN<\/p>","protected":false},"featured_media":888,"comment_status":"closed","ping_status":"closed","template":"","meta":{"om_disable_all_campaigns":false,"inline_featured_image":false,"_monsterinsights_skip_tracking":false,"_monsterinsights_sitenote_active":false,"_monsterinsights_sitenote_note":"","_monsterinsights_sitenote_category":0,"_uf_show_specific_survey":0,"_uf_disable_surveys":false},"product_cat":[30,17],"product_tag":[],"class_list":["post-686","product","type-product","status-publish","has-post-thumbnail","hentry","product_cat-wiertla","product_cat-akcesoria-do-elektronarzedzi"],"aioseo_notices":[],"_links":{"self":[{"href":"https:\/\/e-zfk.pl\/de\/wp-json\/wp\/v2\/product\/686","targetHints":{"allow":["GET"]}}],"collection":[{"href":"https:\/\/e-zfk.pl\/de\/wp-json\/wp\/v2\/product"}],"about":[{"href":"https:\/\/e-zfk.pl\/de\/wp-json\/wp\/v2\/types\/product"}],"replies":[{"embeddable":true,"href":"https:\/\/e-zfk.pl\/de\/wp-json\/wp\/v2\/comments?post=686"}],"wp:featuredmedia":[{"embeddable":true,"href":"https:\/\/e-zfk.pl\/de\/wp-json\/wp\/v2\/media\/888"}],"wp:attachment":[{"href":"https:\/\/e-zfk.pl\/de\/wp-json\/wp\/v2\/media?parent=686"}],"wp:term":[{"taxonomy":"product_cat","embeddable":true,"href":"https:\/\/e-zfk.pl\/de\/wp-json\/wp\/v2\/product_cat?post=686"},{"taxonomy":"product_tag","embeddable":true,"href":"https:\/\/e-zfk.pl\/de\/wp-json\/wp\/v2\/product_tag?post=686"}],"curies":[{"name":"wp","href":"https:\/\/api.w.org\/{rel}","templated":true}]}}