{"id":691,"date":"2023-04-18T12:09:37","date_gmt":"2023-04-18T10:09:37","guid":{"rendered":"https:\/\/e-zfk.pl\/shop\/bez-kategorii\/rt-sdsr-12-160-beton-pret-12-160\/"},"modified":"2023-06-12T15:09:08","modified_gmt":"2023-06-12T13:09:08","slug":"rt-sdsr-12-160-beton-pret-12-160","status":"publish","type":"product","link":"https:\/\/e-zfk.pl\/de\/shop\/akcesoria-do-elektronarzedzi\/wiertla\/rt-sdsr-12-160-beton-pret-12-160\/","title":{"rendered":"RT-SDSR-12\/160 BETON + STANGE 12\/160"},"content":{"rendered":"<p><iframe loading=\"lazy\" title=\"RAWLPLUG Drill Bits Rebardrill SDS plus zum Bohren in Stahlbeton\" width=\"500\" height=\"281\" src=\"https:\/\/www.youtube.com\/embed\/yIGnidYGKl4?feature=oembed\" frameborder=\"0\" allow=\"accelerometer; autoplay; clipboard-write; encrypted-media; gyroscope; picture-in-picture; web-share\" referrerpolicy=\"strict-origin-when-cross-origin\" allowfullscreen><\/iframe><\/p>\n<h2>Merkmale und Vorteile<\/h2>\n<ul>\n<li>Monolithischer Widia-Einsatz erh\u00f6ht die Lebensdauer des Bohrers<\/li>\n<li>Die Zentrierspitze erm\u00f6glicht ein schnelles Anbohren ohne Abrutschen des Bohrers<\/li>\n<li>3 symmetrisch angeordnete Schneiden erm\u00f6glichen perfektes gerades und axiales Bohren<\/li>\n<li>Gabeleinsatz mit 135\u00b0 Eingriffswinkel zum Bohren in Stahlbeton<\/li>\n<li>Der extra tiefe Sitz der Widia-Wendeplatte verbessert die Verbindung mit dem Bohrerschaft erheblich, was zu ihrer hohen Qualit\u00e4t beitr\u00e4gt<\/li>\n<li>3 Absaugbereiche und die spezielle Form der Bohrkrone erleichtern die Staubabsaugung<\/li>\n<li>Stahlspezifikation 34CrNiMo6 f\u00fcr hohe Festigkeit und lange Lebensdauer<\/li>\n<li>Bohren ohne Zerst\u00f6rung des Untergrunds auch an den R\u00e4ndern<\/li>\n<li>\u00c4u\u00dferst hohe Qualit\u00e4t, Zylindrizit\u00e4t und Ausrichtung der L\u00f6cher, best\u00e4tigt durch die internationale SicherSafe-Zertifizierung<\/li>\n<\/ul>\n<p><a href=\"https:\/\/e-zfk.pl\/wp-content\/uploads\/2023\/04\/8642_rawlplug_pl_rt_sdsr_drill_bits_rebardrill_sds_plus.pdf\">Produkt-Charta<\/a><\/p>","protected":false},"excerpt":{"rendered":"<p>FR\u00dcHLING<\/p>","protected":false},"featured_media":888,"comment_status":"closed","ping_status":"closed","template":"","meta":{"om_disable_all_campaigns":false,"inline_featured_image":false,"_monsterinsights_skip_tracking":false,"_monsterinsights_sitenote_active":false,"_monsterinsights_sitenote_note":"","_monsterinsights_sitenote_category":0,"_uf_show_specific_survey":0,"_uf_disable_surveys":false},"product_cat":[30,17],"product_tag":[],"class_list":["post-691","product","type-product","status-publish","has-post-thumbnail","hentry","product_cat-wiertla","product_cat-akcesoria-do-elektronarzedzi"],"aioseo_notices":[],"_links":{"self":[{"href":"https:\/\/e-zfk.pl\/de\/wp-json\/wp\/v2\/product\/691","targetHints":{"allow":["GET"]}}],"collection":[{"href":"https:\/\/e-zfk.pl\/de\/wp-json\/wp\/v2\/product"}],"about":[{"href":"https:\/\/e-zfk.pl\/de\/wp-json\/wp\/v2\/types\/product"}],"replies":[{"embeddable":true,"href":"https:\/\/e-zfk.pl\/de\/wp-json\/wp\/v2\/comments?post=691"}],"wp:featuredmedia":[{"embeddable":true,"href":"https:\/\/e-zfk.pl\/de\/wp-json\/wp\/v2\/media\/888"}],"wp:attachment":[{"href":"https:\/\/e-zfk.pl\/de\/wp-json\/wp\/v2\/media?parent=691"}],"wp:term":[{"taxonomy":"product_cat","embeddable":true,"href":"https:\/\/e-zfk.pl\/de\/wp-json\/wp\/v2\/product_cat?post=691"},{"taxonomy":"product_tag","embeddable":true,"href":"https:\/\/e-zfk.pl\/de\/wp-json\/wp\/v2\/product_tag?post=691"}],"curies":[{"name":"wp","href":"https:\/\/api.w.org\/{rel}","templated":true}]}}