{"id":708,"date":"2023-04-18T12:10:10","date_gmt":"2023-04-18T10:10:10","guid":{"rendered":"https:\/\/e-zfk.pl\/shop\/bez-kategorii\/r-who-75182\/"},"modified":"2023-06-12T15:01:06","modified_gmt":"2023-06-12T13:01:06","slug":"r-who-75182","status":"publish","type":"product","link":"https:\/\/e-zfk.pl\/de\/shop\/materialy-budowlane\/montaz\/r-who-75182\/","title":{"rendered":"R-WHO-75182"},"content":{"rendered":"<h2>RAHMENBEFESTIGUNGSSCHRAUBE 182MM OP. 100 VE<\/h2>\n<h3>Merkmale und Vorteile<\/h3>\n<ul class=\"style-check\">\n<li>Flacher Kopf zum b\u00fcndigen Einbau in Fenster- und T\u00fcrrahmen.<\/li>\n<li>Die Befestigung ohne Spreizung belastet den Untergrund bei der Verlegung weniger<\/li>\n<li>Hohe Belastbarkeit bei relativ kleinem Bohrungsdurchmesser<\/li>\n<li>Einfache Demontage f\u00fcr tempor\u00e4re Arbeiten<\/li>\n<\/ul>\n<p><a href=\"https:\/\/e-zfk.pl\/wp-content\/uploads\/2023\/04\/R-WHO-KARTA-TECHNICZNA.pdf\">R-WHO - TECHNISCHES BLATT<\/a><\/p>","protected":false},"excerpt":{"rendered":"<p>WKR\u0118T DO MOCOWANIA O\u015aCIE\u017bNIC 182MM OP. 100SZT Cechy i zalety P\u0142aska g\u0142owica do monta\u017cu na r\u00f3wni z o\u015bcie\u017cnic\u0105 okienn\u0105 i drzwiow\u0105. Mocowanie bez rozszerzalno\u015bci nak\u0142ada mniejsze obci\u0105\u017cenie na pod\u0142o\u017ce podczas instalacji Wysokie rezystancje obci\u0105\u017cenia przy stosunkowo ma\u0142ej \u015brednicy otworu \u0141atwy demonta\u017c do prac tymczasowych R-WHO - KARTA TECHNICZNA<\/p>","protected":false},"featured_media":905,"comment_status":"closed","ping_status":"closed","template":"","meta":{"om_disable_all_campaigns":false,"inline_featured_image":false,"_monsterinsights_skip_tracking":false,"_monsterinsights_sitenote_active":false,"_monsterinsights_sitenote_note":"","_monsterinsights_sitenote_category":0,"_uf_show_specific_survey":0,"_uf_disable_surveys":false},"product_cat":[25,56],"product_tag":[],"class_list":["post-708","product","type-product","status-publish","has-post-thumbnail","hentry","product_cat-montaz","product_cat-sruby-kotwy"],"aioseo_notices":[],"_links":{"self":[{"href":"https:\/\/e-zfk.pl\/de\/wp-json\/wp\/v2\/product\/708","targetHints":{"allow":["GET"]}}],"collection":[{"href":"https:\/\/e-zfk.pl\/de\/wp-json\/wp\/v2\/product"}],"about":[{"href":"https:\/\/e-zfk.pl\/de\/wp-json\/wp\/v2\/types\/product"}],"replies":[{"embeddable":true,"href":"https:\/\/e-zfk.pl\/de\/wp-json\/wp\/v2\/comments?post=708"}],"wp:featuredmedia":[{"embeddable":true,"href":"https:\/\/e-zfk.pl\/de\/wp-json\/wp\/v2\/media\/905"}],"wp:attachment":[{"href":"https:\/\/e-zfk.pl\/de\/wp-json\/wp\/v2\/media?parent=708"}],"wp:term":[{"taxonomy":"product_cat","embeddable":true,"href":"https:\/\/e-zfk.pl\/de\/wp-json\/wp\/v2\/product_cat?post=708"},{"taxonomy":"product_tag","embeddable":true,"href":"https:\/\/e-zfk.pl\/de\/wp-json\/wp\/v2\/product_tag?post=708"}],"curies":[{"name":"wp","href":"https:\/\/api.w.org\/{rel}","templated":true}]}}