{"id":722,"date":"2023-04-18T12:10:35","date_gmt":"2023-04-18T10:10:35","guid":{"rendered":"https:\/\/e-zfk.pl\/shop\/bez-kategorii\/szpachla-komfort-120cm\/"},"modified":"2023-04-26T21:37:14","modified_gmt":"2023-04-26T19:37:14","slug":"szpachla-komfort-120cm","status":"publish","type":"product","link":"https:\/\/e-zfk.pl\/de\/shop\/narzedzia-reczne\/szpachle-pace-noze\/szpachla-komfort-120cm\/","title":{"rendered":"KOMFORT-SPACHTEL 120CM"},"content":{"rendered":"<h2>Gipsmesser<\/h2>\n<p>Es handelt sich um Werkzeuge, die bei allen Renovierungs- und Baut\u00e4tigkeiten vielseitig einsetzbar sind. Wir verwenden sie zum Auftragen von Gipsmassen, zum F\u00fcllen von Hohlr\u00e4umen - zum Beispiel in Holz oder Gips -, zum Gl\u00e4tten kleinerer Stellen, an denen wir Fugenmassen aufgetragen haben, oder zum Mischen verschiedener Arten von Substanzen sowie zum Kratzen oder Sch\u00e4len.<\/p>\n<h2>Vorteil\/Nutzen:<\/h2>\n<p>Das so genannte Abziehmesser ist ein modernes und langlebiges Design aus rostfreiem Stahl und einem Aluminiumgriff.<\/p>\n<h2>Material des Arbeitsteils:<\/h2>\n<p>Rostfreier Stahl<\/p>\n<h2>Schaft-Typ:<\/h2>\n<p>Aluminium<\/p>","protected":false},"excerpt":{"rendered":"<p>GL\u00c4TTUNGSMESSER<\/p>","protected":false},"featured_media":872,"comment_status":"closed","ping_status":"closed","template":"","meta":{"om_disable_all_campaigns":false,"inline_featured_image":false,"_monsterinsights_skip_tracking":false,"_monsterinsights_sitenote_active":false,"_monsterinsights_sitenote_note":"","_monsterinsights_sitenote_category":0,"_uf_show_specific_survey":0,"_uf_disable_surveys":false},"product_cat":[53,18],"product_tag":[],"class_list":["post-722","product","type-product","status-publish","has-post-thumbnail","hentry","product_cat-szpachle-pace-noze","product_cat-narzedzia-reczne"],"aioseo_notices":[],"_links":{"self":[{"href":"https:\/\/e-zfk.pl\/de\/wp-json\/wp\/v2\/product\/722","targetHints":{"allow":["GET"]}}],"collection":[{"href":"https:\/\/e-zfk.pl\/de\/wp-json\/wp\/v2\/product"}],"about":[{"href":"https:\/\/e-zfk.pl\/de\/wp-json\/wp\/v2\/types\/product"}],"replies":[{"embeddable":true,"href":"https:\/\/e-zfk.pl\/de\/wp-json\/wp\/v2\/comments?post=722"}],"wp:featuredmedia":[{"embeddable":true,"href":"https:\/\/e-zfk.pl\/de\/wp-json\/wp\/v2\/media\/872"}],"wp:attachment":[{"href":"https:\/\/e-zfk.pl\/de\/wp-json\/wp\/v2\/media?parent=722"}],"wp:term":[{"taxonomy":"product_cat","embeddable":true,"href":"https:\/\/e-zfk.pl\/de\/wp-json\/wp\/v2\/product_cat?post=722"},{"taxonomy":"product_tag","embeddable":true,"href":"https:\/\/e-zfk.pl\/de\/wp-json\/wp\/v2\/product_tag?post=722"}],"curies":[{"name":"wp","href":"https:\/\/api.w.org\/{rel}","templated":true}]}}