{"id":723,"date":"2023-04-18T12:10:36","date_gmt":"2023-04-18T10:10:36","guid":{"rendered":"https:\/\/e-zfk.pl\/shop\/bez-kategorii\/szpachla-komfort-80cm\/"},"modified":"2023-06-12T14:53:03","modified_gmt":"2023-06-12T12:53:03","slug":"szpachla-komfort-80cm","status":"publish","type":"product","link":"https:\/\/e-zfk.pl\/de\/shop\/narzedzia-reczne\/szpachle-pace-noze\/szpachla-komfort-80cm\/","title":{"rendered":"KOMFORT-SPACHTEL 80CM"},"content":{"rendered":"<h2>HARDY-SPACHTEL<\/h2>\n<h2>KOMFORT 80CM ALUMINIUM<\/h2>\n<p>Es handelt sich um Werkzeuge, die bei allen Renovierungs- und Baut\u00e4tigkeiten vielseitig einsetzbar sind. Wir verwenden sie zum Auftragen von Gipsspachtelmasse, zum Auff\u00fcllen von Fehlstellen - zum Beispiel in Holz oder Gips -, zum Gl\u00e4tten von kleinen Fl\u00e4chen, auf die wir Fugenmasse aufgetragen haben, oder zum Mischen verschiedener Stoffe sowie zum Kratzen oder Sch\u00e4len. Ein Produkt, das sich an Profis richtet.<\/p>\n<p>Eigenschaften:<\/p>\n<p>Es handelt sich um ein modernes und langlebiges Spachtelmesser aus rostfreiem Stahl mit einem Aluminiumgriff. Das Produkt richtet sich an Profis, die gro\u00dfe Fl\u00e4chen f\u00fcllen.<\/p>\n<ul>\n<li><b>Material des Arbeitsteils:<\/b>\u00a0Rostfreier Stahl<\/li>\n<li><b>Schaft-Typ:<\/b>\u00a0Aluminium<\/li>\n<\/ul>","protected":false},"excerpt":{"rendered":"<p>GL\u00c4TTUNGSMESSER<\/p>","protected":false},"featured_media":872,"comment_status":"closed","ping_status":"closed","template":"","meta":{"om_disable_all_campaigns":false,"inline_featured_image":false,"_monsterinsights_skip_tracking":false,"_monsterinsights_sitenote_active":false,"_monsterinsights_sitenote_note":"","_monsterinsights_sitenote_category":0,"_uf_show_specific_survey":0,"_uf_disable_surveys":false},"product_cat":[53,18],"product_tag":[],"class_list":["post-723","product","type-product","status-publish","has-post-thumbnail","hentry","product_cat-szpachle-pace-noze","product_cat-narzedzia-reczne"],"aioseo_notices":[],"_links":{"self":[{"href":"https:\/\/e-zfk.pl\/de\/wp-json\/wp\/v2\/product\/723","targetHints":{"allow":["GET"]}}],"collection":[{"href":"https:\/\/e-zfk.pl\/de\/wp-json\/wp\/v2\/product"}],"about":[{"href":"https:\/\/e-zfk.pl\/de\/wp-json\/wp\/v2\/types\/product"}],"replies":[{"embeddable":true,"href":"https:\/\/e-zfk.pl\/de\/wp-json\/wp\/v2\/comments?post=723"}],"wp:featuredmedia":[{"embeddable":true,"href":"https:\/\/e-zfk.pl\/de\/wp-json\/wp\/v2\/media\/872"}],"wp:attachment":[{"href":"https:\/\/e-zfk.pl\/de\/wp-json\/wp\/v2\/media?parent=723"}],"wp:term":[{"taxonomy":"product_cat","embeddable":true,"href":"https:\/\/e-zfk.pl\/de\/wp-json\/wp\/v2\/product_cat?post=723"},{"taxonomy":"product_tag","embeddable":true,"href":"https:\/\/e-zfk.pl\/de\/wp-json\/wp\/v2\/product_tag?post=723"}],"curies":[{"name":"wp","href":"https:\/\/api.w.org\/{rel}","templated":true}]}}