{"id":735,"date":"2023-04-18T12:10:59","date_gmt":"2023-04-18T10:10:59","guid":{"rendered":"https:\/\/e-zfk.pl\/shop\/bez-kategorii\/tasma-tynkarska-scley-48mmx30m\/"},"modified":"2023-04-26T14:57:46","modified_gmt":"2023-04-26T12:57:46","slug":"tasma-tynkarska-scley-48mmx30m","status":"publish","type":"product","link":"https:\/\/e-zfk.pl\/de\/shop\/materialy-budowlane\/tasmy-ochronne\/tasma-tynkarska-scley-48mmx30m\/","title":{"rendered":"SCLEY VERPUTZBAND 48MMX30M"},"content":{"rendered":"<h2>Das SCLEY-Putzband ist ein weit verbreitetes Band f\u00fcr Renovierungs- und Bauarbeiten.<\/h2>\n<p>&nbsp;<\/p>\n<p><strong>Farbe:<\/strong>\u00a0orange<\/p>\n<p><strong>Dimension:<\/strong>\u00a048mm x 33m<\/p>\n<p>&nbsp;<\/p>\n<h4>Vorteile des SCLEY-Materials Verputzband<\/h4>\n<ul>\n<li>ausgezeichnet f\u00fcr raue Oberfl\u00e4chen<\/li>\n<li>sehr hohe Klebkraft<\/li>\n<li>UV-best\u00e4ndig<\/li>\n<li>in Innenr\u00e4umen und im Freien bis zu 10 Tage<\/li>\n<li>Serie *294* KAEM<\/li>\n<\/ul>\n<p>&nbsp;<\/p>\n<h4><strong>\u00dcber den Hersteller KAEM<\/strong><\/h4>\n<p>KAEM ist ein Hersteller von hochwertigen Befestigungsl\u00f6sungen f\u00fcr die Bauindustrie. Dank seiner Erfahrung ist das Unternehmen in der Lage, die Erwartungen der Verbraucher zu erf\u00fcllen und moderne Produkte f\u00fcr den Baumarkt anzubieten.<\/p>","protected":false},"excerpt":{"rendered":"<p>10 TAGE IM INNEN- UND AUSSENBEREICH<\/p>","protected":false},"featured_media":854,"comment_status":"closed","ping_status":"closed","template":"","meta":{"om_disable_all_campaigns":false,"inline_featured_image":false,"_monsterinsights_skip_tracking":false,"_monsterinsights_sitenote_active":false,"_monsterinsights_sitenote_note":"","_monsterinsights_sitenote_category":0,"_uf_show_specific_survey":0,"_uf_disable_surveys":false},"product_cat":[52,15],"product_tag":[],"class_list":["post-735","product","type-product","status-publish","has-post-thumbnail","hentry","product_cat-tasmy-ochronne","product_cat-materialy-budowlane"],"aioseo_notices":[],"_links":{"self":[{"href":"https:\/\/e-zfk.pl\/de\/wp-json\/wp\/v2\/product\/735","targetHints":{"allow":["GET"]}}],"collection":[{"href":"https:\/\/e-zfk.pl\/de\/wp-json\/wp\/v2\/product"}],"about":[{"href":"https:\/\/e-zfk.pl\/de\/wp-json\/wp\/v2\/types\/product"}],"replies":[{"embeddable":true,"href":"https:\/\/e-zfk.pl\/de\/wp-json\/wp\/v2\/comments?post=735"}],"wp:featuredmedia":[{"embeddable":true,"href":"https:\/\/e-zfk.pl\/de\/wp-json\/wp\/v2\/media\/854"}],"wp:attachment":[{"href":"https:\/\/e-zfk.pl\/de\/wp-json\/wp\/v2\/media?parent=735"}],"wp:term":[{"taxonomy":"product_cat","embeddable":true,"href":"https:\/\/e-zfk.pl\/de\/wp-json\/wp\/v2\/product_cat?post=735"},{"taxonomy":"product_tag","embeddable":true,"href":"https:\/\/e-zfk.pl\/de\/wp-json\/wp\/v2\/product_tag?post=735"}],"curies":[{"name":"wp","href":"https:\/\/api.w.org\/{rel}","templated":true}]}}