{"id":743,"date":"2023-04-18T12:11:13","date_gmt":"2023-04-18T10:11:13","guid":{"rendered":"https:\/\/e-zfk.pl\/shop\/bez-kategorii\/weber-express-zaparwa-cementowa-szybka\/"},"modified":"2023-06-12T14:30:46","modified_gmt":"2023-06-12T12:30:46","slug":"weber-express-zaparwa-cementowa-szybka","status":"publish","type":"product","link":"https:\/\/e-zfk.pl\/de\/shop\/materialy-budowlane\/prochy\/weber-express-zaparwa-cementowa-szybka\/","title":{"rendered":"WEBER EXPRESS SCHNELLZEMENTM\u00d6RTEL"},"content":{"rendered":"<div class=\"panel panel-default\">\n<div id=\"tab-panel-about_this_product\" class=\"panel-collapse collapse in\" role=\"tabpanel\" aria-labelledby=\"tab-about_this_product\" aria-expanded=\"true\">\n<div class=\"panel-body\">\n<div id=\"content-96066\" class=\"section gee-text-media-block\">\n<div class=\"row\">\n<div class=\"col-md-12\">\n<div class=\"entry-body\">\n<div class=\"row\">\n<div class=\"col-sm-12\">\n<h1 class=\"product-title\">Weber EXPRESS<\/h1>\n<h2><\/h2>\n<h2>\u00dcber das Produkt<\/h2>\n<ul>\n<li>Zur Herstellung von sehr schnell abbindenden und trocknenden Unterb\u00f6den:\n<ul>\n<li>auf Betonuntergrund, Zementsockel usw. geklebt - Dicke 10-90 mm,<\/li>\n<li>auf Isolierungen aus Folie, Filz, Polystyrol, Mineralwolle usw. - Dicke 35-90 mm,<\/li>\n<li>mit Wasserheizung - 60-90 mm dick (einschlie\u00dflich mindestens 35 mm \u00fcber den Heizungsrohren),<\/li>\n<\/ul>\n<\/li>\n<li>F\u00fcr die Herstellung von gebrauchsfertigen Zementb\u00f6den in Heizungsr\u00e4umen, Kellern, Einzelgaragen, Wirtschaftsr\u00e4umen usw.<\/li>\n<li>Zur Verwendung in Wohnungen, B\u00fcros, Krankenh\u00e4usern, Schulen, Gesch\u00e4ften, Kinos usw. in \u00f6ffentlichen Einrichtungen.<\/li>\n<\/ul>\n<\/div>\n<\/div>\n<\/div>\n<\/div>\n<\/div>\n<\/div>\n<div id=\"content-23786\" class=\"section gee-text-media-block\">\n<div class=\"row\">\n<div class=\"col-md-12\">\n<div>\n<div class=\"entry-body\">\n<div class=\"row\">\n<div class=\"col-sm-12\">\n<ul>\n<li>Zur Herstellung von sehr schnell abbindenden und trocknenden Unterb\u00f6den:\n<ul>\n<li>auf Betonuntergrund, Zementsockel usw. geklebt - Dicke 10-90 mm,<\/li>\n<li>auf Isolierungen aus Folie, Filz, Polystyrol, Mineralwolle usw. - Dicke 35-90 mm,<\/li>\n<li>mit Wasserheizung - 60-90 mm dick (einschlie\u00dflich mindestens 35 mm \u00fcber den Heizungsrohren),<\/li>\n<\/ul>\n<\/li>\n<li>F\u00fcr die Herstellung von gebrauchsfertigen Zementb\u00f6den in Heizungsr\u00e4umen, Kellern, Einzelgaragen, Wirtschaftsr\u00e4umen usw.<\/li>\n<li>Zur Verwendung in Wohnungen, B\u00fcros, Krankenh\u00e4usern, Schulen, Gesch\u00e4ften, Kinos usw. in \u00f6ffentlichen Einrichtungen.<\/li>\n<\/ul>\n<\/div>\n<\/div>\n<\/div>\n<\/div>\n<\/div>\n<\/div>\n<\/div>\n<\/div>\n<\/div>\n<\/div>\n<div class=\"panel panel-default\">\n<div id=\"tab-product_features_and_benefits\" class=\"panel-heading\" role=\"tab\">\n<h2 class=\"panel-title\">Wichtigste Produktmerkmale<i class=\"fa fa-plus\"><\/i><\/h2>\n<\/div>\n<div id=\"tab-panel-product_features_and_benefits\" class=\"panel-collapse collapse in\" role=\"tabpanel\" aria-labelledby=\"tab-product_features_and_benefits\" aria-expanded=\"true\">\n<div class=\"panel-body\">\n<div id=\"content-23791\" class=\"section gee-text-media-block\">\n<div class=\"row\">\n<div class=\"col-md-12\">\n<div>\n<div class=\"entry-body\">\n<div class=\"row\">\n<div class=\"col-sm-12\">\n<ul>\n<li>Klebt und trocknet sehr schnell<\/li>\n<li>Sehr hohe Druckfestigkeit<\/li>\n<li>Fu\u00dfg\u00e4ngerverkehr nach etwa 8 Stunden<\/li>\n<li>Kacheln nach ca. 24 Stunden<\/li>\n<li>Volle Ladung nach 3 Tagen<\/li>\n<li>Reduzierte lineare Schrumpfung - erh\u00f6hte Sicherheit<\/li>\n<li>Wasserfest und frostsicher nach dem Aush\u00e4rten<\/li>\n<\/ul>\n<h5><a href=\"https:\/\/e-zfk.pl\/wp-content\/uploads\/2023\/04\/printable_sheet_weber_EXPRESS.pdf\">Informationsblatt Weber_EXPRESS<\/a><\/h5>\n<\/div>\n<\/div>\n<\/div>\n<\/div>\n<\/div>\n<\/div>\n<\/div>\n<\/div>\n<\/div>\n<\/div>","protected":false},"excerpt":{"rendered":"<p>Fertigparkett und Zementestrich, 10-90 mm<\/p>","protected":false},"featured_media":816,"comment_status":"closed","ping_status":"closed","template":"","meta":{"om_disable_all_campaigns":false,"inline_featured_image":false,"_monsterinsights_skip_tracking":false,"_monsterinsights_sitenote_active":false,"_monsterinsights_sitenote_note":"","_monsterinsights_sitenote_category":0,"_uf_show_specific_survey":0,"_uf_disable_surveys":false},"product_cat":[48,54,15],"product_tag":[],"class_list":["post-743","product","type-product","status-publish","has-post-thumbnail","hentry","product_cat-prochy","product_cat-sylikony-akryle-kleje","product_cat-materialy-budowlane"],"aioseo_notices":[],"_links":{"self":[{"href":"https:\/\/e-zfk.pl\/de\/wp-json\/wp\/v2\/product\/743","targetHints":{"allow":["GET"]}}],"collection":[{"href":"https:\/\/e-zfk.pl\/de\/wp-json\/wp\/v2\/product"}],"about":[{"href":"https:\/\/e-zfk.pl\/de\/wp-json\/wp\/v2\/types\/product"}],"replies":[{"embeddable":true,"href":"https:\/\/e-zfk.pl\/de\/wp-json\/wp\/v2\/comments?post=743"}],"wp:featuredmedia":[{"embeddable":true,"href":"https:\/\/e-zfk.pl\/de\/wp-json\/wp\/v2\/media\/816"}],"wp:attachment":[{"href":"https:\/\/e-zfk.pl\/de\/wp-json\/wp\/v2\/media?parent=743"}],"wp:term":[{"taxonomy":"product_cat","embeddable":true,"href":"https:\/\/e-zfk.pl\/de\/wp-json\/wp\/v2\/product_cat?post=743"},{"taxonomy":"product_tag","embeddable":true,"href":"https:\/\/e-zfk.pl\/de\/wp-json\/wp\/v2\/product_tag?post=743"}],"curies":[{"name":"wp","href":"https:\/\/api.w.org\/{rel}","templated":true}]}}