{"id":745,"date":"2023-04-18T12:11:17","date_gmt":"2023-04-18T10:11:17","guid":{"rendered":"https:\/\/e-zfk.pl\/shop\/bez-kategorii\/welna-ursa-gr-50-df35-gold-op-125m2\/"},"modified":"2023-06-12T14:30:14","modified_gmt":"2023-06-12T12:30:14","slug":"welna-ursa-gr-50-df35-gold-op-125m2","status":"publish","type":"product","link":"https:\/\/e-zfk.pl\/de\/shop\/materialy-budowlane\/ocieplanie-budynku\/welna-ursa-gr-50-df35-gold-op-125m2\/","title":{"rendered":"URSA WOLLE GR.50 DF35 GOLD OP. 12,5m2"},"content":{"rendered":"<h1>URSA GOLD 35<\/h1>\n<p>Isoliermatte aus Glasmineralwolle in einer Rolle.<br \/>\nDas Produkt ist dampfdurchl\u00e4ssig und komprimierbar.<br \/>\nErh\u00e4ltlich in 5 Dicken.<\/p>\n<p>Technische Daten<\/p>\n<p>Eigenschaften:<br \/>\n- W\u00e4rmeleitf\u00e4higkeitskoeffizient \u03bb<sub>D<\/sub>\u00a0= 0,035 W\/mK;<br \/>\n- besonders elastische Fasern - das Material verkeilt sich je nach Sparrenabstand effektiv ohne Aussteifung;<br \/>\n- Klassifizierung des Brandverhaltens - A1 gem\u00e4\u00df EN 13501-1 \/ nicht brennbares Material.<\/p>\n<p><b>Produktparameter<\/b><\/p>\n<table id=\"tabela_parametrow\" width=\"100%\" cellspacing=\"1\">\n<tbody>\n<tr>\n<td class=\"prod_table_head\" align=\"center\" valign=\"top\" width=\"16%\">\n<div class=\"tc\">Dicke<br \/>\n[mm].<\/div>\n<\/td>\n<td class=\"prod_table_head\" align=\"center\" valign=\"top\" width=\"16%\">\n<div class=\"tc\">Breite<br \/>\n[mm].<\/div>\n<\/td>\n<td class=\"prod_table_head\" align=\"center\" valign=\"top\" width=\"16%\">\n<div class=\"tc\">L\u00e4nge<br \/>\n[mm].<\/div>\n<\/td>\n<td class=\"prod_table_head\" align=\"center\" valign=\"top\" width=\"16%\">\n<div class=\"tc\">W\u00e4rmewiderstand R<sub><small>D<\/small><\/sub><br \/>\n[m<sup><small>2<\/small><\/sup>K\/W]<\/div>\n<\/td>\n<td class=\"prod_table_head\" align=\"center\" valign=\"top\" width=\"16%\">\n<div class=\"tc\">\u03bb<sub><small>D<\/small><\/sub><br \/>\n[W\/mK]<\/div>\n<\/td>\n<td class=\"prod_table_head\" align=\"center\" valign=\"top\" width=\"16%\">\n<div class=\"tc\">m<sup><small>2<\/small><\/sup>\u00a0im Paket<br \/>\n[m<sup><small>2<\/small><\/sup>]<\/div>\n<\/td>\n<\/tr>\n<tr>\n<td class=\"prod_table_row_a\" align=\"center\" valign=\"top\" width=\"16%\">\n<div class=\"tc\">40<\/div>\n<\/td>\n<td class=\"prod_table_row_a\" align=\"center\" valign=\"top\" width=\"16%\">\n<div class=\"tc\">1250<\/div>\n<\/td>\n<td class=\"prod_table_row_a\" align=\"center\" valign=\"top\" width=\"16%\">\n<div class=\"tc\">11000<\/div>\n<\/td>\n<td class=\"prod_table_row_a\" align=\"center\" valign=\"top\" width=\"16%\">\n<div class=\"tc\">1,10<\/div>\n<\/td>\n<td class=\"prod_table_row_a\" align=\"center\" valign=\"top\" width=\"16%\">\n<div class=\"tc\">0,035<\/div>\n<\/td>\n<td class=\"prod_table_row_a\" align=\"center\" valign=\"top\" width=\"16%\">\n<div class=\"tc\">13,75<\/div>\n<\/td>\n<\/tr>\n<tr>\n<td class=\"prod_table_row_b\" align=\"center\" valign=\"top\" width=\"16%\">\n<div class=\"tc\">50<\/div>\n<\/td>\n<td class=\"prod_table_row_b\" align=\"center\" valign=\"top\" width=\"16%\">\n<div class=\"tc\">1250<\/div>\n<\/td>\n<td class=\"prod_table_row_b\" align=\"center\" valign=\"top\" width=\"16%\">\n<div class=\"tc\">10000<\/div>\n<\/td>\n<td class=\"prod_table_row_b\" align=\"center\" valign=\"top\" width=\"16%\">\n<div class=\"tc\">1,40<\/div>\n<\/td>\n<td class=\"prod_table_row_b\" align=\"center\" valign=\"top\" width=\"16%\">\n<div class=\"tc\">0,035<\/div>\n<\/td>\n<td class=\"prod_table_row_b\" align=\"center\" valign=\"top\" width=\"16%\">\n<div class=\"tc\">12,50<\/div>\n<\/td>\n<\/tr>\n<tr>\n<td class=\"prod_table_row_a\" align=\"center\" valign=\"top\" width=\"16%\">\n<div class=\"tc\">60<\/div>\n<\/td>\n<td class=\"prod_table_row_a\" align=\"center\" valign=\"top\" width=\"16%\">\n<div class=\"tc\">1250<\/div>\n<\/td>\n<td class=\"prod_table_row_a\" align=\"center\" valign=\"top\" width=\"16%\">\n<div class=\"tc\">8400<\/div>\n<\/td>\n<td class=\"prod_table_row_a\" align=\"center\" valign=\"top\" width=\"16%\">\n<div class=\"tc\">1,70<\/div>\n<\/td>\n<td class=\"prod_table_row_a\" align=\"center\" valign=\"top\" width=\"16%\">\n<div class=\"tc\">0,035<\/div>\n<\/td>\n<td class=\"prod_table_row_a\" align=\"center\" valign=\"top\" width=\"16%\">\n<div class=\"tc\">10,50<\/div>\n<\/td>\n<\/tr>\n<tr>\n<td class=\"prod_table_row_b\" align=\"center\" valign=\"top\" width=\"16%\">\n<div class=\"tc\">80<\/div>\n<\/td>\n<td class=\"prod_table_row_b\" align=\"center\" valign=\"top\" width=\"16%\">\n<div class=\"tc\">1250<\/div>\n<\/td>\n<td class=\"prod_table_row_b\" align=\"center\" valign=\"top\" width=\"16%\">\n<div class=\"tc\">6000<\/div>\n<\/td>\n<td class=\"prod_table_row_b\" align=\"center\" valign=\"top\" width=\"16%\">\n<div class=\"tc\">2,25<\/div>\n<\/td>\n<td class=\"prod_table_row_b\" align=\"center\" valign=\"top\" width=\"16%\">\n<div class=\"tc\">0,035<\/div>\n<\/td>\n<td class=\"prod_table_row_b\" align=\"center\" valign=\"top\" width=\"16%\">\n<div class=\"tc\">7,50<\/div>\n<\/td>\n<\/tr>\n<tr>\n<td class=\"prod_table_row_a\" align=\"center\" valign=\"top\" width=\"16%\">\n<div class=\"tc\">100<\/div>\n<\/td>\n<td class=\"prod_table_row_a\" align=\"center\" valign=\"top\" width=\"16%\">\n<div class=\"tc\">1250<\/div>\n<\/td>\n<td class=\"prod_table_row_a\" align=\"center\" valign=\"top\" width=\"16%\">\n<div class=\"tc\">5000<\/div>\n<\/td>\n<td class=\"prod_table_row_a\" align=\"center\" valign=\"top\" width=\"16%\">\n<div class=\"tc\">2,85<\/div>\n<\/td>\n<td class=\"prod_table_row_a\" align=\"center\" valign=\"top\" width=\"16%\">\n<div class=\"tc\">0,035<\/div>\n<\/td>\n<td class=\"prod_table_row_a\" align=\"center\" valign=\"top\" width=\"16%\">\n<div class=\"tc\">6,25<\/div>\n<\/td>\n<\/tr>\n<tr>\n<td class=\"prod_table_row_b\" align=\"center\" valign=\"top\" width=\"16%\">\n<div class=\"tc\">120<\/div>\n<\/td>\n<td class=\"prod_table_row_b\" align=\"center\" valign=\"top\" width=\"16%\">\n<div class=\"tc\">1250<\/div>\n<\/td>\n<td class=\"prod_table_row_b\" align=\"center\" valign=\"top\" width=\"16%\">\n<div class=\"tc\">4200<\/div>\n<\/td>\n<td class=\"prod_table_row_b\" align=\"center\" valign=\"top\" width=\"16%\">\n<div class=\"tc\">3,40<\/div>\n<\/td>\n<td class=\"prod_table_row_b\" align=\"center\" valign=\"top\" width=\"16%\">\n<div class=\"tc\">0,035<\/div>\n<\/td>\n<td class=\"prod_table_row_b\" align=\"center\" valign=\"top\" width=\"16%\">\n<div class=\"tc\">5,25<\/div>\n<\/td>\n<\/tr>\n<tr>\n<td class=\"prod_table_row_a\" align=\"center\" valign=\"top\" width=\"16%\">\n<div class=\"tc\">140<\/div>\n<\/td>\n<td class=\"prod_table_row_a\" align=\"center\" valign=\"top\" width=\"16%\">\n<div class=\"tc\">1250<\/div>\n<\/td>\n<td class=\"prod_table_row_a\" align=\"center\" valign=\"top\" width=\"16%\">\n<div class=\"tc\">3200<\/div>\n<\/td>\n<td class=\"prod_table_row_a\" align=\"center\" valign=\"top\" width=\"16%\">\n<div class=\"tc\">4,00<\/div>\n<\/td>\n<td class=\"prod_table_row_a\" align=\"center\" valign=\"top\" width=\"16%\">\n<div class=\"tc\">0,035<\/div>\n<\/td>\n<td class=\"prod_table_row_a\" align=\"center\" valign=\"top\" width=\"16%\">\n<div class=\"tc\">4,00<\/div>\n<\/td>\n<\/tr>\n<tr>\n<td class=\"prod_table_row_b\" align=\"center\" valign=\"top\" width=\"16%\">\n<div class=\"tc\">150<\/div>\n<\/td>\n<td class=\"prod_table_row_b\" align=\"center\" valign=\"top\" width=\"16%\">\n<div class=\"tc\">1250<\/div>\n<\/td>\n<td class=\"prod_table_row_b\" align=\"center\" valign=\"top\" width=\"16%\">\n<div class=\"tc\">3400<\/div>\n<\/td>\n<td class=\"prod_table_row_b\" align=\"center\" valign=\"top\" width=\"16%\">\n<div class=\"tc\">4,25<\/div>\n<\/td>\n<td class=\"prod_table_row_b\" align=\"center\" valign=\"top\" width=\"16%\">\n<div class=\"tc\">0,035<\/div>\n<\/td>\n<td class=\"prod_table_row_b\" align=\"center\" valign=\"top\" width=\"16%\">\n<div class=\"tc\">4,25<\/div>\n<\/td>\n<\/tr>\n<tr>\n<td class=\"prod_table_row_a\" align=\"center\" valign=\"top\" width=\"16%\">\n<div class=\"tc\">160<\/div>\n<\/td>\n<td class=\"prod_table_row_a\" align=\"center\" valign=\"top\" width=\"16%\">\n<div class=\"tc\">1250<\/div>\n<\/td>\n<td class=\"prod_table_row_a\" align=\"center\" valign=\"top\" width=\"16%\">\n<div class=\"tc\">3200<\/div>\n<\/td>\n<td class=\"prod_table_row_a\" align=\"center\" valign=\"top\" width=\"16%\">\n<div class=\"tc\">4,55<\/div>\n<\/td>\n<td class=\"prod_table_row_a\" align=\"center\" valign=\"top\" width=\"16%\">\n<div class=\"tc\">0,035<\/div>\n<\/td>\n<td class=\"prod_table_row_a\" align=\"center\" valign=\"top\" width=\"16%\">\n<div class=\"tc\">4,00<\/div>\n<\/td>\n<\/tr>\n<tr>\n<td class=\"prod_table_row_b\" align=\"center\" valign=\"top\" width=\"16%\">\n<div class=\"tc\">180<\/div>\n<\/td>\n<td class=\"prod_table_row_b\" align=\"center\" valign=\"top\" width=\"16%\">\n<div class=\"tc\">1250<\/div>\n<\/td>\n<td class=\"prod_table_row_b\" align=\"center\" valign=\"top\" width=\"16%\">\n<div class=\"tc\">3000<\/div>\n<\/td>\n<td class=\"prod_table_row_b\" align=\"center\" valign=\"top\" width=\"16%\">\n<div class=\"tc\">5,10<\/div>\n<\/td>\n<td class=\"prod_table_row_b\" align=\"center\" valign=\"top\" width=\"16%\">\n<div class=\"tc\">0,035<\/div>\n<\/td>\n<td class=\"prod_table_row_b\" align=\"center\" valign=\"top\" width=\"16%\">\n<div class=\"tc\">3,75<\/div>\n<\/td>\n<\/tr>\n<tr>\n<td class=\"prod_table_row_a\" align=\"center\" valign=\"top\" width=\"16%\">\n<div class=\"tc\">200<\/div>\n<\/td>\n<td class=\"prod_table_row_a\" align=\"center\" valign=\"top\" width=\"16%\">\n<div class=\"tc\">1250<\/div>\n<\/td>\n<td class=\"prod_table_row_a\" align=\"center\" valign=\"top\" width=\"16%\">\n<div class=\"tc\">2800<\/div>\n<\/td>\n<td class=\"prod_table_row_a\" align=\"center\" valign=\"top\" width=\"16%\">\n<div class=\"tc\">5,70<\/div>\n<\/td>\n<td class=\"prod_table_row_a\" align=\"center\" valign=\"top\" width=\"16%\">\n<div class=\"tc\">0,035<\/div>\n<\/td>\n<td class=\"prod_table_row_a\" align=\"center\" valign=\"top\" width=\"16%\">\n<div class=\"tc\">3,50<\/div>\n<\/td>\n<\/tr>\n<tr>\n<td class=\"prod_table_row_b\" align=\"center\" valign=\"top\" width=\"16%\">\n<div class=\"tc\">220<\/div>\n<\/td>\n<td class=\"prod_table_row_b\" align=\"center\" valign=\"top\" width=\"16%\">\n<div class=\"tc\">1250<\/div>\n<\/td>\n<td class=\"prod_table_row_b\" align=\"center\" valign=\"top\" width=\"16%\">\n<div class=\"tc\">2600<\/div>\n<\/td>\n<td class=\"prod_table_row_b\" align=\"center\" valign=\"top\" width=\"16%\">\n<div class=\"tc\">6,25<\/div>\n<\/td>\n<td class=\"prod_table_row_b\" align=\"center\" valign=\"top\" width=\"16%\">\n<div class=\"tc\">0,035<\/div>\n<\/td>\n<td class=\"prod_table_row_b\" align=\"center\" valign=\"top\" width=\"16%\">\n<div class=\"tc\">3,25<\/div>\n<\/td>\n<\/tr>\n<tr>\n<td class=\"prod_table_row_a\" align=\"center\" valign=\"top\" width=\"16%\">\n<div class=\"tc\">250<\/div>\n<\/td>\n<td class=\"prod_table_row_a\" align=\"center\" valign=\"top\" width=\"16%\">\n<div class=\"tc\">1250<\/div>\n<\/td>\n<td class=\"prod_table_row_a\" align=\"center\" valign=\"top\" width=\"16%\">\n<div class=\"tc\">2600<\/div>\n<\/td>\n<td class=\"prod_table_row_a\" align=\"center\" valign=\"top\" width=\"16%\">\n<div class=\"tc\">7,10<\/div>\n<\/td>\n<td class=\"prod_table_row_a\" align=\"center\" valign=\"top\" width=\"16%\">\n<div class=\"tc\">0,035<\/div>\n<\/td>\n<td class=\"prod_table_row_a\" align=\"center\" valign=\"top\" width=\"16%\">\n<div class=\"tc\">3,25<\/div>\n<\/td>\n<\/tr>\n<\/tbody>\n<\/table>\n<p>Beschreibung des Produkts<\/p>\n<p>Die Sicherstellung einer angemessenen W\u00e4rmed\u00e4mmung ist eine der wichtigsten Herausforderungen f\u00fcr jeden, der sich den M\u00fchen des Hausbaus unterzieht. Von allen auf dem Markt erh\u00e4ltlichen D\u00e4mmstoffen sind die folgenden von besonderem Interesse\u00a0<a href=\"https:\/\/www.ursa.pl\/produkty\">Glaswolle<\/a>Glaswolle wird in einer Vielzahl von Varianten und Dichten angeboten, so dass das D\u00e4mmmaterial je nach den thermischen und akustischen Anforderungen des Geb\u00e4udes ausgew\u00e4hlt werden kann. Ein beliebter Typ von Glaswolle ist URSA GOLD 35.<\/p>\n<h2>URSA GOLD 35 - langlebiger D\u00e4mmstoff<\/h2>\n<p>URSA GOLD 35 Glaswolle wird in Form von D\u00e4mmmatten und als Rollenware angeboten und ist ein einfach zu verarbeitendes, hochwertiges D\u00e4mmmaterial, das nicht nur zur Verbesserung der D\u00e4mmung von Innenw\u00e4nden, sondern auch von Dachb\u00f6den, Decken und Dachschr\u00e4gen geeignet ist. URSA GOLD 35 ist in verschiedenen Dicken erh\u00e4ltlich und zeichnet sich durch einen niedrigen W\u00e4rmeleitkoeffizienten aus. Das Produkt ist nicht brennbar und erf\u00fcllt strenge Brandschutznormen.<\/p>\n<h2>URSA GOLD 35 Glaswolle - Vorteile<\/h2>\n<p>Die Glaswolle URSA GOLD 35 ist ein leicht zu verarbeitender, langlebiger und effizienter D\u00e4mmstoff, der sich durch sein praktisches Verpackungsformat (Rolle) und die verwendete Mattenperforationstechnik leicht zuschneiden l\u00e4sst. Dank der hohen Elastizit\u00e4t der Fasern, die eine einfache Verkeilung zwischen den tragenden Elementen des Daches erm\u00f6glicht, ben\u00f6tigt URSA GOLD 35 Glaswolle au\u00dferdem keine zus\u00e4tzlichen Befestigungselemente, was sich positiv auf die Geschwindigkeit der Verarbeitung auswirkt. All diese Eigenschaften machen sie zu einer ausgezeichneten Wahl f\u00fcr alle, die eine langlebige und robuste D\u00e4mmwolle suchen, die viele Jahre lang funktioniert.<\/p>\n<h5><a href=\"https:\/\/e-zfk.pl\/wp-content\/uploads\/2023\/04\/karta-produktu-ursa-gold-35-1.pdf\">produkt-karte-ursa-gold-35<\/a><\/h5>","protected":false},"excerpt":{"rendered":"<p>Isoliermatte aus Glasmineralwolle in einer Rolle.<\/p>","protected":false},"featured_media":806,"comment_status":"closed","ping_status":"closed","template":"","meta":{"om_disable_all_campaigns":false,"inline_featured_image":false,"_monsterinsights_skip_tracking":false,"_monsterinsights_sitenote_active":false,"_monsterinsights_sitenote_note":"","_monsterinsights_sitenote_category":0,"_uf_show_specific_survey":0,"_uf_disable_surveys":false},"product_cat":[22,15],"product_tag":[],"class_list":["post-745","product","type-product","status-publish","has-post-thumbnail","hentry","product_cat-ocieplanie-budynku","product_cat-materialy-budowlane"],"aioseo_notices":[],"_links":{"self":[{"href":"https:\/\/e-zfk.pl\/de\/wp-json\/wp\/v2\/product\/745","targetHints":{"allow":["GET"]}}],"collection":[{"href":"https:\/\/e-zfk.pl\/de\/wp-json\/wp\/v2\/product"}],"about":[{"href":"https:\/\/e-zfk.pl\/de\/wp-json\/wp\/v2\/types\/product"}],"replies":[{"embeddable":true,"href":"https:\/\/e-zfk.pl\/de\/wp-json\/wp\/v2\/comments?post=745"}],"wp:featuredmedia":[{"embeddable":true,"href":"https:\/\/e-zfk.pl\/de\/wp-json\/wp\/v2\/media\/806"}],"wp:attachment":[{"href":"https:\/\/e-zfk.pl\/de\/wp-json\/wp\/v2\/media?parent=745"}],"wp:term":[{"taxonomy":"product_cat","embeddable":true,"href":"https:\/\/e-zfk.pl\/de\/wp-json\/wp\/v2\/product_cat?post=745"},{"taxonomy":"product_tag","embeddable":true,"href":"https:\/\/e-zfk.pl\/de\/wp-json\/wp\/v2\/product_tag?post=745"}],"curies":[{"name":"wp","href":"https:\/\/api.w.org\/{rel}","templated":true}]}}