{"id":746,"date":"2023-04-18T12:11:19","date_gmt":"2023-04-18T10:11:19","guid":{"rendered":"https:\/\/e-zfk.pl\/shop\/bez-kategorii\/welna-ursa-gr100-profilo-39-op-90m2\/"},"modified":"2023-04-23T22:30:52","modified_gmt":"2023-04-23T20:30:52","slug":"welna-ursa-gr100-profilo-39-op-90m2","status":"publish","type":"product","link":"https:\/\/e-zfk.pl\/de\/shop\/materialy-budowlane\/ocieplanie-budynku\/welna-ursa-gr100-profilo-39-op-90m2\/","title":{"rendered":"WOLNA URSA GR100 PROFILO 39 OP.9,0m2"},"content":{"rendered":"<h1>URSA PROFILO 39<\/h1>\n<h3>Nichtlaminierte, komprimierte, dampfdurchl\u00e4ssige, hydrophobe Fasern.<\/h3>\n<p>Technische Daten<\/p>\n<p>Eigenschaften:<br \/>\n- W\u00e4rmeleitf\u00e4higkeitskoeffizient \u03bb<sub>D<\/sub>\u00a0= 0,039 W\/mK;<br \/>\n- Klassifizierung des Brandverhaltens: - A1 nach EN 13501-1 \/ nicht brennbares Material.<\/p>\n<p><b>Produktparameter<\/b><\/p>\n<table id=\"tabela_parametrow\" width=\"100%\" cellspacing=\"1\">\n<tbody>\n<tr>\n<td class=\"prod_table_head\" align=\"center\" valign=\"top\" width=\"16%\">\n<div class=\"tc\">Dicke<br \/>\n[mm].<\/div>\n<\/td>\n<td class=\"prod_table_head\" align=\"center\" valign=\"top\" width=\"16%\">\n<div class=\"tc\">Breite<br \/>\n[mm].<\/div>\n<\/td>\n<td class=\"prod_table_head\" align=\"center\" valign=\"top\" width=\"16%\">\n<div class=\"tc\">L\u00e4nge<br \/>\n[mm].<\/div>\n<\/td>\n<td class=\"prod_table_head\" align=\"center\" valign=\"top\" width=\"16%\">\n<div class=\"tc\">W\u00e4rmewiderstand R<sub><small>D<\/small><\/sub><br \/>\n[m<sup><small>2<\/small><\/sup>K\/W]<\/div>\n<\/td>\n<td class=\"prod_table_head\" align=\"center\" valign=\"top\" width=\"16%\">\n<div class=\"tc\">\u03bb<sub><small>D<\/small><\/sub><br \/>\n[W\/mK]<\/div>\n<\/td>\n<td class=\"prod_table_head\" align=\"center\" valign=\"top\" width=\"16%\">\n<div class=\"tc\">m<sup><small>2<\/small><\/sup>\u00a0im Paket<br \/>\n[m<sup><small>2<\/small><\/sup>]<\/div>\n<\/td>\n<\/tr>\n<tr>\n<td class=\"prod_table_row_a\" align=\"center\" valign=\"top\" width=\"16%\">\n<div class=\"tc\">40<\/div>\n<\/td>\n<td class=\"prod_table_row_a\" align=\"center\" valign=\"top\" width=\"16%\">\n<div class=\"tc\">600<\/div>\n<\/td>\n<td class=\"prod_table_row_a\" align=\"center\" valign=\"top\" width=\"16%\">\n<div class=\"tc\">1250<\/div>\n<\/td>\n<td class=\"prod_table_row_a\" align=\"center\" valign=\"top\" width=\"16%\">\n<div class=\"tc\">1,00<\/div>\n<\/td>\n<td class=\"prod_table_row_a\" align=\"center\" valign=\"top\" width=\"16%\">\n<div class=\"tc\">0,039<\/div>\n<\/td>\n<td class=\"prod_table_row_a\" align=\"center\" valign=\"top\" width=\"16%\">\n<div class=\"tc\">18,00<\/div>\n<\/td>\n<\/tr>\n<tr>\n<td class=\"prod_table_row_b\" align=\"center\" valign=\"top\" width=\"16%\">\n<div class=\"tc\">50<\/div>\n<\/td>\n<td class=\"prod_table_row_b\" align=\"center\" valign=\"top\" width=\"16%\">\n<div class=\"tc\">600<\/div>\n<\/td>\n<td class=\"prod_table_row_b\" align=\"center\" valign=\"top\" width=\"16%\">\n<div class=\"tc\">1250<\/div>\n<\/td>\n<td class=\"prod_table_row_b\" align=\"center\" valign=\"top\" width=\"16%\">\n<div class=\"tc\">1,25<\/div>\n<\/td>\n<td class=\"prod_table_row_b\" align=\"center\" valign=\"top\" width=\"16%\">\n<div class=\"tc\">0,039<\/div>\n<\/td>\n<td class=\"prod_table_row_b\" align=\"center\" valign=\"top\" width=\"16%\">\n<div class=\"tc\">18,00<\/div>\n<\/td>\n<\/tr>\n<tr>\n<td class=\"prod_table_row_a\" align=\"center\" valign=\"top\" width=\"16%\">\n<div class=\"tc\">60<\/div>\n<\/td>\n<td class=\"prod_table_row_a\" align=\"center\" valign=\"top\" width=\"16%\">\n<div class=\"tc\">600<\/div>\n<\/td>\n<td class=\"prod_table_row_a\" align=\"center\" valign=\"top\" width=\"16%\">\n<div class=\"tc\">1250<\/div>\n<\/td>\n<td class=\"prod_table_row_a\" align=\"center\" valign=\"top\" width=\"16%\">\n<div class=\"tc\">1,50<\/div>\n<\/td>\n<td class=\"prod_table_row_a\" align=\"center\" valign=\"top\" width=\"16%\">\n<div class=\"tc\">0,039<\/div>\n<\/td>\n<td class=\"prod_table_row_a\" align=\"center\" valign=\"top\" width=\"16%\">\n<div class=\"tc\">12,00<\/div>\n<\/td>\n<\/tr>\n<tr>\n<td class=\"prod_table_row_b\" align=\"center\" valign=\"top\" width=\"16%\">\n<div class=\"tc\">75<\/div>\n<\/td>\n<td class=\"prod_table_row_b\" align=\"center\" valign=\"top\" width=\"16%\">\n<div class=\"tc\">600<\/div>\n<\/td>\n<td class=\"prod_table_row_b\" align=\"center\" valign=\"top\" width=\"16%\">\n<div class=\"tc\">1250<\/div>\n<\/td>\n<td class=\"prod_table_row_b\" align=\"center\" valign=\"top\" width=\"16%\">\n<div class=\"tc\">1,90<\/div>\n<\/td>\n<td class=\"prod_table_row_b\" align=\"center\" valign=\"top\" width=\"16%\">\n<div class=\"tc\">0,039<\/div>\n<\/td>\n<td class=\"prod_table_row_b\" align=\"center\" valign=\"top\" width=\"16%\">\n<div class=\"tc\">9,00<\/div>\n<\/td>\n<\/tr>\n<tr>\n<td class=\"prod_table_row_a\" align=\"center\" valign=\"top\" width=\"16%\">\n<div class=\"tc\">80<\/div>\n<\/td>\n<td class=\"prod_table_row_a\" align=\"center\" valign=\"top\" width=\"16%\">\n<div class=\"tc\">600<\/div>\n<\/td>\n<td class=\"prod_table_row_a\" align=\"center\" valign=\"top\" width=\"16%\">\n<div class=\"tc\">1250<\/div>\n<\/td>\n<td class=\"prod_table_row_a\" align=\"center\" valign=\"top\" width=\"16%\">\n<div class=\"tc\">2,05<\/div>\n<\/td>\n<td class=\"prod_table_row_a\" align=\"center\" valign=\"top\" width=\"16%\">\n<div class=\"tc\">0,039<\/div>\n<\/td>\n<td class=\"prod_table_row_a\" align=\"center\" valign=\"top\" width=\"16%\">\n<div class=\"tc\">9,00<\/div>\n<\/td>\n<\/tr>\n<tr>\n<td class=\"prod_table_row_b\" align=\"center\" valign=\"top\" width=\"16%\">\n<div class=\"tc\">100<\/div>\n<\/td>\n<td class=\"prod_table_row_b\" align=\"center\" valign=\"top\" width=\"16%\">\n<div class=\"tc\">600<\/div>\n<\/td>\n<td class=\"prod_table_row_b\" align=\"center\" valign=\"top\" width=\"16%\">\n<div class=\"tc\">1250<\/div>\n<\/td>\n<td class=\"prod_table_row_b\" align=\"center\" valign=\"top\" width=\"16%\">\n<div class=\"tc\">2,55<\/div>\n<\/td>\n<td class=\"prod_table_row_b\" align=\"center\" valign=\"top\" width=\"16%\">\n<div class=\"tc\">0,039<\/div>\n<\/td>\n<td class=\"prod_table_row_b\" align=\"center\" valign=\"top\" width=\"16%\">\n<div class=\"tc\">9,00<\/div>\n<\/td>\n<\/tr>\n<tr>\n<td class=\"prod_table_row_a\" align=\"center\" valign=\"top\" width=\"16%\">\n<div class=\"tc\">120<\/div>\n<\/td>\n<td class=\"prod_table_row_a\" align=\"center\" valign=\"top\" width=\"16%\">\n<div class=\"tc\">600<\/div>\n<\/td>\n<td class=\"prod_table_row_a\" align=\"center\" valign=\"top\" width=\"16%\">\n<div class=\"tc\">1250<\/div>\n<\/td>\n<td class=\"prod_table_row_a\" align=\"center\" valign=\"top\" width=\"16%\">\n<div class=\"tc\">3,05<\/div>\n<\/td>\n<td class=\"prod_table_row_a\" align=\"center\" valign=\"top\" width=\"16%\">\n<div class=\"tc\">0,039<\/div>\n<\/td>\n<td class=\"prod_table_row_a\" align=\"center\" valign=\"top\" width=\"16%\">\n<div class=\"tc\">6,00<\/div>\n<\/td>\n<\/tr>\n<tr>\n<td class=\"prod_table_row_b\" align=\"center\" valign=\"top\" width=\"16%\">\n<div class=\"tc\">150<\/div>\n<\/td>\n<td class=\"prod_table_row_b\" align=\"center\" valign=\"top\" width=\"16%\">\n<div class=\"tc\">600<\/div>\n<\/td>\n<td class=\"prod_table_row_b\" align=\"center\" valign=\"top\" width=\"16%\">\n<div class=\"tc\">1250<\/div>\n<\/td>\n<td class=\"prod_table_row_b\" align=\"center\" valign=\"top\" width=\"16%\">\n<div class=\"tc\">3,80<\/div>\n<\/td>\n<td class=\"prod_table_row_b\" align=\"center\" valign=\"top\" width=\"16%\">\n<div class=\"tc\">0,039<\/div>\n<\/td>\n<td class=\"prod_table_row_b\" align=\"center\" valign=\"top\" width=\"16%\">\n<div class=\"tc\">4,50<\/div>\n<\/td>\n<\/tr>\n<tr>\n<td class=\"prod_table_row_a\" align=\"center\" valign=\"top\" width=\"16%\">\n<div class=\"tc\">180<\/div>\n<\/td>\n<td class=\"prod_table_row_a\" align=\"center\" valign=\"top\" width=\"16%\">\n<div class=\"tc\">600<\/div>\n<\/td>\n<td class=\"prod_table_row_a\" align=\"center\" valign=\"top\" width=\"16%\">\n<div class=\"tc\">1250<\/div>\n<\/td>\n<td class=\"prod_table_row_a\" align=\"center\" valign=\"top\" width=\"16%\">\n<div class=\"tc\">4,60<\/div>\n<\/td>\n<td class=\"prod_table_row_a\" align=\"center\" valign=\"top\" width=\"16%\">\n<div class=\"tc\">0,039<\/div>\n<\/td>\n<td class=\"prod_table_row_a\" align=\"center\" valign=\"top\" width=\"16%\">\n<div class=\"tc\">4,50<\/div>\n<\/td>\n<\/tr>\n<tr>\n<td class=\"prod_table_row_b\" align=\"center\" valign=\"top\" width=\"16%\">\n<div class=\"tc\">200<\/div>\n<\/td>\n<td class=\"prod_table_row_b\" align=\"center\" valign=\"top\" width=\"16%\">\n<div class=\"tc\">600<\/div>\n<\/td>\n<td class=\"prod_table_row_b\" align=\"center\" valign=\"top\" width=\"16%\">\n<div class=\"tc\">1250<\/div>\n<\/td>\n<td class=\"prod_table_row_b\" align=\"center\" valign=\"top\" width=\"16%\">\n<div class=\"tc\">5,10<\/div>\n<\/td>\n<td class=\"prod_table_row_b\" align=\"center\" valign=\"top\" width=\"16%\">\n<div class=\"tc\">0,039<\/div>\n<\/td>\n<td class=\"prod_table_row_b\" align=\"center\" valign=\"top\" width=\"16%\">\n<div class=\"tc\">3,00<\/div>\n<div><\/div>\n<\/td>\n<\/tr>\n<\/tbody>\n<\/table>\n<p>W\u00e4rme-, Brand- und Schalld\u00e4mmplatte aus Mineralwolle. Nicht brennbares Material,<br \/>\nSchalld\u00e4mmend, dampfdurchl\u00e4ssig, verdichtet, schimmel- und pilzresistent. Unverw\u00fcstlich,<br \/>\nhydrophobierte Fasern.<\/p>\n<h5><a href=\"https:\/\/e-zfk.pl\/wp-content\/uploads\/2023\/04\/karta-produktu-ursa-profilo-39.pdf\">produkt-karte-ursa-profil-39<\/a><\/h5>","protected":false},"excerpt":{"rendered":"<p>D\u00e4mmplatte aus Glasmineralwolle,<\/p>","protected":false},"featured_media":808,"comment_status":"closed","ping_status":"closed","template":"","meta":{"om_disable_all_campaigns":false,"inline_featured_image":false,"_monsterinsights_skip_tracking":false,"_monsterinsights_sitenote_active":false,"_monsterinsights_sitenote_note":"","_monsterinsights_sitenote_category":0,"_uf_show_specific_survey":0,"_uf_disable_surveys":false},"product_cat":[22,15],"product_tag":[],"class_list":["post-746","product","type-product","status-publish","has-post-thumbnail","hentry","product_cat-ocieplanie-budynku","product_cat-materialy-budowlane"],"aioseo_notices":[],"_links":{"self":[{"href":"https:\/\/e-zfk.pl\/de\/wp-json\/wp\/v2\/product\/746","targetHints":{"allow":["GET"]}}],"collection":[{"href":"https:\/\/e-zfk.pl\/de\/wp-json\/wp\/v2\/product"}],"about":[{"href":"https:\/\/e-zfk.pl\/de\/wp-json\/wp\/v2\/types\/product"}],"replies":[{"embeddable":true,"href":"https:\/\/e-zfk.pl\/de\/wp-json\/wp\/v2\/comments?post=746"}],"wp:featuredmedia":[{"embeddable":true,"href":"https:\/\/e-zfk.pl\/de\/wp-json\/wp\/v2\/media\/808"}],"wp:attachment":[{"href":"https:\/\/e-zfk.pl\/de\/wp-json\/wp\/v2\/media?parent=746"}],"wp:term":[{"taxonomy":"product_cat","embeddable":true,"href":"https:\/\/e-zfk.pl\/de\/wp-json\/wp\/v2\/product_cat?post=746"},{"taxonomy":"product_tag","embeddable":true,"href":"https:\/\/e-zfk.pl\/de\/wp-json\/wp\/v2\/product_tag?post=746"}],"curies":[{"name":"wp","href":"https:\/\/api.w.org\/{rel}","templated":true}]}}