{"id":751,"date":"2023-04-18T12:11:28","date_gmt":"2023-04-18T10:11:28","guid":{"rendered":"https:\/\/e-zfk.pl\/shop\/bez-kategorii\/wieszak-obrotowy-ze-sprezyna\/"},"modified":"2023-06-12T14:28:50","modified_gmt":"2023-06-12T12:28:50","slug":"wieszak-obrotowy-ze-sprezyna","status":"publish","type":"product","link":"https:\/\/e-zfk.pl\/de\/shop\/materialy-budowlane\/montaz\/wieszak-obrotowy-ze-sprezyna\/","title":{"rendered":"DREHBARER AUFH\u00c4NGER MIT FEDER"},"content":{"rendered":"<h1>BUDMAT DREHAUFH\u00c4NGER MIT FEDER - 1ST.<\/h1>\n<p>&nbsp;<\/p>\n<p>Der Drehabh\u00e4nger mit Feder dient zur Aufh\u00e4ngung der Tragkonstruktion von abgeh\u00e4ngten Decken - er verbindet das Hauptprofil mit der Aufh\u00e4ngestange. Er erm\u00f6glicht eine stufenlose Einstellung der Abh\u00e4ngeh\u00f6he: Mit dem Abh\u00e4nger, genauer gesagt mit der Feder f\u00fcr den Ankerabh\u00e4nger, stellen Sie die Abh\u00e4ngeh\u00f6he der Decke ein und passen sie an die Art der geplanten Installation an. Funktioniert mit einer Montagestange mit einem Durchmesser von 4 mm.<\/p>\n<h2>Technische Daten:<\/h2>\n<ul>\n<li><b>Dicke:<\/b>\u00a00,8 mm<\/li>\n<li><b>Material:<\/b>\u00a0verzinktes Stahlblech<\/li>\n<\/ul>\n<p>Der Abstand und die Abst\u00e4nde der Abh\u00e4nger h\u00e4ngen vom Gewicht und der Art des geplanten Ausbaus ab, z.B. bei einem Gesamtgewicht des Deckenausbaus von bis zu 15 kg\/m2 sollte der Abstand der Abh\u00e4nger ca. 1 m betragen. Das Produkt ist aus einem dauerhaften Material hergestellt, das bei Kontakt mit der sauren Reaktion des Gipses mit hoher Aggressivit\u00e4t gegen\u00fcber Stahl nicht korrodiert - es ist mit einer Zinkschicht gegen Korrosion gesch\u00fctzt.<\/p>\n<p>Die Produkte von Budmat werden aus Materialien h\u00f6chster Qualit\u00e4t hergestellt. Das ist bei den Profilen und Aufh\u00e4ngern nicht anders - f\u00fcr ihre Herstellung wird verzinktes Stahlblech verwendet. Dies ist bei Trockenbausystemen von besonderer Bedeutung. Gips reagiert sauer, deshalb m\u00fcssen die Profile, die damit in Ber\u00fchrung kommen, entsprechend gesch\u00fctzt werden. Dank der eingesetzten Technologien und der entwickelten Produktionsverfahren erf\u00fcllen unsere Profile und Abh\u00e4nger alle erforderlichen Normen (<b>W\u00e4nde EN 14195, Decken EN 13964<\/b>), und die vergebene Zertifizierungsmarke\u00a0<b>CE<\/b>\u00a0erlaubt ihren Verkauf\u00a0<b>in der gesamten Europ\u00e4ischen Union<\/b>.<\/p>","protected":false},"excerpt":{"rendered":"<p>Drehbarer Aufh\u00e4nger mit Feder<\/p>","protected":false},"featured_media":798,"comment_status":"closed","ping_status":"closed","template":"","meta":{"om_disable_all_campaigns":false,"inline_featured_image":false,"_monsterinsights_skip_tracking":false,"_monsterinsights_sitenote_active":false,"_monsterinsights_sitenote_note":"","_monsterinsights_sitenote_category":0,"_uf_show_specific_survey":0,"_uf_disable_surveys":false},"product_cat":[25,51,15],"product_tag":[],"class_list":["post-751","product","type-product","status-publish","has-post-thumbnail","hentry","product_cat-montaz","product_cat-montaz-gk","product_cat-materialy-budowlane"],"aioseo_notices":[],"_links":{"self":[{"href":"https:\/\/e-zfk.pl\/de\/wp-json\/wp\/v2\/product\/751","targetHints":{"allow":["GET"]}}],"collection":[{"href":"https:\/\/e-zfk.pl\/de\/wp-json\/wp\/v2\/product"}],"about":[{"href":"https:\/\/e-zfk.pl\/de\/wp-json\/wp\/v2\/types\/product"}],"replies":[{"embeddable":true,"href":"https:\/\/e-zfk.pl\/de\/wp-json\/wp\/v2\/comments?post=751"}],"wp:featuredmedia":[{"embeddable":true,"href":"https:\/\/e-zfk.pl\/de\/wp-json\/wp\/v2\/media\/798"}],"wp:attachment":[{"href":"https:\/\/e-zfk.pl\/de\/wp-json\/wp\/v2\/media?parent=751"}],"wp:term":[{"taxonomy":"product_cat","embeddable":true,"href":"https:\/\/e-zfk.pl\/de\/wp-json\/wp\/v2\/product_cat?post=751"},{"taxonomy":"product_tag","embeddable":true,"href":"https:\/\/e-zfk.pl\/de\/wp-json\/wp\/v2\/product_tag?post=751"}],"curies":[{"name":"wp","href":"https:\/\/api.w.org\/{rel}","templated":true}]}}