{"id":752,"date":"2023-04-18T12:11:30","date_gmt":"2023-04-18T10:11:30","guid":{"rendered":"https:\/\/e-zfk.pl\/shop\/bez-kategorii\/wieszak-plaski-175mm-60-175\/"},"modified":"2023-06-12T14:28:16","modified_gmt":"2023-06-12T12:28:16","slug":"wieszak-plaski-175mm-60-175","status":"publish","type":"product","link":"https:\/\/e-zfk.pl\/de\/shop\/materialy-budowlane\/montaz\/wieszak-plaski-175mm-60-175\/","title":{"rendered":"FLACHB\u00dcGEL 175MM 60\/175"},"content":{"rendered":"<h1>Aufh\u00e4nger ES 175mm - 1 .St\u00fcck<\/h1>\n<p>Materialien<br \/>\nArt des Materials Bedarf pro 1m2<br \/>\nProfil CD60 BUDMAT 2.6 mb<br \/>\nProfil UD27 BUDMAT 0.6 mb<br \/>\nAufh\u00e4nger ES60\/75 (oder 125, 175, 225) BUDMAT 3,5 St\u00fcck<br \/>\nBUDMAT-L\u00e4ngsverbinder 0,6 St\u00fcck<\/p>\n<h5>Beschreibung der Baugruppe<\/h5>\n<p>Die erste Stufe der Deckenkonstruktion ist<br \/>\nPlanung und Zeichnung des Netzplans einschlie\u00dflich<br \/>\nmit ES-Aufh\u00e4ngern an der Decke des Raums.<br \/>\nBei der Festlegung der Abst\u00e4nde zwischen den CD60-Profilen ist der maximale Abstand<br \/>\ndes ersten Profils von der Seitenwand aus darf nicht gr\u00f6\u00dfer sein als<br \/>\n200 mm. Der Abstand zwischen den CD60-Profilen h\u00e4ngt von der Dicke des<br \/>\nder zu verlegenden Platte und liegt zwischen 400 und 500 mm.<br \/>\nAn der Wand des Raumes wird eine horizontale Linie gezeichnet, die die<br \/>\ndie Deckenh\u00f6he, in der das UD27-Profil installiert wird, mit Hilfe des<br \/>\nMetallstifte an Stellen, die von der<br \/>\nnicht mehr als 600 mm voneinander entfernt sind.<br \/>\nVerwendung der gleichen Metalld\u00fcbel<br \/>\n(2 St\u00fcck pro Aufh\u00e4nger) ES-Aufh\u00e4nger (1) an der Decke befestigen<br \/>\nauf zuvor angelegten Linien, die in einer Entfernung von nicht<br \/>\nmehr als 200 mm von der Wand entfernt und in weiteren Abst\u00e4nden, die nicht gr\u00f6\u00dfer als<br \/>\n700 mm.<br \/>\nIm n\u00e4chsten Schritt werden die CD60-Profile in die UD27-Profile eingef\u00fcgt,<br \/>\nund verbinden Sie dann die CD60-Profile mit den ES-Aufh\u00e4ngern mithilfe der<br \/>\n3,5 x 9,5 mm Schrauben und biegen Sie sie so, dass sie eine gleichm\u00e4\u00dfige<br \/>\nOberfl\u00e4che mit Profilen. In jeder L\u00e4ngsfuge<br \/>\nCD60-Profilen sollte ein L\u00e4ngsverbinder (5) verwendet werden. Dank dieser<br \/>\ndie abgeh\u00e4ngte Decke kann abgesenkt werden<br \/>\nbis zu einem Abstand von 25 cm von der Decke des betreffenden Raums.<br \/>\nIn der Planungsphase der Decke ist es wichtig, dass man sich f\u00fcr die<br \/>\ndie geeignete Profildicke (0,5 oder 0,6 mm) unter Ber\u00fccksichtigung der Art der<br \/>\nund Anzahl der Verkleidungen, was die Verwendung unterschiedlicher Abst\u00e4nde impliziert<br \/>\nzwischen Profilen und Aufh\u00e4ngern.<\/p>\n<h5><a href=\"https:\/\/e-zfk.pl\/wp-content\/uploads\/2023\/04\/instrukcja-montazu-profile-555_Budmat-1.pdf\">Montageanleitung f\u00fcr Budmat-Profile<\/a><\/h5>","protected":false},"excerpt":{"rendered":"<p>Profil-Flachb\u00fcgel - CD60 \/175<\/p>","protected":false},"featured_media":792,"comment_status":"closed","ping_status":"closed","template":"","meta":{"om_disable_all_campaigns":false,"inline_featured_image":false,"_monsterinsights_skip_tracking":false,"_monsterinsights_sitenote_active":false,"_monsterinsights_sitenote_note":"","_monsterinsights_sitenote_category":0,"_uf_show_specific_survey":0,"_uf_disable_surveys":false},"product_cat":[25,51,15],"product_tag":[],"class_list":["post-752","product","type-product","status-publish","has-post-thumbnail","hentry","product_cat-montaz","product_cat-montaz-gk","product_cat-materialy-budowlane"],"aioseo_notices":[],"_links":{"self":[{"href":"https:\/\/e-zfk.pl\/de\/wp-json\/wp\/v2\/product\/752","targetHints":{"allow":["GET"]}}],"collection":[{"href":"https:\/\/e-zfk.pl\/de\/wp-json\/wp\/v2\/product"}],"about":[{"href":"https:\/\/e-zfk.pl\/de\/wp-json\/wp\/v2\/types\/product"}],"replies":[{"embeddable":true,"href":"https:\/\/e-zfk.pl\/de\/wp-json\/wp\/v2\/comments?post=752"}],"wp:featuredmedia":[{"embeddable":true,"href":"https:\/\/e-zfk.pl\/de\/wp-json\/wp\/v2\/media\/792"}],"wp:attachment":[{"href":"https:\/\/e-zfk.pl\/de\/wp-json\/wp\/v2\/media?parent=752"}],"wp:term":[{"taxonomy":"product_cat","embeddable":true,"href":"https:\/\/e-zfk.pl\/de\/wp-json\/wp\/v2\/product_cat?post=752"},{"taxonomy":"product_tag","embeddable":true,"href":"https:\/\/e-zfk.pl\/de\/wp-json\/wp\/v2\/product_tag?post=752"}],"curies":[{"name":"wp","href":"https:\/\/api.w.org\/{rel}","templated":true}]}}