{"id":758,"date":"2023-04-18T12:11:41","date_gmt":"2023-04-18T10:11:41","guid":{"rendered":"https:\/\/e-zfk.pl\/shop\/bez-kategorii\/ws-3595-pchelka-1000szt\/"},"modified":"2023-04-23T20:59:10","modified_gmt":"2023-04-23T18:59:10","slug":"ws-3595-pchelka-1000szt","status":"publish","type":"product","link":"https:\/\/e-zfk.pl\/de\/shop\/materialy-budowlane\/montaz\/ws-3595-pchelka-1000szt\/","title":{"rendered":"WS-3595 FLOH 1000ST\u00dcCK"},"content":{"rendered":"<h3><strong>WS Selbstbohrende Schraube zur Verbindung von Stahlprofilen<\/strong><\/h3>\n<ul class=\"style-check\">\n<li>Pr\u00e4zisionsschraubenspitze garantiert hohe Klemmqualit\u00e4t<\/li>\n<li>Bohrleistung bis zu 2,0 mm<\/li>\n<li>Hergestellt aus kohlenstoffarmem Stahl, galvanisch phosphatiert<\/li>\n<\/ul>\n<h4>Informationen zum Produkt<\/h4>\n<div class=\"productTables\">\n<div id=\"ProductCodes\" class=\"hideOverFlow tab-pane active\" title=\"Informationen zum Produkt\">\n<table id=\"gen_table_Table_43\" class=\"gray border_5467347 gray\" cellspacing=\"0.0\">\n<colgroup>\n<col \/>\n<col \/>\n<col \/>\n<col \/>\n<col \/><\/colgroup>\n<thead>\n<tr>\n<td class=\"RGBBlue-headersHTML bgColor_5466796 RGBBlue-headersHTML\" rowspan=\"4\">\n<p class=\"Center Center\"><span class=\"boldWhite-tableHeadHTML9 char_5466751 boldWhite-tableHeadHTML9\">Gr\u00f6\u00dfe<\/span><\/p>\n<\/td>\n<td class=\"RGBBlue-headersHTML bgColor_5466796 RGBBlue-headersHTML\" rowspan=\"4\">\n<p class=\"Center Center\"><span class=\"boldWhite-tableHeadHTML9 char_5466751 boldWhite-tableHeadHTML9\">Produkt<\/span><\/p>\n<\/td>\n<td class=\"RGBBlue-headersHTML bgColor_5466796 RGBBlue-headersHTML\" colspan=\"2\">\n<p class=\"Center Center\"><span class=\"boldWhite-tableHeadHTML9 char_5466751 boldWhite-tableHeadHTML9\">Schraube<\/span><\/p>\n<\/td>\n<td class=\"RGBBlue-headersHTML bgColor_5466796 RGBBlue-headersHTML\">\n<p class=\"Center Center\"><span class=\"boldWhite-tableHeadHTML9 char_5466751 boldWhite-tableHeadHTML9\">Anlage<\/span><\/p>\n<\/td>\n<\/tr>\n<tr>\n<td class=\"RGBBlue-headersHTML whiteHTML bgColor_5466796 RGBBlue-headersHTML\">\n<p class=\"Center Center\"><span class=\"boldWhite-tableHeadHTML9 char_5466751 boldWhite-tableHeadHTML9\">Durchmesser<\/span><\/p>\n<\/td>\n<td class=\"RGBBlue-headersHTML whiteHTML bgColor_5466796 RGBBlue-headersHTML\">\n<p class=\"Center Center\"><span class=\"boldWhite-tableHeadHTML9 char_5466751 boldWhite-tableHeadHTML9\">L\u00e4nge<\/span><\/p>\n<\/td>\n<td class=\"RGBBlue-headersHTML bgColor_5466796 RGBBlue-headersHTML\">\n<p class=\"Center Center\"><span class=\"boldWhite-tableHeadHTML9 char_5466751 boldWhite-tableHeadHTML9\">Maximale Dicke<\/span><\/p>\n<\/td>\n<\/tr>\n<tr>\n<td class=\"RGBBlue-headersHTML whiteHTML bgColor_5466796 RGBBlue-headersHTML\">\n<p class=\"Center Center\"><span class=\"boldWhite-tableHeadHTML9 char_5466751 boldWhite-tableHeadHTML9\">d<\/span><\/p>\n<\/td>\n<td class=\"RGBBlue-headersHTML whiteHTML bgColor_5466796 RGBBlue-headersHTML\">\n<p class=\"Center Center\"><span class=\"boldWhite-tableHeadHTML9 char_5466751 boldWhite-tableHeadHTML9\">L<\/span><\/p>\n<\/td>\n<td class=\"RGBBlue-headersHTML bgColor_5466796 RGBBlue-headersHTML\">\n<p class=\"Center Center\"><span class=\"boldWhite-tableHeadHTML9 char_5466751 boldWhite-tableHeadHTML9\">t<\/span><span class=\"boldWhite-tableHeadHTML9 char_5466751 boldWhite-tableHeadHTML9\"><sub>reparieren<\/sub><\/span><\/p>\n<\/td>\n<\/tr>\n<tr>\n<td class=\"RGBBlue-headersHTML bgColor_5466796 RGBBlue-headersHTML\">\n<p class=\"Center Center\"><span class=\"boldWhite-tableHeadHTML9 char_5466751 boldWhite-tableHeadHTML9\">[mm].<\/span><\/p>\n<\/td>\n<td class=\"RGBBlue-headersHTML bgColor_5466796 RGBBlue-headersHTML\">\n<p class=\"Center Center\"><span class=\"boldWhite-tableHeadHTML9 char_5466751 boldWhite-tableHeadHTML9\">[mm].<\/span><\/p>\n<\/td>\n<td class=\"RGBBlue-headersHTML bgColor_5466796 RGBBlue-headersHTML\">\n<p class=\"Center Center\"><span class=\"boldWhite-tableHeadHTML9 char_5466751 boldWhite-tableHeadHTML9\">[mm].<\/span><\/p>\n<\/td>\n<\/tr>\n<\/thead>\n<tbody>\n<tr>\n<td class=\"RGBGray20-tableLeftColumn bgColor_5466814 RGBGray20-tableLeftColumn\" rowspan=\"4\">\n<p class=\"Center Center\"><span class=\"regBlack-tableBodyDefault6 char_5454015 regBlack-tableBodyDefault6\">\u00d83.5<\/span><\/p>\n<\/td>\n<td class=\"RGBwhite bgColor_5466698 RGBwhite\">\n<p class=\"Center Center\"><span class=\"regBlack-tableBodyDefault6 char_5454015 regBlack-tableBodyDefault6\">WS-3525<\/span><\/p>\n<\/td>\n<td class=\"RGBwhite bgColor_5466698 RGBwhite\">\n<p class=\"Center Center\"><span class=\"regBlack-tableBodyDefault6 char_5454015 regBlack-tableBodyDefault6\">3.5<\/span><\/p>\n<\/td>\n<td class=\"RGBwhite bgColor_5466698 RGBwhite\">\n<p class=\"Center Center\"><span class=\"regBlack-tableBodyDefault6 char_5454015 regBlack-tableBodyDefault6\">25<\/span><\/p>\n<\/td>\n<td class=\"RGBwhite bgColor_5466698 RGBwhite\">\n<p class=\"Center Center\"><span class=\"regBlack-tableBodyDefault6 char_5454015 regBlack-tableBodyDefault6\">14<\/span><\/p>\n<\/td>\n<\/tr>\n<tr>\n<td class=\"RGBGray10-lightRows gray bgColor_5466810 RGBGray10-lightRows\">\n<p class=\"Center Center\"><span class=\"regBlack-tableBodyDefault6 char_5454015 regBlack-tableBodyDefault6\">WS-3535<\/span><\/p>\n<\/td>\n<td class=\"RGBGray10-lightRows gray bgColor_5466810 RGBGray10-lightRows\">\n<p class=\"Center Center\"><span class=\"regBlack-tableBodyDefault6 char_5454015 regBlack-tableBodyDefault6\">3.5<\/span><\/p>\n<\/td>\n<td class=\"RGBGray10-lightRows gray bgColor_5466810 RGBGray10-lightRows\">\n<p class=\"Center Center\"><span class=\"regBlack-tableBodyDefault6 char_5454015 regBlack-tableBodyDefault6\">35<\/span><\/p>\n<\/td>\n<td class=\"RGBGray10-lightRows gray bgColor_5466810 RGBGray10-lightRows\">\n<p class=\"Center Center\"><span class=\"regBlack-tableBodyDefault6 char_5454015 regBlack-tableBodyDefault6\">24<\/span><\/p>\n<\/td>\n<\/tr>\n<tr>\n<td class=\"RGBwhite gray bgColor_5466698 RGBwhite\">\n<p class=\"Center Center\"><span class=\"regBlack-tableBodyDefault6 char_5454015 regBlack-tableBodyDefault6\">WS-3545<\/span><\/p>\n<\/td>\n<td class=\"RGBwhite gray bgColor_5466698 RGBwhite\">\n<p class=\"Center Center\"><span class=\"regBlack-tableBodyDefault6 char_5454015 regBlack-tableBodyDefault6\">3.5<\/span><\/p>\n<\/td>\n<td class=\"RGBwhite gray bgColor_5466698 RGBwhite\">\n<p class=\"Center Center\"><span class=\"regBlack-tableBodyDefault6 char_5454015 regBlack-tableBodyDefault6\">45<\/span><\/p>\n<\/td>\n<td class=\"RGBwhite gray bgColor_5466698 RGBwhite\">\n<p class=\"Center Center\"><span class=\"regBlack-tableBodyDefault6 char_5454015 regBlack-tableBodyDefault6\">34<\/span><\/p>\n<\/td>\n<\/tr>\n<tr>\n<td class=\"RGBGray10-lightRows gray bgColor_5466810 RGBGray10-lightRows\">\n<p class=\"Center Center\"><span class=\"regBlack-tableBodyDefault6 char_5454015 regBlack-tableBodyDefault6\">WS-3595<\/span><\/p>\n<\/td>\n<td class=\"RGBGray10-lightRows gray bgColor_5466810 RGBGray10-lightRows\">\n<p class=\"Center Center\"><span class=\"regBlack-tableBodyDefault6 char_5454015 regBlack-tableBodyDefault6\">3.5<\/span><\/p>\n<\/td>\n<td class=\"RGBGray10-lightRows gray bgColor_5466810 RGBGray10-lightRows\">\n<p class=\"Center Center\"><span class=\"regBlack-tableBodyDefault6 char_5454015 regBlack-tableBodyDefault6\">9.5<\/span><\/p>\n<\/td>\n<td class=\"RGBGray10-lightRows gray bgColor_5466810 RGBGray10-lightRows\">\n<p class=\"Center Center\"><span class=\"regBlack-tableBodyDefault6 char_5454015 regBlack-tableBodyDefault6\">-<\/span><\/p>\n<\/td>\n<\/tr>\n<tr>\n<td class=\"RGBGray20-tableLeftColumn gray bgColor_5466814 RGBGray20-tableLeftColumn\">\n<p class=\"Center Center\"><span class=\"regBlack-tableBodyDefault6 char_5454015 regBlack-tableBodyDefault6\">\u00d83.9<\/span><\/p>\n<\/td>\n<td class=\"RGBwhite gray bgColor_5466698 RGBwhite\">\n<p class=\"Center Center\"><span class=\"regBlack-tableBodyDefault6 char_5454015 regBlack-tableBodyDefault6\">WS-3911<\/span><\/p>\n<\/td>\n<td class=\"RGBwhite gray bgColor_5466698 RGBwhite\">\n<p class=\"Center Center\"><span class=\"regBlack-tableBodyDefault6 char_5454015 regBlack-tableBodyDefault6\">3.9<\/span><\/p>\n<\/td>\n<td class=\"RGBwhite gray bgColor_5466698 RGBwhite\">\n<p class=\"Center Center\"><span class=\"regBlack-tableBodyDefault6 char_5454015 regBlack-tableBodyDefault6\">11<\/span><\/p>\n<\/td>\n<td class=\"RGBwhite gray bgColor_5466698 RGBwhite\">\n<p class=\"Center Center\"><span class=\"regBlack-tableBodyDefault6 char_5454015 regBlack-tableBodyDefault6\">-<\/span><\/p>\n<\/td>\n<\/tr>\n<tr>\n<td class=\"RGBGray20-tableLeftColumn gray bgColor_5466814 RGBGray20-tableLeftColumn\">\n<p class=\"Center Center\"><span class=\"regBlack-tableBodyDefault6 char_5454015 regBlack-tableBodyDefault6\">\u00d83.5<\/span><\/p>\n<\/td>\n<td class=\"RGBGray10-lightRows gray bgColor_5466810 RGBGray10-lightRows\">\n<p class=\"Center Center\"><span class=\"regBlack-tableBodyDefault6 char_5454015 regBlack-tableBodyDefault6\">WS-3595-OC<\/span><\/p>\n<\/td>\n<td class=\"RGBGray10-lightRows gray bgColor_5466810 RGBGray10-lightRows\">\n<p class=\"Center Center\"><span class=\"regBlack-tableBodyDefault6 char_5454015 regBlack-tableBodyDefault6\">3.5<\/span><\/p>\n<\/td>\n<td class=\"RGBGray10-lightRows gray bgColor_5466810 RGBGray10-lightRows\">\n<p class=\"Center Center\"><span class=\"regBlack-tableBodyDefault6 char_5454015 regBlack-tableBodyDefault6\">9.5<\/span><\/p>\n<\/td>\n<td class=\"RGBGray10-lightRows gray bgColor_5466810 RGBGray10-lightRows\">\n<p class=\"Center Center\"><span class=\"regBlack-tableBodyDefault6 char_5454015 regBlack-tableBodyDefault6\">-<\/span><\/p>\n<\/td>\n<\/tr>\n<tr>\n<td class=\"RGBGray20-tableLeftColumn gray bgColor_5466814 RGBGray20-tableLeftColumn\">\n<p class=\"Center Center\"><span class=\"regBlack-tableBodyDefault6 char_5454015 regBlack-tableBodyDefault6\">\u00d83.9<\/span><\/p>\n<\/td>\n<td class=\"RGBwhite gray bgColor_5466698 RGBwhite\">\n<p class=\"Center Center\"><span class=\"regBlack-tableBodyDefault6 char_5454015 regBlack-tableBodyDefault6\">WS-3911-OC<\/span><\/p>\n<\/td>\n<td class=\"RGBwhite gray bgColor_5466698 RGBwhite\">\n<p class=\"Center Center\"><span class=\"regBlack-tableBodyDefault6 char_5454015 regBlack-tableBodyDefault6\">3.9<\/span><\/p>\n<\/td>\n<td class=\"RGBwhite gray bgColor_5466698 RGBwhite\">\n<p class=\"Center Center\"><span class=\"regBlack-tableBodyDefault6 char_5454015 regBlack-tableBodyDefault6\">11<\/span><\/p>\n<\/td>\n<td class=\"RGBwhite gray bgColor_5466698 RGBwhite\">\n<p class=\"Center Center\"><span class=\"regBlack-tableBodyDefault6 char_5454015 regBlack-tableBodyDefault6\">-<\/span><\/p>\n<\/td>\n<\/tr>\n<tr>\n<td class=\"RGBGray20-tableLeftColumn gray bgColor_5466814 RGBGray20-tableLeftColumn\" rowspan=\"4\">\n<p class=\"Center Center\"><span class=\"regBlack-tableBodyDefault6 char_5454015 regBlack-tableBodyDefault6\">\u00d83.5<\/span><\/p>\n<\/td>\n<td class=\"RGBGray10-lightRows gray bgColor_5466810 RGBGray10-lightRows\">\n<p class=\"Center Center\"><span class=\"regBlack-tableBodyDefault6 char_5454015 regBlack-tableBodyDefault6\">WSK-3525<\/span><\/p>\n<\/td>\n<td class=\"RGBGray10-lightRows gray bgColor_5466810 RGBGray10-lightRows\">\n<p class=\"Center Center\"><span class=\"regBlack-tableBodyDefault6 char_5454015 regBlack-tableBodyDefault6\">3.5<\/span><\/p>\n<\/td>\n<td class=\"RGBGray10-lightRows gray bgColor_5466810 RGBGray10-lightRows\">\n<p class=\"Center Center\"><span class=\"regBlack-tableBodyDefault6 char_5454015 regBlack-tableBodyDefault6\">25<\/span><\/p>\n<\/td>\n<td class=\"RGBGray10-lightRows gray bgColor_5466810 RGBGray10-lightRows\">\n<p class=\"Center Center\"><span class=\"regBlack-tableBodyDefault6 char_5454015 regBlack-tableBodyDefault6\">14<\/span><\/p>\n<\/td>\n<\/tr>\n<tr>\n<td class=\"RGBwhite gray bgColor_5466698 RGBwhite\">\n<p class=\"Center Center\"><span class=\"regBlack-tableBodyDefault6 char_5454015 regBlack-tableBodyDefault6\">WSK-3535<\/span><\/p>\n<\/td>\n<td class=\"RGBwhite gray bgColor_5466698 RGBwhite\">\n<p class=\"Center Center\"><span class=\"regBlack-tableBodyDefault6 char_5454015 regBlack-tableBodyDefault6\">3.5<\/span><\/p>\n<\/td>\n<td class=\"RGBwhite gray bgColor_5466698 RGBwhite\">\n<p class=\"Center Center\"><span class=\"regBlack-tableBodyDefault6 char_5454015 regBlack-tableBodyDefault6\">35<\/span><\/p>\n<\/td>\n<td class=\"RGBwhite gray bgColor_5466698 RGBwhite\">\n<p class=\"Center Center\"><span class=\"regBlack-tableBodyDefault6 char_5454015 regBlack-tableBodyDefault6\">24<\/span><\/p>\n<\/td>\n<\/tr>\n<tr>\n<td class=\"RGBGray10-lightRows gray bgColor_5466810 RGBGray10-lightRows\">\n<p class=\"Center Center\"><span class=\"regBlack-tableBodyDefault6 char_5454015 regBlack-tableBodyDefault6\">WSK-3545<\/span><\/p>\n<\/td>\n<td class=\"RGBGray10-lightRows gray bgColor_5466810 RGBGray10-lightRows\">\n<p class=\"Center Center\"><span class=\"regBlack-tableBodyDefault6 char_5454015 regBlack-tableBodyDefault6\">3.5<\/span><\/p>\n<\/td>\n<td class=\"RGBGray10-lightRows gray bgColor_5466810 RGBGray10-lightRows\">\n<p class=\"Center Center\"><span class=\"regBlack-tableBodyDefault6 char_5454015 regBlack-tableBodyDefault6\">45<\/span><\/p>\n<\/td>\n<td class=\"RGBGray10-lightRows gray bgColor_5466810 RGBGray10-lightRows\">\n<p class=\"Center Center\"><span class=\"regBlack-tableBodyDefault6 char_5454015 regBlack-tableBodyDefault6\">34<\/span><\/p>\n<\/td>\n<\/tr>\n<tr>\n<td class=\"RGBwhite gray bgColor_5466698 RGBwhite\">\n<p class=\"Center Center\"><span class=\"regBlack-tableBodyDefault6 char_5454015 regBlack-tableBodyDefault6\">WSK-3595<\/span><\/p>\n<\/td>\n<td class=\"RGBwhite gray bgColor_5466698 RGBwhite\">\n<p class=\"Center Center\"><span class=\"regBlack-tableBodyDefault6 char_5454015 regBlack-tableBodyDefault6\">3.5<\/span><\/p>\n<\/td>\n<td class=\"RGBwhite gray bgColor_5466698 RGBwhite\">\n<p class=\"Center Center\"><span class=\"regBlack-tableBodyDefault6 char_5454015 regBlack-tableBodyDefault6\">9.5<\/span><\/p>\n<\/td>\n<td class=\"RGBwhite gray bgColor_5466698 RGBwhite\">\n<p class=\"Center Center\"><span class=\"regBlack-tableBodyDefault6 char_5454015 regBlack-tableBodyDefault6\">-<\/span><\/p>\n<\/td>\n<\/tr>\n<tr>\n<td class=\"RGBGray20-tableLeftColumn gray bgColor_5466814 RGBGray20-tableLeftColumn\">\n<p class=\"Center Center\"><span class=\"regBlack-tableBodyDefault6 char_5454015 regBlack-tableBodyDefault6\">\u00d83.9<\/span><\/p>\n<\/td>\n<td class=\"RGBGray10-lightRows gray bgColor_5466810 RGBGray10-lightRows\">\n<p class=\"Center Center\"><span class=\"regBlack-tableBodyDefault6 char_5454015 regBlack-tableBodyDefault6\">WSK-3911<\/span><\/p>\n<\/td>\n<td class=\"RGBGray10-lightRows gray bgColor_5466810 RGBGray10-lightRows\">\n<p class=\"Center Center\"><span class=\"regBlack-tableBodyDefault6 char_5454015 regBlack-tableBodyDefault6\">3.9<\/span><\/p>\n<\/td>\n<td class=\"RGBGray10-lightRows gray bgColor_5466810 RGBGray10-lightRows\">\n<p class=\"Center Center\"><span class=\"regBlack-tableBodyDefault6 char_5454015 regBlack-tableBodyDefault6\">11<\/span><\/p>\n<\/td>\n<td class=\"RGBGray10-lightRows gray bgColor_5466810 RGBGray10-lightRows\">\n<p class=\"Center Center\">-<\/p>\n<\/td>\n<\/tr>\n<\/tbody>\n<\/table>\n<\/div>\n<h5><a href=\"https:\/\/e-zfk.pl\/wp-content\/uploads\/2023\/04\/ws-3911-1.pdf\">Technische Charta<\/a><\/h5>\n<\/div>","protected":false},"excerpt":{"rendered":"<p>WS Wkr\u0119t samowierc\u0105cy do \u0142\u0105czenia profili stalowych Precyzyjna ko\u0144c\u00f3wka wkr\u0119ta gwarantuje wysok\u0105 jako\u015b\u0107 mocuj\u0105c\u0105 Zdolno\u015b\u0107 wiercenia do 2,0 mm Wykonany ze stali niskow\u0119glowej fosfatowanej galwanicznie Informacje o produkcie Rozmiar Produkt Wkr\u0119t Element mocowany \u015arednica D\u0142ugo\u015b\u0107 Max grubo\u015b\u0107 d L tfix [mm] [mm] [mm] \u00d83.5 WS-3525 3.5 25 14 WS-3535 3.5 35 24 WS-3545 3.5 45 [&hellip;]<\/p>","protected":false},"featured_media":784,"comment_status":"closed","ping_status":"closed","template":"","meta":{"om_disable_all_campaigns":false,"inline_featured_image":false,"_monsterinsights_skip_tracking":false,"_monsterinsights_sitenote_active":false,"_monsterinsights_sitenote_note":"","_monsterinsights_sitenote_category":0,"_uf_show_specific_survey":0,"_uf_disable_surveys":false},"product_cat":[25,15],"product_tag":[],"class_list":["post-758","product","type-product","status-publish","has-post-thumbnail","hentry","product_cat-montaz","product_cat-materialy-budowlane"],"aioseo_notices":[],"_links":{"self":[{"href":"https:\/\/e-zfk.pl\/de\/wp-json\/wp\/v2\/product\/758","targetHints":{"allow":["GET"]}}],"collection":[{"href":"https:\/\/e-zfk.pl\/de\/wp-json\/wp\/v2\/product"}],"about":[{"href":"https:\/\/e-zfk.pl\/de\/wp-json\/wp\/v2\/types\/product"}],"replies":[{"embeddable":true,"href":"https:\/\/e-zfk.pl\/de\/wp-json\/wp\/v2\/comments?post=758"}],"wp:featuredmedia":[{"embeddable":true,"href":"https:\/\/e-zfk.pl\/de\/wp-json\/wp\/v2\/media\/784"}],"wp:attachment":[{"href":"https:\/\/e-zfk.pl\/de\/wp-json\/wp\/v2\/media?parent=758"}],"wp:term":[{"taxonomy":"product_cat","embeddable":true,"href":"https:\/\/e-zfk.pl\/de\/wp-json\/wp\/v2\/product_cat?post=758"},{"taxonomy":"product_tag","embeddable":true,"href":"https:\/\/e-zfk.pl\/de\/wp-json\/wp\/v2\/product_tag?post=758"}],"curies":[{"name":"wp","href":"https:\/\/api.w.org\/{rel}","templated":true}]}}