{"id":83,"date":"2023-04-18T11:47:23","date_gmt":"2023-04-18T09:47:23","guid":{"rendered":"https:\/\/e-zfk.pl\/shop\/bez-kategorii\/bolix-wood-efect-panel-complet-10szt-33m2\/"},"modified":"2023-06-20T14:20:54","modified_gmt":"2023-06-20T12:20:54","slug":"bolix-wood-efect-panel-complet-10szt-33m2","status":"publish","type":"product","link":"https:\/\/e-zfk.pl\/de\/shop\/materialy-budowlane\/bolix\/bolix-wood-efect-panel-complet-10szt-33m2\/","title":{"rendered":"BOLIX HOLZ EFFEKT PANEEL KOMPLETT 10 ST\u00dcCK 3.3M2"},"content":{"rendered":"<h3>Eigenschaften<\/h3>\n<p>- auf den Untergrund aufgebrachtes Dekorationselement - Fassadenplatteneffekt<br \/>\ngetreue Wiedergabe des Aussehens des Holzes entlang der Maserung<br \/>\n- 10 Standard-Farbvarianten<br \/>\n- Einfacher Zusammenbau und Montage der einzelnen Komponenten<br \/>\n- hohe Schlagfestigkeit und Flexibilit\u00e4t<br \/>\n- ersetzt den Putz in WDVS-D\u00e4mmsystemen und auf unged\u00e4mmten Untergr\u00fcnden<\/p>\n<p>10 BL\u00c4TTER<\/p>\n<p><a href=\"https:\/\/e-zfk.pl\/wp-content\/uploads\/2023\/04\/6fadfd67b6779f85feeb5ba62ffc73a116af4f8b.pdf\">PRODUKTKARTE<\/a><\/p>","protected":false},"excerpt":{"rendered":"<p>VERBUNDPLATTE<\/p>","protected":false},"featured_media":1308,"comment_status":"closed","ping_status":"closed","template":"","meta":{"om_disable_all_campaigns":false,"inline_featured_image":false,"_monsterinsights_skip_tracking":false,"_monsterinsights_sitenote_active":false,"_monsterinsights_sitenote_note":"","_monsterinsights_sitenote_category":0,"_uf_show_specific_survey":0,"_uf_disable_surveys":false},"product_cat":[69,15],"product_tag":[],"class_list":["post-83","product","type-product","status-publish","has-post-thumbnail","hentry","product_cat-bolix","product_cat-materialy-budowlane"],"aioseo_notices":[],"_links":{"self":[{"href":"https:\/\/e-zfk.pl\/de\/wp-json\/wp\/v2\/product\/83","targetHints":{"allow":["GET"]}}],"collection":[{"href":"https:\/\/e-zfk.pl\/de\/wp-json\/wp\/v2\/product"}],"about":[{"href":"https:\/\/e-zfk.pl\/de\/wp-json\/wp\/v2\/types\/product"}],"replies":[{"embeddable":true,"href":"https:\/\/e-zfk.pl\/de\/wp-json\/wp\/v2\/comments?post=83"}],"wp:featuredmedia":[{"embeddable":true,"href":"https:\/\/e-zfk.pl\/de\/wp-json\/wp\/v2\/media\/1308"}],"wp:attachment":[{"href":"https:\/\/e-zfk.pl\/de\/wp-json\/wp\/v2\/media?parent=83"}],"wp:term":[{"taxonomy":"product_cat","embeddable":true,"href":"https:\/\/e-zfk.pl\/de\/wp-json\/wp\/v2\/product_cat?post=83"},{"taxonomy":"product_tag","embeddable":true,"href":"https:\/\/e-zfk.pl\/de\/wp-json\/wp\/v2\/product_tag?post=83"}],"curies":[{"name":"wp","href":"https:\/\/api.w.org\/{rel}","templated":true}]}}