{"id":85,"date":"2023-04-18T11:48:46","date_gmt":"2023-04-18T09:48:46","guid":{"rendered":"https:\/\/e-zfk.pl\/shop\/bez-kategorii\/4all-080655080-kolek-8mm-z-wkretem-x50\/"},"modified":"2023-06-20T14:27:51","modified_gmt":"2023-06-20T12:27:51","slug":"4all-080655080-kolek-8mm-z-wkretem-x50","status":"publish","type":"product","link":"https:\/\/e-zfk.pl\/de\/shop\/materialy-budowlane\/sruby-kotwy\/4all-080655080-kolek-8mm-z-wkretem-x50\/","title":{"rendered":"4ALL-08065+5080 D\u00dcBEL 8MM MIT SCHRAUBE X50"},"content":{"rendered":"<h2>Merkmale und Vorteile<\/h2>\n<ul>\n<li>Das einzigartige Innendesign erm\u00f6glicht eine stabile Schraubenf\u00fchrung.<\/li>\n<li>Die Rippen sind so geformt, dass sie die Haftung des D\u00fcbels in der Bohrung verst\u00e4rken.<\/li>\n<li>Eine Ummantelungstrennlinie, die dazu dient, die Kontaktfl\u00e4che zu maximieren, wenn die Ummantelung in Untergr\u00fcnden mit Hohlr\u00e4umen und Gipskartonplatten verdreht wird.<\/li>\n<li>Die einzigartige Methode der Vier-Wege-Expansion erm\u00f6glicht die Anwendung in jeder Art von Untergrund<\/li>\n<li>Robuste Konstruktion gew\u00e4hrleistet Langlebigkeit nach der Installation<\/li>\n<li>Die verdrehsicheren Fl\u00fcgel verst\u00e4rken die Haftung des D\u00fcbels in einer Vielzahl von Untergr\u00fcnden, einschlie\u00dflich weicher Mauerwerkssubstrate und Gipsplatten.<\/li>\n<li>50 ANTEILE<\/li>\n<li><a href=\"https:\/\/e-zfk.pl\/wp-content\/uploads\/2023\/04\/486913-1.pdf\">PRODUKTKARTE<\/a><\/li>\n<\/ul>","protected":false},"excerpt":{"rendered":"<p>D\u00dcBEL MIT SCHRAUBE<\/p>","protected":false},"featured_media":1314,"comment_status":"closed","ping_status":"closed","template":"","meta":{"om_disable_all_campaigns":false,"inline_featured_image":false,"_monsterinsights_skip_tracking":false,"_monsterinsights_sitenote_active":false,"_monsterinsights_sitenote_note":"","_monsterinsights_sitenote_category":0,"_uf_show_specific_survey":0,"_uf_disable_surveys":false},"product_cat":[56,15],"product_tag":[],"class_list":["post-85","product","type-product","status-publish","has-post-thumbnail","hentry","product_cat-sruby-kotwy","product_cat-materialy-budowlane"],"aioseo_notices":[],"_links":{"self":[{"href":"https:\/\/e-zfk.pl\/de\/wp-json\/wp\/v2\/product\/85","targetHints":{"allow":["GET"]}}],"collection":[{"href":"https:\/\/e-zfk.pl\/de\/wp-json\/wp\/v2\/product"}],"about":[{"href":"https:\/\/e-zfk.pl\/de\/wp-json\/wp\/v2\/types\/product"}],"replies":[{"embeddable":true,"href":"https:\/\/e-zfk.pl\/de\/wp-json\/wp\/v2\/comments?post=85"}],"wp:featuredmedia":[{"embeddable":true,"href":"https:\/\/e-zfk.pl\/de\/wp-json\/wp\/v2\/media\/1314"}],"wp:attachment":[{"href":"https:\/\/e-zfk.pl\/de\/wp-json\/wp\/v2\/media?parent=85"}],"wp:term":[{"taxonomy":"product_cat","embeddable":true,"href":"https:\/\/e-zfk.pl\/de\/wp-json\/wp\/v2\/product_cat?post=85"},{"taxonomy":"product_tag","embeddable":true,"href":"https:\/\/e-zfk.pl\/de\/wp-json\/wp\/v2\/product_tag?post=85"}],"curies":[{"name":"wp","href":"https:\/\/api.w.org\/{rel}","templated":true}]}}